{"id":1091,"date":"2020-02-10T13:59:37","date_gmt":"2020-02-10T12:59:37","guid":{"rendered":"https:\/\/quintsysteme.com\/blog\/quint\/?page_id=1091"},"modified":"2020-02-10T13:59:38","modified_gmt":"2020-02-10T12:59:38","slug":"test-typographie","status":"publish","type":"page","link":"https:\/\/quintsysteme.com\/blog\/quint\/about\/test-typographie\/","title":{"rendered":"Test Typographie"},"content":{"rendered":"<h1>\u00dcberschrift 1<\/h1>\n<p class=\"bodytext\">Quintsysteme GmbH<br \/>\nWienerstra\u00dfe 45<br \/>\nA-3100 St. P\u00f6lten<br \/>\n\u00d6sterreich<\/p>\n<p class=\"bodytext\">T:\u00a0 +43 (2742)\u00a0313170-0<br \/>\nF:\u00a0 +43 (2742)\u00a0313170-19<br \/>\n<a class=\"mail\" title=\"Opens window for sending email\" href=\"mailto:office@quintsysteme.com\">office(at)quintsysteme.com<\/a><br \/>\n<a href=\"http:\/\/www.quintsysteme.com\/\" target=\"_blank\" rel=\"noopener noreferrer\">http:\/\/quintsysteme.com<\/a><\/p>\n<p class=\"bodytext\">\n<h2>\u00dcberschrift 2<\/h2>\n<h3>\u00dcberschrift 3<b><br \/>\n<\/b><\/h3>\n<p class=\"bodytext\">Als Diensteanbieter sind wir gem\u00e4\u00df \u00a7 7 Abs.1 TMG f\u00fcr eigene Inhalte auf diesen Seiten nach den allgemeinen Gesetzen verantwortlich. Nach \u00a7\u00a7 8 bis 10 TMG sind wir als Diensteanbieter jedoch nicht verpflichtet, \u00fcbermittelte oder gespeicherte fremde Informationen zu \u00fcberwachen oder nach Umst\u00e4nden zu forschen, die auf eine rechtswidrige T\u00e4tigkeit hinweisen. Verpflichtungen zur Entfernung oder Sperrung der Nutzung von Informationen nach den allgemeinen Gesetzen bleiben hiervon unber\u00fchrt. Eine diesbez\u00fcgliche Haftung ist jedoch erst ab dem Zeitpunkt der Kenntnis einer konkreten Rechtsverletzung m\u00f6glich. Bei Bekanntwerden von entsprechenden Rechtsverletzungen werden wir diese Inhalte umgehend entfernen.<\/p>\n<h4 class=\"bodytext\">\u00dcberschrift 4<\/h4>\n<p class=\"bodytext\">Unser Angebot enth\u00e4lt Links zu externen Webseiten Dritter, auf deren Inhalte wir keinen Einfluss haben. Deshalb k\u00f6nnen wir f\u00fcr diese fremden Inhalte auch keine Gew\u00e4hr \u00fcbernehmen. F\u00fcr die Inhalte der verlinkten Seiten ist stets der jeweilige Anbieter oder Betreiber der Seiten verantwortlich. Die verlinkten Seiten wurden zum Zeitpunkt der Verlinkung auf m\u00f6gliche Rechtsverst\u00f6\u00dfe \u00fcberpr\u00fcft. Rechtswidrige Inhalte waren zum Zeitpunkt der Verlinkung nicht erkennbar. Eine permanente inhaltliche Kontrolle der verlinkten Seiten ist jedoch ohne konkrete Anhaltspunkte einer Rechtsverletzung nicht zumutbar. Bei Bekanntwerden von Rechtsverletzungen werden wir derartige Links umgehend entfernen.<\/p>\n<p class=\"bodytext\">\n","protected":false},"excerpt":{"rendered":"<p>\u00dcberschrift 1 Quintsysteme GmbH Wienerstra\u00dfe 45 A-3100 St. P\u00f6lten \u00d6sterreich T:\u00a0 +43 (2742)\u00a0313170-0 F:\u00a0 +43 (2742)\u00a0313170-19 office(at)quintsysteme.com http:\/\/quintsysteme.com \u00dcberschrift 2 \u00dcberschrift 3 Als Diensteanbieter sind wir gem\u00e4\u00df \u00a7 7 Abs.1&#8230;<\/p>\n","protected":false},"author":1,"featured_media":0,"parent":647,"menu_order":1,"comment_status":"closed","ping_status":"closed","template":"","meta":[],"yoast_head":"<!-- This site is optimized with the Yoast SEO plugin v20.3 - https:\/\/yoast.com\/wordpress\/plugins\/seo\/ -->\n<title>Test Typographie - Quintsysteme<\/title>\n<meta name=\"robots\" content=\"index, follow, max-snippet:-1, max-image-preview:large, max-video-preview:-1\" \/>\n<link rel=\"canonical\" href=\"https:\/\/quintsysteme.com\/blog\/quint\/about\/test-typographie\/\" \/>\n<meta property=\"og:locale\" content=\"de_DE\" \/>\n<meta property=\"og:type\" content=\"article\" \/>\n<meta property=\"og:title\" content=\"Test Typographie - Quintsysteme\" \/>\n<meta property=\"og:description\" content=\"\u00dcberschrift 1 Quintsysteme GmbH Wienerstra\u00dfe 45 A-3100 St. P\u00f6lten \u00d6sterreich T:\u00a0 +43 (2742)\u00a0313170-0 F:\u00a0 +43 (2742)\u00a0313170-19 office(at)quintsysteme.com http:\/\/quintsysteme.com \u00dcberschrift 2 \u00dcberschrift 3 Als Diensteanbieter sind wir gem\u00e4\u00df \u00a7 7 Abs.1...\" \/>\n<meta property=\"og:url\" content=\"https:\/\/quintsysteme.com\/blog\/quint\/about\/test-typographie\/\" \/>\n<meta property=\"og:site_name\" content=\"Quintsysteme\" \/>\n<meta property=\"article:modified_time\" content=\"2020-02-10T12:59:38+00:00\" \/>\n<meta name=\"twitter:card\" content=\"summary_large_image\" \/>\n<meta name=\"twitter:label1\" content=\"Gesch\u00e4tzte Lesezeit\" \/>\n\t<meta name=\"twitter:data1\" content=\"1\u00a0Minute\" \/>\n<script type=\"application\/ld+json\" class=\"yoast-schema-graph\">{\"@context\":\"https:\/\/schema.org\",\"@graph\":[{\"@type\":\"WebPage\",\"@id\":\"https:\/\/quintsysteme.com\/blog\/quint\/about\/test-typographie\/\",\"url\":\"https:\/\/quintsysteme.com\/blog\/quint\/about\/test-typographie\/\",\"name\":\"Test Typographie - Quintsysteme\",\"isPartOf\":{\"@id\":\"https:\/\/quintsysteme.com\/blog\/quint\/#website\"},\"datePublished\":\"2020-02-10T12:59:37+00:00\",\"dateModified\":\"2020-02-10T12:59:38+00:00\",\"breadcrumb\":{\"@id\":\"https:\/\/quintsysteme.com\/blog\/quint\/about\/test-typographie\/#breadcrumb\"},\"inLanguage\":\"de\",\"potentialAction\":[{\"@type\":\"ReadAction\",\"target\":[\"https:\/\/quintsysteme.com\/blog\/quint\/about\/test-typographie\/\"]}]},{\"@type\":\"BreadcrumbList\",\"@id\":\"https:\/\/quintsysteme.com\/blog\/quint\/about\/test-typographie\/#breadcrumb\",\"itemListElement\":[{\"@type\":\"ListItem\",\"position\":1,\"name\":\"Startseite\",\"item\":\"https:\/\/quintsysteme.com\/blog\/quint\/\"},{\"@type\":\"ListItem\",\"position\":2,\"name\":\"About\",\"item\":\"https:\/\/quintsysteme.com\/blog\/quint\/about\/\"},{\"@type\":\"ListItem\",\"position\":3,\"name\":\"Test Typographie\"}]},{\"@type\":\"WebSite\",\"@id\":\"https:\/\/quintsysteme.com\/blog\/quint\/#website\",\"url\":\"https:\/\/quintsysteme.com\/blog\/quint\/\",\"name\":\"Quintsysteme\",\"description\":\"Digitale Informationstherapie mit Tiefgang\",\"potentialAction\":[{\"@type\":\"SearchAction\",\"target\":{\"@type\":\"EntryPoint\",\"urlTemplate\":\"https:\/\/quintsysteme.com\/blog\/quint\/?s={search_term_string}\"},\"query-input\":\"required name=search_term_string\"}],\"inLanguage\":\"de\"}]}<\/script>\n<!-- \/ Yoast SEO plugin. -->","yoast_head_json":{"title":"Test Typographie - Quintsysteme","robots":{"index":"index","follow":"follow","max-snippet":"max-snippet:-1","max-image-preview":"max-image-preview:large","max-video-preview":"max-video-preview:-1"},"canonical":"https:\/\/quintsysteme.com\/blog\/quint\/about\/test-typographie\/","og_locale":"de_DE","og_type":"article","og_title":"Test Typographie - Quintsysteme","og_description":"\u00dcberschrift 1 Quintsysteme GmbH Wienerstra\u00dfe 45 A-3100 St. P\u00f6lten \u00d6sterreich T:\u00a0 +43 (2742)\u00a0313170-0 F:\u00a0 +43 (2742)\u00a0313170-19 office(at)quintsysteme.com http:\/\/quintsysteme.com \u00dcberschrift 2 \u00dcberschrift 3 Als Diensteanbieter sind wir gem\u00e4\u00df \u00a7 7 Abs.1...","og_url":"https:\/\/quintsysteme.com\/blog\/quint\/about\/test-typographie\/","og_site_name":"Quintsysteme","article_modified_time":"2020-02-10T12:59:38+00:00","twitter_card":"summary_large_image","twitter_misc":{"Gesch\u00e4tzte Lesezeit":"1\u00a0Minute"},"schema":{"@context":"https:\/\/schema.org","@graph":[{"@type":"WebPage","@id":"https:\/\/quintsysteme.com\/blog\/quint\/about\/test-typographie\/","url":"https:\/\/quintsysteme.com\/blog\/quint\/about\/test-typographie\/","name":"Test Typographie - Quintsysteme","isPartOf":{"@id":"https:\/\/quintsysteme.com\/blog\/quint\/#website"},"datePublished":"2020-02-10T12:59:37+00:00","dateModified":"2020-02-10T12:59:38+00:00","breadcrumb":{"@id":"https:\/\/quintsysteme.com\/blog\/quint\/about\/test-typographie\/#breadcrumb"},"inLanguage":"de","potentialAction":[{"@type":"ReadAction","target":["https:\/\/quintsysteme.com\/blog\/quint\/about\/test-typographie\/"]}]},{"@type":"BreadcrumbList","@id":"https:\/\/quintsysteme.com\/blog\/quint\/about\/test-typographie\/#breadcrumb","itemListElement":[{"@type":"ListItem","position":1,"name":"Startseite","item":"https:\/\/quintsysteme.com\/blog\/quint\/"},{"@type":"ListItem","position":2,"name":"About","item":"https:\/\/quintsysteme.com\/blog\/quint\/about\/"},{"@type":"ListItem","position":3,"name":"Test Typographie"}]},{"@type":"WebSite","@id":"https:\/\/quintsysteme.com\/blog\/quint\/#website","url":"https:\/\/quintsysteme.com\/blog\/quint\/","name":"Quintsysteme","description":"Digitale Informationstherapie mit Tiefgang","potentialAction":[{"@type":"SearchAction","target":{"@type":"EntryPoint","urlTemplate":"https:\/\/quintsysteme.com\/blog\/quint\/?s={search_term_string}"},"query-input":"required name=search_term_string"}],"inLanguage":"de"}]}},"_links":{"self":[{"href":"https:\/\/quintsysteme.com\/blog\/quint\/wp-json\/wp\/v2\/pages\/1091"}],"collection":[{"href":"https:\/\/quintsysteme.com\/blog\/quint\/wp-json\/wp\/v2\/pages"}],"about":[{"href":"https:\/\/quintsysteme.com\/blog\/quint\/wp-json\/wp\/v2\/types\/page"}],"author":[{"embeddable":true,"href":"https:\/\/quintsysteme.com\/blog\/quint\/wp-json\/wp\/v2\/users\/1"}],"replies":[{"embeddable":true,"href":"https:\/\/quintsysteme.com\/blog\/quint\/wp-json\/wp\/v2\/comments?post=1091"}],"version-history":[{"count":1,"href":"https:\/\/quintsysteme.com\/blog\/quint\/wp-json\/wp\/v2\/pages\/1091\/revisions"}],"predecessor-version":[{"id":1092,"href":"https:\/\/quintsysteme.com\/blog\/quint\/wp-json\/wp\/v2\/pages\/1091\/revisions\/1092"}],"up":[{"embeddable":true,"href":"https:\/\/quintsysteme.com\/blog\/quint\/wp-json\/wp\/v2\/pages\/647"}],"wp:attachment":[{"href":"https:\/\/quintsysteme.com\/blog\/quint\/wp-json\/wp\/v2\/media?parent=1091"}],"curies":[{"name":"wp","href":"https:\/\/api.w.org\/{rel}","templated":true}]}}