{"id":1196,"date":"2020-02-14T13:26:31","date_gmt":"2020-02-14T12:26:31","guid":{"rendered":"https:\/\/quintsysteme.com\/blog\/quint\/?page_id=1196"},"modified":"2020-02-28T15:55:09","modified_gmt":"2020-02-28T14:55:09","slug":"kontakt","status":"publish","type":"page","link":"https:\/\/quintsysteme.com\/blog\/quint\/kontakt\/","title":{"rendered":"Kontakt"},"content":{"rendered":"[vc_row type=&#8220;in_container&#8220; full_screen_row_position=&#8220;middle&#8220; column_margin=&#8220;default&#8220; scene_position=&#8220;center&#8220; text_color=&#8220;dark&#8220; text_align=&#8220;left&#8220; top_padding=&#8220;50&#8243; overlay_strength=&#8220;0.3&#8243; shape_divider_position=&#8220;bottom&#8220; bg_image_animation=&#8220;none&#8220; shape_type=&#8220;&#8220;][vc_column column_padding=&#8220;no-extra-padding&#8220; column_padding_position=&#8220;all&#8220; background_color_opacity=&#8220;1&#8243; background_hover_color_opacity=&#8220;1&#8243; column_link_target=&#8220;_self&#8220; column_shadow=&#8220;none&#8220; column_border_radius=&#8220;none&#8220; width=&#8220;2\/3&#8243; tablet_width_inherit=&#8220;default&#8220; tablet_text_alignment=&#8220;default&#8220; phone_text_alignment=&#8220;default&#8220; overlay_strength=&#8220;0.3&#8243; column_border_width=&#8220;none&#8220; column_border_style=&#8220;solid&#8220; bg_image_animation=&#8220;none&#8220;][vc_column_text css=&#8220;.vc_custom_1582901800045{margin-bottom: 20px !important;}&#8220;]Gerne erhalten Sie von uns detaillierte Informationen \u00fcber die Holopathie und unsere Produkte sowie Zugangsdaten f\u00fcr die passwortgesch\u00fctzten Bereiche unserer Website. Rufen Sie uns einfach an (<a href=\"#kontaktdaten\">Kontaktdaten<\/a> siehe Info-Box auf dieser Seite) oder f\u00fcllen Sie das nachstehende Formular aus.[\/vc_column_text]\n<div class=\"wpcf7 no-js\" id=\"wpcf7-f1226-o1\" lang=\"de-DE\" dir=\"ltr\">\n<div class=\"screen-reader-response\"><p role=\"status\" aria-live=\"polite\" aria-atomic=\"true\"><\/p> <ul><\/ul><\/div>\n<form action=\"\/blog\/quint\/wp-json\/wp\/v2\/pages\/1196#wpcf7-f1226-o1\" method=\"post\" class=\"wpcf7-form init wpcf7-acceptance-as-validation\" aria-label=\"Kontaktformular\" novalidate=\"novalidate\" data-status=\"init\">\n<div style=\"display: none;\">\n<input type=\"hidden\" name=\"_wpcf7\" value=\"1226\" \/>\n<input type=\"hidden\" name=\"_wpcf7_version\" value=\"5.7.6\" \/>\n<input type=\"hidden\" name=\"_wpcf7_locale\" value=\"de_DE\" \/>\n<input type=\"hidden\" name=\"_wpcf7_unit_tag\" value=\"wpcf7-f1226-o1\" \/>\n<input type=\"hidden\" name=\"_wpcf7_container_post\" value=\"0\" \/>\n<input type=\"hidden\" name=\"_wpcf7_posted_data_hash\" value=\"\" \/>\n<input type=\"hidden\" name=\"_wpcf7_recaptcha_response\" value=\"\" \/>\n<\/div>\n<h4>Was k\u00f6nnen wir f\u00fcr Sie tun?\n<\/h4>\n<p><span class=\"wpcf7-form-control-wrap\" data-name=\"Kundenwunsch\"><span class=\"wpcf7-form-control wpcf7-checkbox checkboxen\"><span class=\"wpcf7-list-item first\"><label><input type=\"checkbox\" name=\"Kundenwunsch[]\" value=\"Ich m\u00f6chte mich f\u00fcr den passwortgesch\u00fctzten Bereich der Website registrieren (Forum, QuintPedia, Downloads) und h\u00e4tte gerne kostenlose Zugangsdaten\" \/><span class=\"wpcf7-list-item-label\">Ich m\u00f6chte mich f\u00fcr den passwortgesch\u00fctzten Bereich der Website registrieren (Forum, QuintPedia, Downloads) und h\u00e4tte gerne kostenlose Zugangsdaten<\/span><\/label><\/span><span class=\"wpcf7-list-item\"><label><input type=\"checkbox\" name=\"Kundenwunsch[]\" value=\"Bitte senden Sie mir ausf\u00fchrliche Informationen \u00fcber die Holopathie per Post\" \/><span class=\"wpcf7-list-item-label\">Bitte senden Sie mir ausf\u00fchrliche Informationen \u00fcber die Holopathie per Post<\/span><\/label><\/span><span class=\"wpcf7-list-item\"><label><input type=\"checkbox\" name=\"Kundenwunsch[]\" value=\"Bitte senden Sie mir ausf\u00fchrliche Informationen \u00fcber die Holopathie per E-Mail\" \/><span class=\"wpcf7-list-item-label\">Bitte senden Sie mir ausf\u00fchrliche Informationen \u00fcber die Holopathie per E-Mail<\/span><\/label><\/span><span class=\"wpcf7-list-item\"><label><input type=\"checkbox\" name=\"Kundenwunsch[]\" value=\"Ich bestelle das Buch &bdquo;Zeit der Plagen&ldquo; von Dr. Christian Steiner (Preis: EUR 17,90. Zusendung versandkostenfrei gegen Rechnung)\" \/><span class=\"wpcf7-list-item-label\">Ich bestelle das Buch &bdquo;Zeit der Plagen&ldquo; von Dr. Christian Steiner (Preis: EUR 17,90. Zusendung versandkostenfrei gegen Rechnung)<\/span><\/label><\/span><span class=\"wpcf7-list-item\"><label><input type=\"checkbox\" name=\"Kundenwunsch[]\" value=\"Ich habe Fragen und m\u00f6chte mit einem qualifizierten Anwendungsberater sprechen. Bitte rufen Sie mich an\" \/><span class=\"wpcf7-list-item-label\">Ich habe Fragen und m\u00f6chte mit einem qualifizierten Anwendungsberater sprechen. Bitte rufen Sie mich an<\/span><\/label><\/span><span class=\"wpcf7-list-item\"><label><input type=\"checkbox\" name=\"Kundenwunsch[]\" value=\"Ich h\u00e4tte gerne eine unverbindliche Vorf\u00fchrung der QuintStation in meiner Praxis\" \/><span class=\"wpcf7-list-item-label\">Ich h\u00e4tte gerne eine unverbindliche Vorf\u00fchrung der QuintStation in meiner Praxis<\/span><\/label><\/span><span class=\"wpcf7-list-item\"><label><input type=\"checkbox\" name=\"Kundenwunsch[]\" value=\"Ich h\u00e4tte gerne eine unverbindliche Vorf\u00fchrung der QuintStation \u00fcber das Internet\" \/><span class=\"wpcf7-list-item-label\">Ich h\u00e4tte gerne eine unverbindliche Vorf\u00fchrung der QuintStation \u00fcber das Internet<\/span><\/label><\/span><span class=\"wpcf7-list-item\"><label><input type=\"checkbox\" name=\"Kundenwunsch[]\" value=\"Ich m\u00f6chte die QuintStation in meiner Praxis testen\" \/><span class=\"wpcf7-list-item-label\">Ich m\u00f6chte die QuintStation in meiner Praxis testen<\/span><\/label><\/span><span class=\"wpcf7-list-item\"><label><input type=\"checkbox\" name=\"Kundenwunsch[]\" value=\"Ich m\u00f6chte mit einem Holopathie-Anwender \u00fcber seine Erfahrungen sprechen. Bitte senden Sie mir Kontaktinformationen von Referenzen\" \/><span class=\"wpcf7-list-item-label\">Ich m\u00f6chte mit einem Holopathie-Anwender \u00fcber seine Erfahrungen sprechen. Bitte senden Sie mir Kontaktinformationen von Referenzen<\/span><\/label><\/span><span class=\"wpcf7-list-item last\"><label><input type=\"checkbox\" name=\"Kundenwunsch[]\" value=\"Bitte senden Sie mir kostenlos und unverbindlich eine Demo-Version der Software QuintSpectrum\" \/><span class=\"wpcf7-list-item-label\">Bitte senden Sie mir kostenlos und unverbindlich eine Demo-Version der Software QuintSpectrum<\/span><\/label><\/span><\/span><\/span>\n<\/p>\n<h4>Sonstiges \/ Anmerkungen\n<\/h4>\n<p><span class=\"wpcf7-form-control-wrap\" data-name=\"Anmerkungen\"><textarea cols=\"40\" rows=\"3\" class=\"wpcf7-form-control wpcf7-textarea\" aria-invalid=\"false\" placeholder=\"M\u00f6chten Sie uns noch etwas mitteilen oder haben Sie Fragen?\" name=\"Anmerkungen\"><\/textarea><\/span>\n<\/p>\n<h4>Ich melde mich zu folgender Veranstaltung an\n<\/h4>\n<p><span class=\"wpcf7-form-control-wrap\" data-name=\"Seminar\"><span class=\"wpcf7-form-control wpcf7-checkbox checkboxen\"><span class=\"wpcf7-list-item first\"><label><input type=\"checkbox\" name=\"Seminar[]\" value=\"Einf\u00fchrungsseminar 29.02. - 01.03.2020 in Anthering bei Salzburg\" \/><span class=\"wpcf7-list-item-label\">Einf\u00fchrungsseminar 29.02. - 01.03.2020 in Anthering bei Salzburg<\/span><\/label><\/span><span class=\"wpcf7-list-item\"><label><input type=\"checkbox\" name=\"Seminar[]\" value=\"Einf\u00fchrungsseminar 29.02.2020 in Anthering bei Salzburg (nur Samstag)\" \/><span class=\"wpcf7-list-item-label\">Einf\u00fchrungsseminar 29.02.2020 in Anthering bei Salzburg (nur Samstag)<\/span><\/label><\/span><span class=\"wpcf7-list-item\"><label><input type=\"checkbox\" name=\"Seminar[]\" value=\"Einf\u00fchrungsseminar 20.06. - 21.06.2020 in Anthering bei Salzburg\" \/><span class=\"wpcf7-list-item-label\">Einf\u00fchrungsseminar 20.06. - 21.06.2020 in Anthering bei Salzburg<\/span><\/label><\/span><span class=\"wpcf7-list-item\"><label><input type=\"checkbox\" name=\"Seminar[]\" value=\"Einf\u00fchrungsseminar 20.06.2020 in Anthering bei Salzburg (nur Samstag)\" \/><span class=\"wpcf7-list-item-label\">Einf\u00fchrungsseminar 20.06.2020 in Anthering bei Salzburg (nur Samstag)<\/span><\/label><\/span><span class=\"wpcf7-list-item\"><label><input type=\"checkbox\" name=\"Seminar[]\" value=\"Einf\u00fchrungsseminar 14.11. - 15.11.2020 in Anthering bei Salzburg\" \/><span class=\"wpcf7-list-item-label\">Einf\u00fchrungsseminar 14.11. - 15.11.2020 in Anthering bei Salzburg<\/span><\/label><\/span><span class=\"wpcf7-list-item\"><label><input type=\"checkbox\" name=\"Seminar[]\" value=\"Einf\u00fchrungsseminar 14.11.2020 in Anthering bei Salzburg (nur Samstag)\" \/><span class=\"wpcf7-list-item-label\">Einf\u00fchrungsseminar 14.11.2020 in Anthering bei Salzburg (nur Samstag)<\/span><\/label><\/span><span class=\"wpcf7-list-item\"><label><input type=\"checkbox\" name=\"Seminar[]\" value=\"Fortgeschrittenenseminar 27.06. - 28.06.2020 in Anthering bei Salzburg\" \/><span class=\"wpcf7-list-item-label\">Fortgeschrittenenseminar 27.06. - 28.06.2020 in Anthering bei Salzburg<\/span><\/label><\/span><span class=\"wpcf7-list-item\"><label><input type=\"checkbox\" name=\"Seminar[]\" value=\"Fortgeschrittenenseminar 28.11. - 29.11.2020 in Anthering bei Salzburg\" \/><span class=\"wpcf7-list-item-label\">Fortgeschrittenenseminar 28.11. - 29.11.2020 in Anthering bei Salzburg<\/span><\/label><\/span><span class=\"wpcf7-list-item\"><label><input type=\"checkbox\" name=\"Seminar[]\" value=\"Testtechnik Seminar 21.03. - 22.03.2020 in Anthering bei Salzburg\" \/><span class=\"wpcf7-list-item-label\">Testtechnik Seminar 21.03. - 22.03.2020 in Anthering bei Salzburg<\/span><\/label><\/span><span class=\"wpcf7-list-item\"><label><input type=\"checkbox\" name=\"Seminar[]\" value=\"Testtechnik Seminar 19.09. - 20.09.2020 in Anthering bei Salzburg\" \/><span class=\"wpcf7-list-item-label\">Testtechnik Seminar 19.09. - 20.09.2020 in Anthering bei Salzburg<\/span><\/label><\/span><span class=\"wpcf7-list-item\"><label><input type=\"checkbox\" name=\"Seminar[]\" value=\"Praxisworkshop 16.05.2020 in St. P\u00f6lten\" \/><span class=\"wpcf7-list-item-label\">Praxisworkshop 16.05.2020 in St. P\u00f6lten<\/span><\/label><\/span><span class=\"wpcf7-list-item last\"><label><input type=\"checkbox\" name=\"Seminar[]\" value=\"Praxisworkshop 05.12.2020 in St. P\u00f6lten\" \/><span class=\"wpcf7-list-item-label\">Praxisworkshop 05.12.2020 in St. P\u00f6lten<\/span><\/label><\/span><\/span><\/span>\n<\/p>\n<h4>Meine Daten\n<\/h4>\n<p><label> Titel (vor dem Namen)<br \/>\n<span class=\"wpcf7-form-control-wrap\" data-name=\"titel-vor\"><input size=\"40\" class=\"wpcf7-form-control wpcf7-text\" aria-invalid=\"false\" value=\"\" type=\"text\" name=\"titel-vor\" \/><\/span> <\/label><br \/>\n<label> Vorname (Pflichtfeld)<br \/>\n<span class=\"wpcf7-form-control-wrap\" data-name=\"vorname\"><input size=\"40\" class=\"wpcf7-form-control wpcf7-text wpcf7-validates-as-required\" aria-required=\"true\" aria-invalid=\"false\" value=\"\" type=\"text\" name=\"vorname\" \/><\/span> <\/label><br \/>\n<label> Nachname (Pflichtfeld)<br \/>\n<span class=\"wpcf7-form-control-wrap\" data-name=\"nachname\"><input size=\"40\" class=\"wpcf7-form-control wpcf7-text wpcf7-validates-as-required\" aria-required=\"true\" aria-invalid=\"false\" value=\"\" type=\"text\" name=\"nachname\" \/><\/span> <\/label><br \/>\n<label> Titel (nach dem Namen)<br \/>\n<span class=\"wpcf7-form-control-wrap\" data-name=\"titel-nach\"><input size=\"40\" class=\"wpcf7-form-control wpcf7-text\" aria-invalid=\"false\" value=\"\" type=\"text\" name=\"titel-nach\" \/><\/span> <\/label><br \/>\n<label> Beruf \/ Fachrichtung<br \/>\n<span class=\"wpcf7-form-control-wrap\" data-name=\"beruf\"><input size=\"40\" class=\"wpcf7-form-control wpcf7-text\" aria-invalid=\"false\" value=\"\" type=\"text\" name=\"beruf\" \/><\/span> <\/label><br \/>\n<label> Institut \/ Firma<br \/>\n<span class=\"wpcf7-form-control-wrap\" data-name=\"firma\"><input size=\"40\" class=\"wpcf7-form-control wpcf7-text\" aria-invalid=\"false\" value=\"\" type=\"text\" name=\"firma\" \/><\/span> <\/label><br \/>\n<label> Stra\u00dfe, Hausnummer<br \/>\n<span class=\"wpcf7-form-control-wrap\" data-name=\"strasse\"><input size=\"40\" class=\"wpcf7-form-control wpcf7-text\" aria-invalid=\"false\" value=\"\" type=\"text\" name=\"strasse\" \/><\/span> <\/label><br \/>\n<label> Postleitzahl<br \/>\n<span class=\"wpcf7-form-control-wrap\" data-name=\"plz\"><input size=\"40\" class=\"wpcf7-form-control wpcf7-text\" aria-invalid=\"false\" value=\"\" type=\"text\" name=\"plz\" \/><\/span> <\/label><br \/>\n<label> Ort<br \/>\n<span class=\"wpcf7-form-control-wrap\" data-name=\"ort\"><input size=\"40\" class=\"wpcf7-form-control wpcf7-text\" aria-invalid=\"false\" value=\"\" type=\"text\" name=\"ort\" \/><\/span> <\/label><br \/>\n<label> Land<br \/>\n<span class=\"wpcf7-form-control-wrap\" data-name=\"land\"><input size=\"40\" class=\"wpcf7-form-control wpcf7-text\" aria-invalid=\"false\" value=\"\" type=\"text\" name=\"land\" \/><\/span> <\/label><br \/>\n<label> Telefon<br \/>\n<span class=\"wpcf7-form-control-wrap\" data-name=\"tel\"><input size=\"40\" class=\"wpcf7-form-control wpcf7-text wpcf7-tel wpcf7-validates-as-tel\" aria-invalid=\"false\" value=\"\" type=\"tel\" name=\"tel\" \/><\/span> <\/label><br \/>\n<label> E-Mail-Adresse (Pflichtfeld)<br \/>\n<span class=\"wpcf7-form-control-wrap\" data-name=\"email\"><input size=\"40\" class=\"wpcf7-form-control wpcf7-text wpcf7-email wpcf7-validates-as-required wpcf7-validates-as-email\" aria-required=\"true\" aria-invalid=\"false\" value=\"\" type=\"email\" name=\"email\" \/><\/span> <\/label>\n<\/p>\n<p><label> Wie haben Sie von uns geh\u00f6rt?<br \/>\n<span class=\"wpcf7-form-control-wrap\" data-name=\"referrer\"><select class=\"wpcf7-form-control wpcf7-select\" aria-invalid=\"false\" name=\"referrer\"><option value=\"Bitte w\u00e4hlen Sie aus\">Bitte w\u00e4hlen Sie aus<\/option><option value=\"Bin bereits Kunde\">Bin bereits Kunde<\/option><option value=\"Internet-Suchmaschine\">Internet-Suchmaschine<\/option><option value=\"Internet Werbung\">Internet Werbung<\/option><option value=\"Internet Link von einer anderen Website\">Internet Link von einer anderen Website<\/option><option value=\"\u00dcber eine(n) Quint-Anwender(in)\">\u00dcber eine(n) Quint-Anwender(in)<\/option><option value=\"\u00dcber eine(n) Patient(in) \/ Klient(in)\">\u00dcber eine(n) Patient(in) \/ Klient(in)<\/option><option value=\"Medienberichte\">Medienberichte<\/option><option value=\"Print-Werbung\">Print-Werbung<\/option><option value=\"Messe \/ Ausstellung\">Messe \/ Ausstellung<\/option><option value=\"Sonstiges\">Sonstiges<\/option><\/select><\/span><br \/>\n<\/label>\n<\/p>\n<p>Zustimmung zur Datenschutzerkl\u00e4rung (Pflichtfeld):<br \/>\n<span class=\"wpcf7-form-control-wrap\" data-name=\"zustimmung\"><span class=\"wpcf7-form-control wpcf7-acceptance\"><span class=\"wpcf7-list-item\"><label><input type=\"checkbox\" name=\"zustimmung\" value=\"1\" aria-invalid=\"false\" \/><span class=\"wpcf7-list-item-label\">Ich bin mit der <a href=\"https:\/\/quintsysteme.com\/blog\/quint\/about\/datenschutzerklaerung\/\">Datenschutzerkl\u00e4rung der QuintSysteme GmbH <\/a> einverstanden<\/span><\/label><\/span><\/span><\/span>\n<\/p>\n<p><span class=\"xklein\">Dieses Formular ist durch ReCaptcha gesch\u00fctzt und es gelten die <a href=\"https:\/\/policies.google.com\/privacy\">Datenschutzbestimmungen<\/a> und <a href=\"https:\/\/policies.google.com\/terms\">Nutzungsbedingungen<\/a> von Google.<\/span>\n<\/p>\n<p><input class=\"wpcf7-form-control has-spinner wpcf7-submit\" type=\"submit\" value=\"Senden\" \/>\n<\/p><div class=\"wpcf7-response-output\" aria-hidden=\"true\"><\/div>\n<\/form>\n<\/div>\n[\/vc_column][vc_column column_padding=&#8220;padding-2-percent&#8220; column_padding_position=&#8220;all&#8220; background_color=&#8220;#eaeaea&#8220; background_color_opacity=&#8220;1&#8243; background_color_hover=&#8220;#f2f2f2&#8243; background_hover_color_opacity=&#8220;1&#8243; column_link_target=&#8220;_self&#8220; column_shadow=&#8220;none&#8220; column_border_radius=&#8220;none&#8220; width=&#8220;1\/3&#8243; tablet_width_inherit=&#8220;default&#8220; tablet_text_alignment=&#8220;default&#8220; phone_text_alignment=&#8220;default&#8220; overlay_strength=&#8220;0.3&#8243; column_border_width=&#8220;none&#8220; column_border_style=&#8220;solid&#8220; bg_image_animation=&#8220;none&#8220;][vc_column_text]\n<h3 id=\"kontaktdaten\">Kontaktdaten<\/h3>\n<p class=\"bodytext\">Quintsysteme GmbH<br \/>\nWienerstr. 45<br \/>\nA-3100 St. P\u00f6lten<br \/>\n\u00d6sterreich<\/p>\n<p class=\"bodytext\">T:\u00a0 +43 (2742)\u00a0313170-0<br \/>\nF:\u00a0 +43 (2742)\u00a0313170-19<\/p>\n<p>Servicenummern f\u00fcr Deutschland<br \/>\n(max. 12 Ct\/Min aus dem dt. Festnetz):<br \/>\nT:\u00a0 0700 313 170 00<br \/>\nF:\u00a0 0700 313 170 19<\/p>\n<p class=\"bodytext\">Unsere B\u00fcrozeiten:<br \/>\nMo-Do 08.00 &#8211; 15.00<br \/>\nFr 08.00 &#8211; 12.00<\/p>\n<p><a href=\"mailto:office@quintsysteme.com\">office(at)quintsysteme.com<\/a><\/p>\n<p><a href=\"https:\/\/quintsysteme.com\/blog\/quint\/about\/impressum\/\">Impressum<\/a>[\/vc_column_text][\/vc_column][vc_column column_padding=&#8220;no-extra-padding&#8220; column_padding_position=&#8220;all&#8220; background_color_opacity=&#8220;1&#8243; background_hover_color_opacity=&#8220;1&#8243; column_link_target=&#8220;_self&#8220; column_shadow=&#8220;none&#8220; column_border_radius=&#8220;none&#8220; width=&#8220;1\/1&#8243; tablet_width_inherit=&#8220;default&#8220; tablet_text_alignment=&#8220;default&#8220; phone_text_alignment=&#8220;default&#8220; overlay_strength=&#8220;0.3&#8243; column_border_width=&#8220;none&#8220; column_border_style=&#8220;solid&#8220; bg_image_animation=&#8220;none&#8220;][\/vc_column][\/vc_row]\n","protected":false},"excerpt":{"rendered":"<p>[vc_row type=&#8220;in_container&#8220; full_screen_row_position=&#8220;middle&#8220; column_margin=&#8220;default&#8220; scene_position=&#8220;center&#8220; text_color=&#8220;dark&#8220; text_align=&#8220;left&#8220; top_padding=&#8220;50&#8243; overlay_strength=&#8220;0.3&#8243; shape_divider_position=&#8220;bottom&#8220; bg_image_animation=&#8220;none&#8220; shape_type=&#8220;&#8220;][vc_column column_padding=&#8220;no-extra-padding&#8220; column_padding_position=&#8220;all&#8220; background_color_opacity=&#8220;1&#8243; background_hover_color_opacity=&#8220;1&#8243; column_link_target=&#8220;_self&#8220; column_shadow=&#8220;none&#8220; column_border_radius=&#8220;none&#8220; width=&#8220;2\/3&#8243; tablet_width_inherit=&#8220;default&#8220; tablet_text_alignment=&#8220;default&#8220; phone_text_alignment=&#8220;default&#8220; overlay_strength=&#8220;0.3&#8243; column_border_width=&#8220;none&#8220; column_border_style=&#8220;solid&#8220; bg_image_animation=&#8220;none&#8220;][vc_column_text css=&#8220;.vc_custom_1582901800045{margin-bottom: 20px !important;}&#8220;]Gerne&#8230;<\/p>\n","protected":false},"author":1,"featured_media":0,"parent":0,"menu_order":0,"comment_status":"closed","ping_status":"closed","template":"","meta":[],"yoast_head":"<!-- This site is optimized with the Yoast SEO plugin v20.3 - https:\/\/yoast.com\/wordpress\/plugins\/seo\/ -->\n<title>Kontakt - Quintsysteme<\/title>\n<meta name=\"robots\" content=\"index, follow, max-snippet:-1, max-image-preview:large, max-video-preview:-1\" \/>\n<link rel=\"canonical\" href=\"https:\/\/quintsysteme.com\/blog\/quint\/kontakt\/\" \/>\n<meta property=\"og:locale\" content=\"de_DE\" \/>\n<meta property=\"og:type\" content=\"article\" \/>\n<meta property=\"og:title\" content=\"Kontakt - Quintsysteme\" \/>\n<meta property=\"og:description\" content=\"[vc_row type=&#8220;in_container&#8220; full_screen_row_position=&#8220;middle&#8220; column_margin=&#8220;default&#8220; scene_position=&#8220;center&#8220; text_color=&#8220;dark&#8220; text_align=&#8220;left&#8220; top_padding=&#8220;50&#8243; overlay_strength=&#8220;0.3&#8243; shape_divider_position=&#8220;bottom&#8220; bg_image_animation=&#8220;none&#8220; shape_type=&#8220;&#8220;][vc_column column_padding=&#8220;no-extra-padding&#8220; column_padding_position=&#8220;all&#8220; background_color_opacity=&#8220;1&#8243; background_hover_color_opacity=&#8220;1&#8243; column_link_target=&#8220;_self&#8220; column_shadow=&#8220;none&#8220; column_border_radius=&#8220;none&#8220; width=&#8220;2\/3&#8243; tablet_width_inherit=&#8220;default&#8220; tablet_text_alignment=&#8220;default&#8220; phone_text_alignment=&#8220;default&#8220; overlay_strength=&#8220;0.3&#8243; column_border_width=&#8220;none&#8220; column_border_style=&#8220;solid&#8220; bg_image_animation=&#8220;none&#8220;][vc_column_text css=&#8220;.vc_custom_1582901800045{margin-bottom: 20px !important;}&#8220;]Gerne...\" \/>\n<meta property=\"og:url\" content=\"https:\/\/quintsysteme.com\/blog\/quint\/kontakt\/\" \/>\n<meta property=\"og:site_name\" content=\"Quintsysteme\" \/>\n<meta property=\"article:modified_time\" content=\"2020-02-28T14:55:09+00:00\" \/>\n<meta name=\"twitter:card\" content=\"summary_large_image\" \/>\n<meta name=\"twitter:label1\" content=\"Gesch\u00e4tzte Lesezeit\" \/>\n\t<meta name=\"twitter:data1\" content=\"2\u00a0Minuten\" \/>\n<script type=\"application\/ld+json\" class=\"yoast-schema-graph\">{\"@context\":\"https:\/\/schema.org\",\"@graph\":[{\"@type\":\"WebPage\",\"@id\":\"https:\/\/quintsysteme.com\/blog\/quint\/kontakt\/\",\"url\":\"https:\/\/quintsysteme.com\/blog\/quint\/kontakt\/\",\"name\":\"Kontakt - Quintsysteme\",\"isPartOf\":{\"@id\":\"https:\/\/quintsysteme.com\/blog\/quint\/#website\"},\"datePublished\":\"2020-02-14T12:26:31+00:00\",\"dateModified\":\"2020-02-28T14:55:09+00:00\",\"breadcrumb\":{\"@id\":\"https:\/\/quintsysteme.com\/blog\/quint\/kontakt\/#breadcrumb\"},\"inLanguage\":\"de\",\"potentialAction\":[{\"@type\":\"ReadAction\",\"target\":[\"https:\/\/quintsysteme.com\/blog\/quint\/kontakt\/\"]}]},{\"@type\":\"BreadcrumbList\",\"@id\":\"https:\/\/quintsysteme.com\/blog\/quint\/kontakt\/#breadcrumb\",\"itemListElement\":[{\"@type\":\"ListItem\",\"position\":1,\"name\":\"Startseite\",\"item\":\"https:\/\/quintsysteme.com\/blog\/quint\/\"},{\"@type\":\"ListItem\",\"position\":2,\"name\":\"Kontakt\"}]},{\"@type\":\"WebSite\",\"@id\":\"https:\/\/quintsysteme.com\/blog\/quint\/#website\",\"url\":\"https:\/\/quintsysteme.com\/blog\/quint\/\",\"name\":\"Quintsysteme\",\"description\":\"Digitale Informationstherapie mit Tiefgang\",\"potentialAction\":[{\"@type\":\"SearchAction\",\"target\":{\"@type\":\"EntryPoint\",\"urlTemplate\":\"https:\/\/quintsysteme.com\/blog\/quint\/?s={search_term_string}\"},\"query-input\":\"required name=search_term_string\"}],\"inLanguage\":\"de\"}]}<\/script>\n<!-- \/ Yoast SEO plugin. -->","yoast_head_json":{"title":"Kontakt - Quintsysteme","robots":{"index":"index","follow":"follow","max-snippet":"max-snippet:-1","max-image-preview":"max-image-preview:large","max-video-preview":"max-video-preview:-1"},"canonical":"https:\/\/quintsysteme.com\/blog\/quint\/kontakt\/","og_locale":"de_DE","og_type":"article","og_title":"Kontakt - Quintsysteme","og_description":"[vc_row type=&#8220;in_container&#8220; full_screen_row_position=&#8220;middle&#8220; column_margin=&#8220;default&#8220; scene_position=&#8220;center&#8220; text_color=&#8220;dark&#8220; text_align=&#8220;left&#8220; top_padding=&#8220;50&#8243; overlay_strength=&#8220;0.3&#8243; shape_divider_position=&#8220;bottom&#8220; bg_image_animation=&#8220;none&#8220; shape_type=&#8220;&#8220;][vc_column column_padding=&#8220;no-extra-padding&#8220; column_padding_position=&#8220;all&#8220; background_color_opacity=&#8220;1&#8243; background_hover_color_opacity=&#8220;1&#8243; column_link_target=&#8220;_self&#8220; column_shadow=&#8220;none&#8220; column_border_radius=&#8220;none&#8220; width=&#8220;2\/3&#8243; tablet_width_inherit=&#8220;default&#8220; tablet_text_alignment=&#8220;default&#8220; phone_text_alignment=&#8220;default&#8220; overlay_strength=&#8220;0.3&#8243; column_border_width=&#8220;none&#8220; column_border_style=&#8220;solid&#8220; bg_image_animation=&#8220;none&#8220;][vc_column_text css=&#8220;.vc_custom_1582901800045{margin-bottom: 20px !important;}&#8220;]Gerne...","og_url":"https:\/\/quintsysteme.com\/blog\/quint\/kontakt\/","og_site_name":"Quintsysteme","article_modified_time":"2020-02-28T14:55:09+00:00","twitter_card":"summary_large_image","twitter_misc":{"Gesch\u00e4tzte Lesezeit":"2\u00a0Minuten"},"schema":{"@context":"https:\/\/schema.org","@graph":[{"@type":"WebPage","@id":"https:\/\/quintsysteme.com\/blog\/quint\/kontakt\/","url":"https:\/\/quintsysteme.com\/blog\/quint\/kontakt\/","name":"Kontakt - Quintsysteme","isPartOf":{"@id":"https:\/\/quintsysteme.com\/blog\/quint\/#website"},"datePublished":"2020-02-14T12:26:31+00:00","dateModified":"2020-02-28T14:55:09+00:00","breadcrumb":{"@id":"https:\/\/quintsysteme.com\/blog\/quint\/kontakt\/#breadcrumb"},"inLanguage":"de","potentialAction":[{"@type":"ReadAction","target":["https:\/\/quintsysteme.com\/blog\/quint\/kontakt\/"]}]},{"@type":"BreadcrumbList","@id":"https:\/\/quintsysteme.com\/blog\/quint\/kontakt\/#breadcrumb","itemListElement":[{"@type":"ListItem","position":1,"name":"Startseite","item":"https:\/\/quintsysteme.com\/blog\/quint\/"},{"@type":"ListItem","position":2,"name":"Kontakt"}]},{"@type":"WebSite","@id":"https:\/\/quintsysteme.com\/blog\/quint\/#website","url":"https:\/\/quintsysteme.com\/blog\/quint\/","name":"Quintsysteme","description":"Digitale Informationstherapie mit Tiefgang","potentialAction":[{"@type":"SearchAction","target":{"@type":"EntryPoint","urlTemplate":"https:\/\/quintsysteme.com\/blog\/quint\/?s={search_term_string}"},"query-input":"required name=search_term_string"}],"inLanguage":"de"}]}},"_links":{"self":[{"href":"https:\/\/quintsysteme.com\/blog\/quint\/wp-json\/wp\/v2\/pages\/1196"}],"collection":[{"href":"https:\/\/quintsysteme.com\/blog\/quint\/wp-json\/wp\/v2\/pages"}],"about":[{"href":"https:\/\/quintsysteme.com\/blog\/quint\/wp-json\/wp\/v2\/types\/page"}],"author":[{"embeddable":true,"href":"https:\/\/quintsysteme.com\/blog\/quint\/wp-json\/wp\/v2\/users\/1"}],"replies":[{"embeddable":true,"href":"https:\/\/quintsysteme.com\/blog\/quint\/wp-json\/wp\/v2\/comments?post=1196"}],"version-history":[{"count":21,"href":"https:\/\/quintsysteme.com\/blog\/quint\/wp-json\/wp\/v2\/pages\/1196\/revisions"}],"predecessor-version":[{"id":1437,"href":"https:\/\/quintsysteme.com\/blog\/quint\/wp-json\/wp\/v2\/pages\/1196\/revisions\/1437"}],"wp:attachment":[{"href":"https:\/\/quintsysteme.com\/blog\/quint\/wp-json\/wp\/v2\/media?parent=1196"}],"curies":[{"name":"wp","href":"https:\/\/api.w.org\/{rel}","templated":true}]}}