{"id":1418,"date":"2020-02-28T15:01:21","date_gmt":"2020-02-28T14:01:21","guid":{"rendered":"https:\/\/quintsysteme.com\/blog\/quint\/?page_id=1418"},"modified":"2020-02-28T15:59:59","modified_gmt":"2020-02-28T14:59:59","slug":"holopathie-uebersicht","status":"publish","type":"page","link":"https:\/\/quintsysteme.com\/blog\/quint\/holopathie-uebersicht\/","title":{"rendered":"Holopathie &#8211; \u00dcbersicht"},"content":{"rendered":"[vc_row type=&#8220;in_container&#8220; full_screen_row_position=&#8220;middle&#8220; column_margin=&#8220;default&#8220; scene_position=&#8220;center&#8220; text_color=&#8220;dark&#8220; text_align=&#8220;left&#8220; top_padding=&#8220;100&#8243; overlay_strength=&#8220;0.3&#8243; shape_divider_position=&#8220;bottom&#8220; bg_image_animation=&#8220;none&#8220; shape_type=&#8220;&#8220;][vc_column column_padding=&#8220;no-extra-padding&#8220; column_padding_position=&#8220;all&#8220; background_color_opacity=&#8220;1&#8243; background_hover_color_opacity=&#8220;1&#8243; column_link_target=&#8220;_self&#8220; column_shadow=&#8220;none&#8220; column_border_radius=&#8220;none&#8220; width=&#8220;1\/1&#8243; tablet_width_inherit=&#8220;default&#8220; tablet_text_alignment=&#8220;default&#8220; phone_text_alignment=&#8220;default&#8220; overlay_strength=&#8220;0.3&#8243; column_border_width=&#8220;none&#8220; column_border_style=&#8220;solid&#8220; bg_image_animation=&#8220;none&#8220;][vc_column_text css=&#8220;.vc_custom_1582900195675{margin-bottom: 20px !important;}&#8220; max_width=&#8220;600&#8243;]\n<div id=\"c714\" class=\"csc-default\">\n<div class=\"csc-textpic-text\">\n<h3>Neue Wege in der Informationstherapie<\/h3>\n<p class=\"bodytext\">Die QuintStation ist nicht einfach nur ein neues Bioresonanzger\u00e4t, sondern sie bietet Ihnen Zugriff auf eine v\u00f6llig neue, durchg\u00e4ngige Anwendungsphilosophie \u2013 die Holopathie. Damit er\u00f6ffnet sie Ihnen neue, bisher nicht zug\u00e4ngliche Perspektiven in der Informationstherapie:<\/p>\n<ul>\n<li>Analysieren Sie Pathogene und Belastungen mit der QuintStation.<\/li>\n<li>Blicken Sie hinter die Symptome und analysieren Sie energetische Querverbindungen zwischen Organen und psychischen oder umweltbedingten Reak\u00adtionsblockaden.<\/li>\n<li>Eine durchg\u00e4ngige Systematik stellt sicher, dass nichts Wichtiges \u00fcbersehen wird.<\/li>\n<li>Generieren Sie per Mausklick die passende individuelle Informationstherapie aus Ihren Testergebnissen.<\/li>\n<li>Erstellen Sie individuelle Programme f\u00fcr die Heimanwendung und profitieren Sie von optimaler Patientenzufriedenheit und Mundpropaganda.<\/li>\n<\/ul>\n<p class=\"bodytext\">Und das alles f\u00fcr einen breiten Anwendungsbereich, mit wertvollem eingebautem Spezial-Know-how und mit verh\u00e4ltnism\u00e4\u00dfig geringem Aufwand.<\/p>\n<\/div>\n<\/div>\n<div class=\"csc-default\"><\/div>\n[\/vc_column_text][divider line_type=&#8220;Full Width Line&#8220; line_thickness=&#8220;1&#8243; divider_color=&#8220;default&#8220;][\/vc_column][\/vc_row][vc_row type=&#8220;in_container&#8220; full_screen_row_position=&#8220;middle&#8220; column_margin=&#8220;default&#8220; scene_position=&#8220;center&#8220; text_color=&#8220;dark&#8220; text_align=&#8220;left&#8220; overlay_strength=&#8220;0.3&#8243; shape_divider_position=&#8220;bottom&#8220; bg_image_animation=&#8220;none&#8220;][vc_column column_padding=&#8220;no-extra-padding&#8220; column_padding_position=&#8220;all&#8220; background_color_opacity=&#8220;1&#8243; background_hover_color_opacity=&#8220;1&#8243; column_link_target=&#8220;_self&#8220; column_shadow=&#8220;none&#8220; column_border_radius=&#8220;none&#8220; width=&#8220;1\/2&#8243; tablet_width_inherit=&#8220;default&#8220; tablet_text_alignment=&#8220;default&#8220; phone_text_alignment=&#8220;default&#8220; overlay_strength=&#8220;0.3&#8243; column_border_width=&#8220;none&#8220; column_border_style=&#8220;solid&#8220; bg_image_animation=&#8220;none&#8220;][image_with_animation image_url=&#8220;1419&#8243; alignment=&#8220;center&#8220; animation=&#8220;Fade In&#8220; hover_animation=&#8220;none&#8220; border_radius=&#8220;none&#8220; box_shadow=&#8220;none&#8220; image_loading=&#8220;default&#8220; max_width=&#8220;100%&#8220; max_width_mobile=&#8220;default&#8220;][\/vc_column][vc_column column_padding=&#8220;no-extra-padding&#8220; column_padding_position=&#8220;all&#8220; background_color_opacity=&#8220;1&#8243; background_hover_color_opacity=&#8220;1&#8243; column_link_target=&#8220;_self&#8220; column_shadow=&#8220;none&#8220; column_border_radius=&#8220;none&#8220; width=&#8220;1\/2&#8243; tablet_width_inherit=&#8220;default&#8220; tablet_text_alignment=&#8220;default&#8220; phone_text_alignment=&#8220;default&#8220; overlay_strength=&#8220;0.3&#8243; column_border_width=&#8220;none&#8220; column_border_style=&#8220;solid&#8220; bg_image_animation=&#8220;none&#8220;][vc_column_text]\n<div id=\"c659\" class=\"csc-default\">\n<div class=\"csc-textpic csc-textpic-intext-left-nowrap csc-textpic-intext-left-nowrap-410\">\n<div class=\"csc-textpic-text\">\n<div class=\"csc-textpicHeader csc-textpicHeader-26\">\n<h3>&#8222;Holopathie&#8220; \u2013 der Name ist Programm<\/h3>\n<\/div>\n<p class=\"bodytext\">Die Bezeichnung &#8222;Holopathie&#8220; (griech.\u00a0<i>holos = ganz, pathos = Empfinden<\/i>) wurde vom Begr\u00fcnder der Methode \u2013 dem \u00d6sterreichischen Arzt Dr. Christian Steiner \u2013 gepr\u00e4gt. Sie steht f\u00fcr die Systematik und die ganzheitliche Zielrichtung der Methode, n\u00e4mlich die Wiederherstellung der Gesundheit durch energetische Analyse und Therapie<i>\u00a0aller<\/i> Systeme des K\u00f6rpers \u2013 also nicht nur der Organe und ihrer Beziehungen untereinander, sondern auch die der dar\u00fcber liegenden Steuerungsebenen.<\/p>\n<p class=\"bodytext\">Anders als bisherige Systeme integriert die Holopathie daher \u00fcber die Organebene hinaus auch die \u00fcbergeordneten psychischen, emotionalen und seelischen Bereiche.<\/p>\n<p class=\"bodytext\">Das Holopathie-Logo symbolisiert das klassische System der 5 Elemente der Akupunktur \u2013 Basis und Ausgangspunkt des erweiterten\u00a0Energiemodells der Holopathie.<\/p>\n<\/div>\n<\/div>\n<\/div>\n[\/vc_column_text][\/vc_column][\/vc_row][vc_row type=&#8220;in_container&#8220; full_screen_row_position=&#8220;middle&#8220; column_margin=&#8220;default&#8220; scene_position=&#8220;center&#8220; text_color=&#8220;dark&#8220; text_align=&#8220;left&#8220; overlay_strength=&#8220;0.3&#8243; shape_divider_position=&#8220;bottom&#8220; bg_image_animation=&#8220;none&#8220;][vc_column column_padding=&#8220;no-extra-padding&#8220; column_padding_position=&#8220;all&#8220; background_color_opacity=&#8220;1&#8243; background_hover_color_opacity=&#8220;1&#8243; column_link_target=&#8220;_self&#8220; column_shadow=&#8220;none&#8220; column_border_radius=&#8220;none&#8220; width=&#8220;1\/1&#8243; tablet_width_inherit=&#8220;default&#8220; tablet_text_alignment=&#8220;default&#8220; phone_text_alignment=&#8220;default&#8220; overlay_strength=&#8220;0.3&#8243; column_border_width=&#8220;none&#8220; column_border_style=&#8220;solid&#8220; bg_image_animation=&#8220;none&#8220;][divider line_type=&#8220;Full Width Line&#8220; line_thickness=&#8220;1&#8243; divider_color=&#8220;default&#8220;][\/vc_column][\/vc_row]\n","protected":false},"excerpt":{"rendered":"<p>[vc_row type=&#8220;in_container&#8220; full_screen_row_position=&#8220;middle&#8220; column_margin=&#8220;default&#8220; scene_position=&#8220;center&#8220; text_color=&#8220;dark&#8220; text_align=&#8220;left&#8220; top_padding=&#8220;100&#8243; overlay_strength=&#8220;0.3&#8243; shape_divider_position=&#8220;bottom&#8220; bg_image_animation=&#8220;none&#8220; shape_type=&#8220;&#8220;][vc_column column_padding=&#8220;no-extra-padding&#8220; column_padding_position=&#8220;all&#8220; background_color_opacity=&#8220;1&#8243; background_hover_color_opacity=&#8220;1&#8243; column_link_target=&#8220;_self&#8220; column_shadow=&#8220;none&#8220; column_border_radius=&#8220;none&#8220; width=&#8220;1\/1&#8243; tablet_width_inherit=&#8220;default&#8220; tablet_text_alignment=&#8220;default&#8220; phone_text_alignment=&#8220;default&#8220; overlay_strength=&#8220;0.3&#8243; column_border_width=&#8220;none&#8220; column_border_style=&#8220;solid&#8220; bg_image_animation=&#8220;none&#8220;][vc_column_text css=&#8220;.vc_custom_1582900195675{margin-bottom: 20px !important;}&#8220;&#8230;<\/p>\n","protected":false},"author":1,"featured_media":0,"parent":0,"menu_order":0,"comment_status":"closed","ping_status":"closed","template":"","meta":[],"yoast_head":"<!-- This site is optimized with the Yoast SEO plugin v20.3 - https:\/\/yoast.com\/wordpress\/plugins\/seo\/ -->\n<title>Holopathie - \u00dcbersicht - Quintsysteme<\/title>\n<meta name=\"robots\" content=\"index, follow, max-snippet:-1, max-image-preview:large, max-video-preview:-1\" \/>\n<link rel=\"canonical\" href=\"https:\/\/quintsysteme.com\/blog\/quint\/holopathie-uebersicht\/\" \/>\n<meta property=\"og:locale\" content=\"de_DE\" \/>\n<meta property=\"og:type\" content=\"article\" \/>\n<meta property=\"og:title\" content=\"Holopathie - \u00dcbersicht - Quintsysteme\" \/>\n<meta property=\"og:description\" content=\"[vc_row type=&#8220;in_container&#8220; full_screen_row_position=&#8220;middle&#8220; column_margin=&#8220;default&#8220; scene_position=&#8220;center&#8220; text_color=&#8220;dark&#8220; text_align=&#8220;left&#8220; top_padding=&#8220;100&#8243; overlay_strength=&#8220;0.3&#8243; shape_divider_position=&#8220;bottom&#8220; bg_image_animation=&#8220;none&#8220; shape_type=&#8220;&#8220;][vc_column column_padding=&#8220;no-extra-padding&#8220; column_padding_position=&#8220;all&#8220; background_color_opacity=&#8220;1&#8243; background_hover_color_opacity=&#8220;1&#8243; column_link_target=&#8220;_self&#8220; column_shadow=&#8220;none&#8220; column_border_radius=&#8220;none&#8220; width=&#8220;1\/1&#8243; tablet_width_inherit=&#8220;default&#8220; tablet_text_alignment=&#8220;default&#8220; phone_text_alignment=&#8220;default&#8220; overlay_strength=&#8220;0.3&#8243; column_border_width=&#8220;none&#8220; column_border_style=&#8220;solid&#8220; bg_image_animation=&#8220;none&#8220;][vc_column_text css=&#8220;.vc_custom_1582900195675{margin-bottom: 20px !important;}&#8220;...\" \/>\n<meta property=\"og:url\" content=\"https:\/\/quintsysteme.com\/blog\/quint\/holopathie-uebersicht\/\" \/>\n<meta property=\"og:site_name\" content=\"Quintsysteme\" \/>\n<meta property=\"article:modified_time\" content=\"2020-02-28T14:59:59+00:00\" \/>\n<meta name=\"twitter:card\" content=\"summary_large_image\" \/>\n<meta name=\"twitter:label1\" content=\"Gesch\u00e4tzte Lesezeit\" \/>\n\t<meta name=\"twitter:data1\" content=\"3\u00a0Minuten\" \/>\n<script type=\"application\/ld+json\" class=\"yoast-schema-graph\">{\"@context\":\"https:\/\/schema.org\",\"@graph\":[{\"@type\":\"WebPage\",\"@id\":\"https:\/\/quintsysteme.com\/blog\/quint\/holopathie-uebersicht\/\",\"url\":\"https:\/\/quintsysteme.com\/blog\/quint\/holopathie-uebersicht\/\",\"name\":\"Holopathie - \u00dcbersicht - Quintsysteme\",\"isPartOf\":{\"@id\":\"https:\/\/quintsysteme.com\/blog\/quint\/#website\"},\"datePublished\":\"2020-02-28T14:01:21+00:00\",\"dateModified\":\"2020-02-28T14:59:59+00:00\",\"breadcrumb\":{\"@id\":\"https:\/\/quintsysteme.com\/blog\/quint\/holopathie-uebersicht\/#breadcrumb\"},\"inLanguage\":\"de\",\"potentialAction\":[{\"@type\":\"ReadAction\",\"target\":[\"https:\/\/quintsysteme.com\/blog\/quint\/holopathie-uebersicht\/\"]}]},{\"@type\":\"BreadcrumbList\",\"@id\":\"https:\/\/quintsysteme.com\/blog\/quint\/holopathie-uebersicht\/#breadcrumb\",\"itemListElement\":[{\"@type\":\"ListItem\",\"position\":1,\"name\":\"Startseite\",\"item\":\"https:\/\/quintsysteme.com\/blog\/quint\/\"},{\"@type\":\"ListItem\",\"position\":2,\"name\":\"Holopathie &#8211; \u00dcbersicht\"}]},{\"@type\":\"WebSite\",\"@id\":\"https:\/\/quintsysteme.com\/blog\/quint\/#website\",\"url\":\"https:\/\/quintsysteme.com\/blog\/quint\/\",\"name\":\"Quintsysteme\",\"description\":\"Digitale Informationstherapie mit Tiefgang\",\"potentialAction\":[{\"@type\":\"SearchAction\",\"target\":{\"@type\":\"EntryPoint\",\"urlTemplate\":\"https:\/\/quintsysteme.com\/blog\/quint\/?s={search_term_string}\"},\"query-input\":\"required name=search_term_string\"}],\"inLanguage\":\"de\"}]}<\/script>\n<!-- \/ Yoast SEO plugin. -->","yoast_head_json":{"title":"Holopathie - \u00dcbersicht - Quintsysteme","robots":{"index":"index","follow":"follow","max-snippet":"max-snippet:-1","max-image-preview":"max-image-preview:large","max-video-preview":"max-video-preview:-1"},"canonical":"https:\/\/quintsysteme.com\/blog\/quint\/holopathie-uebersicht\/","og_locale":"de_DE","og_type":"article","og_title":"Holopathie - \u00dcbersicht - Quintsysteme","og_description":"[vc_row type=&#8220;in_container&#8220; full_screen_row_position=&#8220;middle&#8220; column_margin=&#8220;default&#8220; scene_position=&#8220;center&#8220; text_color=&#8220;dark&#8220; text_align=&#8220;left&#8220; top_padding=&#8220;100&#8243; overlay_strength=&#8220;0.3&#8243; shape_divider_position=&#8220;bottom&#8220; bg_image_animation=&#8220;none&#8220; shape_type=&#8220;&#8220;][vc_column column_padding=&#8220;no-extra-padding&#8220; column_padding_position=&#8220;all&#8220; background_color_opacity=&#8220;1&#8243; background_hover_color_opacity=&#8220;1&#8243; column_link_target=&#8220;_self&#8220; column_shadow=&#8220;none&#8220; column_border_radius=&#8220;none&#8220; width=&#8220;1\/1&#8243; tablet_width_inherit=&#8220;default&#8220; tablet_text_alignment=&#8220;default&#8220; phone_text_alignment=&#8220;default&#8220; overlay_strength=&#8220;0.3&#8243; column_border_width=&#8220;none&#8220; column_border_style=&#8220;solid&#8220; bg_image_animation=&#8220;none&#8220;][vc_column_text css=&#8220;.vc_custom_1582900195675{margin-bottom: 20px !important;}&#8220;...","og_url":"https:\/\/quintsysteme.com\/blog\/quint\/holopathie-uebersicht\/","og_site_name":"Quintsysteme","article_modified_time":"2020-02-28T14:59:59+00:00","twitter_card":"summary_large_image","twitter_misc":{"Gesch\u00e4tzte Lesezeit":"3\u00a0Minuten"},"schema":{"@context":"https:\/\/schema.org","@graph":[{"@type":"WebPage","@id":"https:\/\/quintsysteme.com\/blog\/quint\/holopathie-uebersicht\/","url":"https:\/\/quintsysteme.com\/blog\/quint\/holopathie-uebersicht\/","name":"Holopathie - \u00dcbersicht - Quintsysteme","isPartOf":{"@id":"https:\/\/quintsysteme.com\/blog\/quint\/#website"},"datePublished":"2020-02-28T14:01:21+00:00","dateModified":"2020-02-28T14:59:59+00:00","breadcrumb":{"@id":"https:\/\/quintsysteme.com\/blog\/quint\/holopathie-uebersicht\/#breadcrumb"},"inLanguage":"de","potentialAction":[{"@type":"ReadAction","target":["https:\/\/quintsysteme.com\/blog\/quint\/holopathie-uebersicht\/"]}]},{"@type":"BreadcrumbList","@id":"https:\/\/quintsysteme.com\/blog\/quint\/holopathie-uebersicht\/#breadcrumb","itemListElement":[{"@type":"ListItem","position":1,"name":"Startseite","item":"https:\/\/quintsysteme.com\/blog\/quint\/"},{"@type":"ListItem","position":2,"name":"Holopathie &#8211; \u00dcbersicht"}]},{"@type":"WebSite","@id":"https:\/\/quintsysteme.com\/blog\/quint\/#website","url":"https:\/\/quintsysteme.com\/blog\/quint\/","name":"Quintsysteme","description":"Digitale Informationstherapie mit Tiefgang","potentialAction":[{"@type":"SearchAction","target":{"@type":"EntryPoint","urlTemplate":"https:\/\/quintsysteme.com\/blog\/quint\/?s={search_term_string}"},"query-input":"required name=search_term_string"}],"inLanguage":"de"}]}},"_links":{"self":[{"href":"https:\/\/quintsysteme.com\/blog\/quint\/wp-json\/wp\/v2\/pages\/1418"}],"collection":[{"href":"https:\/\/quintsysteme.com\/blog\/quint\/wp-json\/wp\/v2\/pages"}],"about":[{"href":"https:\/\/quintsysteme.com\/blog\/quint\/wp-json\/wp\/v2\/types\/page"}],"author":[{"embeddable":true,"href":"https:\/\/quintsysteme.com\/blog\/quint\/wp-json\/wp\/v2\/users\/1"}],"replies":[{"embeddable":true,"href":"https:\/\/quintsysteme.com\/blog\/quint\/wp-json\/wp\/v2\/comments?post=1418"}],"version-history":[{"count":8,"href":"https:\/\/quintsysteme.com\/blog\/quint\/wp-json\/wp\/v2\/pages\/1418\/revisions"}],"predecessor-version":[{"id":1438,"href":"https:\/\/quintsysteme.com\/blog\/quint\/wp-json\/wp\/v2\/pages\/1418\/revisions\/1438"}],"wp:attachment":[{"href":"https:\/\/quintsysteme.com\/blog\/quint\/wp-json\/wp\/v2\/media?parent=1418"}],"curies":[{"name":"wp","href":"https:\/\/api.w.org\/{rel}","templated":true}]}}