{"id":285,"date":"2015-10-16T14:14:27","date_gmt":"2015-10-16T12:14:27","guid":{"rendered":"http:\/\/quintsysteme.com\/blog\/shop\/datenschutzbelehrung\/"},"modified":"2017-09-12T14:57:32","modified_gmt":"2017-09-12T12:57:32","slug":"datenschutzbelehrung","status":"publish","type":"page","link":"https:\/\/quintsysteme.com\/shop\/datenschutzbelehrung\/","title":{"rendered":"Datenschutzbelehrung"},"content":{"rendered":"<h1>Datenschutzbelehrung<\/h1>\n<p class=\"bodytext\"><b>Geltungsbereich<\/b><\/p>\n<p class=\"bodytext\">Diese Datenschutzerkl\u00e4rung kl\u00e4rt Nutzer \u00fcber die Art, den Umfang und Zwecke der Erhebung und Verwendung personenbezogener Daten durch den verantwortlichen Anbieter Quintsysteme Gmbh, Wienerstra\u00dfe 45, 3100 St. P\u00f6lten, \u00d6STERREICH, Tel +43 2742 313170, auf dieser Website (im folgenden \u201cAngebot\u201d) auf.<\/p>\n<p class=\"bodytext\"><b>Datenschutz<\/b><\/p>\n<p class=\"bodytext\">Die Betreiber dieser Seiten nehmen den Schutz Ihrer pers\u00f6nlichen Daten sehr ernst. Wir behandeln Ihre personenbezogenen Daten vertraulich und entsprechend der gesetzlichen Datenschutzvorschriften sowie dieser Datenschutzerkl\u00e4rung.<\/p>\n<p class=\"bodytext\">Die Nutzung unserer Webseite ist in der Regel ohne Angabe personenbezogener Daten m\u00f6glich. Soweit auf unseren Seiten personenbezogene Daten (beispielsweise Name, Anschrift oder E-Mail-Adressen) erhoben werden, erfolgt dies, soweit m\u00f6glich, stets auf freiwilliger Basis. Diese Daten werden ohne Ihre ausdr\u00fcckliche Zustimmung nicht an Dritte weitergegeben.<\/p>\n<p class=\"bodytext\">Wir weisen darauf hin, dass die Daten\u00fcbertragung im Internet (z.B. bei der Kommunikation per E-Mail) Sicherheitsl\u00fccken aufweisen kann. Ein l\u00fcckenloser Schutz der Daten vor dem Zugriff durch Dritte ist nicht m\u00f6glich.<\/p>\n<p class=\"bodytext\"><b>Datenschutzerkl\u00e4rung f\u00fcr die Nutzung von Google Analytics<\/b><\/p>\n<p class=\"bodytext\">Diese Website nutzt Funktionen des Webanalysedienstes Google Analytics. Anbieter ist die Google Inc. 1600 Amphitheatre Parkway Mountain View, CA 94043, USA. Google Analytics verwendet sog. &#8222;Cookies&#8220;. Das sind Textdateien, die auf Ihrem Computer gespeichert werden und die eine Analyse der Benutzung der Website durch Sie erm\u00f6glichen. Die durch den Cookie erzeugten Informationen \u00fcber Ihre Benutzung dieser Website werden in der Regel an einen Server von Google in den USA \u00fcbertragen und dort gespeichert.<\/p>\n<p class=\"bodytext\">Im Falle der Aktivierung der IP-Anonymisierung auf dieser Webseite wird Ihre IP-Adresse von Google jedoch innerhalb von Mitgliedstaaten der Europ\u00e4ischen Union oder in anderen Vertragsstaaten des Abkommens \u00fcber den Europ\u00e4ischen Wirtschaftsraum zuvor gek\u00fcrzt. Nur in Ausnahmef\u00e4llen wird die volle IP-Adresse an einen Server von Google in den USA \u00fcbertragen und dort gek\u00fcrzt. Im Auftrag des Betreibers dieser Website wird Google diese Informationen benutzen, um Ihre Nutzung der Website auszuwerten, um Reports \u00fcber die Websiteaktivit\u00e4ten zusammenzustellen und um weitere mit der Websitenutzung und der Internetnutzung verbundene Dienstleistungen gegen\u00fcber dem Websitebetreiber zu erbringen. Die im Rahmen von Google Analytics von Ihrem Browser \u00fcbermittelte IP-Adresse wird nicht mit anderen Daten von Google zusammengef\u00fchrt.<\/p>\n<p class=\"bodytext\">Sie k\u00f6nnen die Speicherung der Cookies durch eine entsprechende Einstellung Ihrer Browser-Software verhindern; wir weisen Sie jedoch darauf hin, dass Sie in diesem Fall gegebenenfalls nicht s\u00e4mtliche Funktionen dieser Website vollumf\u00e4nglich werden nutzen k\u00f6nnen. Sie k\u00f6nnen dar\u00fcber hinaus die Erfassung der durch das Cookie erzeugten und auf Ihre Nutzung der Website bezogenen Daten (inkl. Ihrer IP-Adresse) an Google sowie die Verarbeitung dieser Daten durch Google verhindern, indem sie das unter dem folgenden Link verf\u00fcgbare Browser-Plugin herunterladen und installieren: <a href=\"http:\/\/tools.google.com\/dlpage\/gaoptout?hl=de\" target=\"_blank\" rel=\"noopener\">http:\/\/tools.google.com\/dlpage\/gaoptout?hl=de<\/a><\/p>\n<p class=\"bodytext\"><b>Auskunft, L\u00f6schung, Sperrung<\/b><\/p>\n<p class=\"bodytext\">Sie haben jederzeit das Recht auf unentgeltliche Auskunft \u00fcber Ihre gespeicherten personenbezogenen Daten, deren Herkunft und Empf\u00e4nger und den Zweck der Datenverarbeitung sowie ein Recht auf Berichtigung, Sperrung oder L\u00f6schung dieser Daten. Hierzu sowie zu weiteren Fragen zum Thema personenbezogene Daten k\u00f6nnen Sie sich jederzeit unter der im Impressum angegebenen Adresse an uns wenden.<\/p>\n<p class=\"bodytext\"><b>Cookies<\/b><\/p>\n<p class=\"bodytext\">Die Internetseiten verwenden teilweise so genannte Cookies. Cookies richten auf Ihrem Rechner keinen Schaden an und enthalten keine Viren. Cookies dienen dazu, unser Angebot nutzerfreundlicher, effektiver und sicherer zu machen. Cookies sind kleine Textdateien, die auf Ihrem Rechner abgelegt werden und die Ihr Browser speichert.<\/p>\n<p class=\"bodytext\">Die meisten der von uns verwendeten Cookies sind so genannte \u201eSession-Cookies\u201c. Sie werden nach Ende Ihres Besuchs automatisch gel\u00f6scht. Andere Cookies bleiben auf Ihrem Endger\u00e4t gespeichert, bis Sie diese l\u00f6schen. Diese Cookies erm\u00f6glichen es uns, Ihren Browser beim n\u00e4chsten Besuch wiederzuerkennen.<\/p>\n<p class=\"bodytext\">Sie k\u00f6nnen Ihren Browser so einstellen, dass Sie \u00fcber das Setzen von Cookies informiert werden und Cookies nur im Einzelfall erlauben, die Annahme von Cookies f\u00fcr bestimmte F\u00e4lle oder generell ausschlie\u00dfen sowie das automatische L\u00f6schen der Cookies beim Schlie\u00dfen des Browser aktivieren. Bei der Deaktivierung von Cookies kann die Funktionalit\u00e4t dieser Website eingeschr\u00e4nkt sein.<\/p>\n<p class=\"bodytext\"><b>Server-Log-Files<\/b><\/p>\n<p class=\"bodytext\">Der Provider der Seiten erhebt und speichert automatisch Informationen in so genannten Server-Log Files, die Ihr Browser automatisch an uns \u00fcbermittelt. Dies sind<\/p>\n<ul>\n<li>Browsertyp\/ Browserversion<\/li>\n<li>verwendetes Betriebssystem<\/li>\n<li>Referrer URL<\/li>\n<li>Hostname des zugreifenden Rechners<\/li>\n<li>Uhrzeit der Serveranfrage<\/li>\n<\/ul>\n<p class=\"bodytext\">Diese Daten sind nicht bestimmten Personen zuordenbar. Eine Zusammenf\u00fchrung dieser Daten mit anderen Datenquellen wird nicht vorgenommen. Wir behalten uns vor, diese Daten nachtr\u00e4glich zu pr\u00fcfen, wenn uns konkrete Anhaltspunkte f\u00fcr eine rechtswidrige Nutzung bekannt werden.<\/p>\n<p class=\"bodytext\"><b>Kontaktformular<\/b><\/p>\n<p class=\"bodytext\">Wenn Sie uns per Kontaktformular Anfragen zukommen lassen, werden Ihre Angaben aus dem Anfrageformular inklusive der von Ihnen dort angegebenen Kontaktdaten zwecks Bearbeitung der Anfrage und f\u00fcr den Fall von Anschlussfragen bei uns gespeichert. Diese Daten geben wir nicht ohne Ihre Einwilligung weiter.<\/p>\n<p class=\"bodytext\"><b>Newsletterdaten<\/b><\/p>\n<p class=\"bodytext\">Wenn Sie den auf der Webseite angebotenen Newsletter beziehen m\u00f6chten, ben\u00f6tigen wir von Ihnen eine E-Mail-Adresse sowie Informationen, welche uns die \u00dcberpr\u00fcfung gestatten, dass Sie der Inhaber der angegebenen E-Mail-Adresse sind und mit dem Empfang des Newsletters einverstanden sind. Weitere Daten werden nicht erhoben. Diese Daten verwenden wir ausschlie\u00dflich f\u00fcr den Versand der angeforderten Informationen und geben sie nicht an Dritte weiter.<\/p>\n<p class=\"bodytext\">Die erteilte Einwilligung zur Speicherung der Daten, der E-Mail-Adresse sowie deren Nutzung zum Versand des Newsletters k\u00f6nnen Sie jederzeit widerrufen , etwa \u00fcber den \u201eAustragen\u201c-Link im Newsletter.<\/p>\n<p class=\"bodytext\"><b>Verwendung von Facebook Social Plugins<\/b><\/p>\n<p class=\"bodytext\">Dieses Angebot verwendet Social Plugins (&#8222;Plugins&#8220;) des sozialen Netzwerkes facebook.com, welches von der Facebook Inc., 1601 S. California Ave, Palo Alto, CA 94304, USA betrieben wird (&#8222;Facebook&#8220;). Die Plugins sind an einem der Facebook Logos erkennbar (wei\u00dfes \u201ef\u201c auf blauer Kachel oder ein \u201eDaumen hoch\u201c-Zeichen) oder sind mit dem Zusatz &#8222;Facebook Social Plugin&#8220; gekennzeichnet.<br \/>\nWenn ein Nutzer eine Webseite dieses Angebots aufruft, die ein solches Plugin enth\u00e4lt, baut sein Browser eine direkte Verbindung mit den Servern von Facebook auf. Der Inhalt des Plugins wird von Facebook direkt an Ihren Browser \u00fcbermittelt und von diesem in die Webseite eingebunden. Der Anbieter hat daher keinen Einfluss auf den Umfang der Daten, die Facebook mit Hilfe dieses Plugins erhebt und informiert die Nutzer daher entsprechend seinem Kenntnisstand.<br \/>\nDurch die Einbindung der Plugins erh\u00e4lt Facebook die Information, dass ein Nutzer die entsprechende Seite des Angebots aufgerufen hat. Ist der Nutzer bei Facebook eingeloggt, kann Facebook den Besuch seinem Facebook-Konto zuordnen. Wenn Nutzer mit den Plugins interagieren, zum Beispiel den Like Button bet\u00e4tigen oder einen Kommentar abgeben, wird die entsprechende Information von Ihrem Browser direkt an Facebook \u00fcbermittelt und dort gespeichert. Falls ein Nutzer kein Mitglied von Facebook ist, besteht trotzdem die M\u00f6glichkeit, dass Facebook seine IP-Adresse in Erfahrung bringt und speichert. Laut Facebook wird in Deutschland nur eine anonymisierte IP-Adresse gespeichert.<br \/>\nZweck und Umfang der Datenerhebung und die weitere Verarbeitung und Nutzung der Daten durch Facebook sowie die diesbez\u00fcglichen Rechte und Einstellungsm\u00f6glichkeiten zum Schutz der Privatsph\u00e4re der Nutzer , k\u00f6nnen diese den Datenschutzhinweisen von Facebook entnehmen.<br \/>\nWenn ein Nutzer Facebookmitglied ist und nicht m\u00f6chte, dass Facebook \u00fcber dieses Angebot Daten \u00fcber ihn sammelt und mit seinen bei Facebook gespeicherten Mitgliedsdaten verkn\u00fcpft, muss er sich vor dem Besuch des Internetauftritts bei Facebook ausloggen.<\/p>\n<p class=\"bodytext\"><b>+1 Schaltfl\u00e4che von Google+<\/b><\/p>\n<p class=\"bodytext\">Dieses Angebot verwendet die \u201c+1\u2033-Schaltfl\u00e4che des sozialen Netzwerkes Google Plus, welches von der Google Inc., 1600 Amphitheatre Parkway, Mountain View, CA 94043, United States betrieben wird (\u201cGoogle\u201d). Der Button ist an dem Zeichen \u201c+1\u2033 auf wei\u00dfem oder farbigen Hintergrund erkennbar.<br \/>\nWenn ein Nutzer eine Webseite dieses Angebotes aufruft, die eine solche Schaltfl\u00e4che enth\u00e4lt, baut der Browser eine direkte Verbindung mit den Servern von Google auf. Der Inhalt der \u201c+1\u2033-Schaltfl\u00e4che wird von Google direkt an seinen Browser \u00fcbermittelt und von diesem in die Webseite eingebunden. der Anbieter hat daher keinen Einfluss auf den Umfang der Daten, die Google mit der Schaltfl\u00e4che erhebt. Laut Google werden ohne einen Klick auf die Schaltfl\u00e4che keine personenbezogenen Daten erhoben. Nur bei eingeloggten Mitgliedern, werden solche Daten, unter anderem die IP-Adresse, erhoben und verarbeitet.<br \/>\nZweck und Umfang der Datenerhebung und die weitere Verarbeitung und Nutzung der Daten durch Google sowie Ihre diesbez\u00fcglichen Rechte und Einstellungsm\u00f6glichkeiten zum Schutz Ihrer Privatsph\u00e4re k\u00f6nnen die Nutzer Googles Datenschutzhinweisen zu der \u201c+1\u2033-Schaltfl\u00e4che entnehmen: <a href=\"http:\/\/www.google.com\/intl\/de\/+\/policy\/+1button.html\" target=\"_blank\" rel=\"noopener\">www.google.com\/intl\/de\/+\/policy\/+1button.html<\/a> und der FAQ: <a href=\"http:\/\/www.google.com\/intl\/de\/+1\/button\/\" target=\"_blank\" rel=\"noopener\">www.google.com\/intl\/de\/+1\/button\/<\/a>.<\/p>\n<p class=\"bodytext\"><b>Twitter<\/b><\/p>\n<p class=\"bodytext\">Dieses Angebot nutzt die Schaltfl\u00e4chen des Dienstes Twitter. Diese Schaltfl\u00e4chen werden angeboten durch die Twitter Inc., 795 Folsom St., Suite 600, San Francisco, CA 94107, USA. Sie sind an Begriffen wie &#8222;Twitter&#8220; oder &#8222;Folge&#8220;, verbunden mit einem stillisierten blauen Vogel erkennbar. Mit Hilfe der Schaltfl\u00e4chen ist es m\u00f6glich einen Beitrag oder Seite dieses Angebotes bei Twitter zu teilen oder dem Anbieter bei Twitter zu folgen.<br \/>\nWenn ein Nutzer eine Webseite dieses Internetauftritts aufruft, die einen solchen Button enth\u00e4lt, baut sein Browser eine direkte Verbindung mit den Servern von Twitter auf. Der Inhalt des Twitter-Schaltfl\u00e4chen wird von Twitter direkt an den Browser des Nutzers \u00fcbermittelt. Der Anbieter hat daher keinen Einfluss auf den Umfang der Daten, die Twitter mit Hilfe dieses Plugins erhebt und informiert die Nutzer entsprechend seinem Kenntnisstand. Nach diesem wird lediglich die IP-Adresse des Nutzers die URL der jeweiligen Webseite beim Bezug des Buttons mit \u00fcbermittelt, aber nicht f\u00fcr andere Zwecke, als die Darstellung des Buttons, genutzt.<br \/>\nWeitere Informationen hierzu finden sich in der Datenschutzerkl\u00e4rung von Twitter unter <a href=\"http:\/\/twitter.com\/privacy\" target=\"_blank\" rel=\"noopener\">twitter.com\/privacy<\/a>.<\/p>\n<p class=\"bodytext\"><b>Amazon-Partnerprogramm<\/b><\/p>\n<p class=\"bodytext\">QuintSysteme GmbH ist Teilnehmer des Partnerprogramms von Amazon Europe S.\u00e0.r.l. und Partner des Werbeprogramms, das zur Bereitstellung eines Mediums f\u00fcr Websites konzipiert wurde, mittels dessen durch die Platzierung von Werbeanzeigen und Links zu amazon.de Werbekostenerstattung verdient werden k\u00f6nnen. Amazon setzt Cookies ein, um die Herkunft der Bestellungen nachvollziehen zu k\u00f6nnen. Unter anderem kann Amazon erkennen, dass Sie den Partnerlink auf dieser Website geklickt haben. Weitere Informationen zur Datennutzung durch Amazon erhalten Sie in der Datenschutzerkl\u00e4rung des Unternehmens: <a href=\"http:\/\/www.amazon.de\/gp\/help\/customer\/display.html\/ref=footer_privacy?ie=UTF8&amp;amp;nodeId=3312401\" target=\"_blank\" rel=\"noopener\">www.amazon.de\/gp\/help\/customer\/display.html\/ref=footer_privacy<\/a><\/p>\n<p class=\"bodytext\"><b>Widerruf, \u00c4nderungen, Berichtigungen und Aktualisierungen<\/b><\/p>\n<p class=\"bodytext\">Der Nutzer hat das Recht, auf Antrag unentgeltlich Auskunft zu erhalten \u00fcber die personenbezogenen Daten, die \u00fcber ihn gespeichert wurden. Zus\u00e4tzlich hat der Nutzer das Recht auf Berichtigung unrichtiger Daten, Sperrung und L\u00f6schung seiner personenbezogenen Daten, soweit dem keine gesetzliche Aufbewahrungspflicht entgegensteht.<\/p>\n","protected":false},"excerpt":{"rendered":"<p>Datenschutzbelehrung Geltungsbereich Diese Datenschutzerkl\u00e4rung kl\u00e4rt Nutzer \u00fcber die Art, den Umfang und Zwecke der Erhebung und Verwendung personenbezogener Daten durch den verantwortlichen Anbieter Quintsysteme Gmbh, Wienerstra\u00dfe 45, 3100 St. P\u00f6lten, \u00d6STERREICH, Tel +43 2742 313170, auf dieser Website (im folgenden \u201cAngebot\u201d) auf. Datenschutz Die Betreiber dieser Seiten nehmen den Schutz Ihrer pers\u00f6nlichen Daten sehr ernst. [&hellip;]<\/p>\n","protected":false},"author":12,"featured_media":0,"parent":0,"menu_order":0,"comment_status":"closed","ping_status":"closed","template":"","meta":[],"yoast_head":"<!-- This site is optimized with the Yoast SEO plugin v20.3 - https:\/\/yoast.com\/wordpress\/plugins\/seo\/ -->\n<title>Datenschutzbelehrung - Webshop Quintsysteme<\/title>\n<meta name=\"robots\" content=\"index, follow, max-snippet:-1, max-image-preview:large, max-video-preview:-1\" \/>\n<link rel=\"canonical\" href=\"https:\/\/quintsysteme.com\/shop\/datenschutzbelehrung\/\" \/>\n<meta property=\"og:locale\" content=\"de_DE\" \/>\n<meta property=\"og:type\" content=\"article\" \/>\n<meta property=\"og:title\" content=\"Datenschutzbelehrung - Webshop Quintsysteme\" \/>\n<meta property=\"og:description\" content=\"Datenschutzbelehrung Geltungsbereich Diese Datenschutzerkl\u00e4rung kl\u00e4rt Nutzer \u00fcber die Art, den Umfang und Zwecke der Erhebung und Verwendung personenbezogener Daten durch den verantwortlichen Anbieter Quintsysteme Gmbh, Wienerstra\u00dfe 45, 3100 St. P\u00f6lten, \u00d6STERREICH, Tel +43 2742 313170, auf dieser Website (im folgenden \u201cAngebot\u201d) auf. Datenschutz Die Betreiber dieser Seiten nehmen den Schutz Ihrer pers\u00f6nlichen Daten sehr ernst. [&hellip;]\" \/>\n<meta property=\"og:url\" content=\"https:\/\/quintsysteme.com\/shop\/datenschutzbelehrung\/\" \/>\n<meta property=\"og:site_name\" content=\"Webshop Quintsysteme\" \/>\n<meta property=\"article:modified_time\" content=\"2017-09-12T12:57:32+00:00\" \/>\n<meta name=\"twitter:card\" content=\"summary_large_image\" \/>\n<meta name=\"twitter:label1\" content=\"Gesch\u00e4tzte Lesezeit\" \/>\n\t<meta name=\"twitter:data1\" content=\"8\u00a0Minuten\" \/>\n<script type=\"application\/ld+json\" class=\"yoast-schema-graph\">{\"@context\":\"https:\/\/schema.org\",\"@graph\":[{\"@type\":\"WebPage\",\"@id\":\"https:\/\/quintsysteme.com\/shop\/datenschutzbelehrung\/\",\"url\":\"https:\/\/quintsysteme.com\/shop\/datenschutzbelehrung\/\",\"name\":\"Datenschutzbelehrung - Webshop Quintsysteme\",\"isPartOf\":{\"@id\":\"https:\/\/quintsysteme.com\/shop\/#website\"},\"datePublished\":\"2015-10-16T12:14:27+00:00\",\"dateModified\":\"2017-09-12T12:57:32+00:00\",\"breadcrumb\":{\"@id\":\"https:\/\/quintsysteme.com\/shop\/datenschutzbelehrung\/#breadcrumb\"},\"inLanguage\":\"de\",\"potentialAction\":[{\"@type\":\"ReadAction\",\"target\":[\"https:\/\/quintsysteme.com\/shop\/datenschutzbelehrung\/\"]}]},{\"@type\":\"BreadcrumbList\",\"@id\":\"https:\/\/quintsysteme.com\/shop\/datenschutzbelehrung\/#breadcrumb\",\"itemListElement\":[{\"@type\":\"ListItem\",\"position\":1,\"name\":\"Startseite\",\"item\":\"https:\/\/quintsysteme.com\/shop\/\"},{\"@type\":\"ListItem\",\"position\":2,\"name\":\"Datenschutzbelehrung\"}]},{\"@type\":\"WebSite\",\"@id\":\"https:\/\/quintsysteme.com\/shop\/#website\",\"url\":\"https:\/\/quintsysteme.com\/shop\/\",\"name\":\"Webshop Quintsysteme\",\"description\":\"Heimanwendungen nach Dr. med. Christian Steiner\",\"publisher\":{\"@id\":\"https:\/\/quintsysteme.com\/shop\/#organization\"},\"potentialAction\":[{\"@type\":\"SearchAction\",\"target\":{\"@type\":\"EntryPoint\",\"urlTemplate\":\"https:\/\/quintsysteme.com\/shop\/?s={search_term_string}\"},\"query-input\":\"required name=search_term_string\"}],\"inLanguage\":\"de\"},{\"@type\":\"Organization\",\"@id\":\"https:\/\/quintsysteme.com\/shop\/#organization\",\"name\":\"QuintSysteme\",\"url\":\"https:\/\/quintsysteme.com\/shop\/\",\"logo\":{\"@type\":\"ImageObject\",\"inLanguage\":\"de\",\"@id\":\"https:\/\/quintsysteme.com\/shop\/#\/schema\/logo\/image\/\",\"url\":\"https:\/\/quintsysteme.com\/shop\/wp-content\/uploads\/sites\/2\/2016\/02\/shop-icon-b.png\",\"contentUrl\":\"https:\/\/quintsysteme.com\/shop\/wp-content\/uploads\/sites\/2\/2016\/02\/shop-icon-b.png\",\"width\":512,\"height\":512,\"caption\":\"QuintSysteme\"},\"image\":{\"@id\":\"https:\/\/quintsysteme.com\/shop\/#\/schema\/logo\/image\/\"}}]}<\/script>\n<!-- \/ Yoast SEO plugin. -->","yoast_head_json":{"title":"Datenschutzbelehrung - Webshop Quintsysteme","robots":{"index":"index","follow":"follow","max-snippet":"max-snippet:-1","max-image-preview":"max-image-preview:large","max-video-preview":"max-video-preview:-1"},"canonical":"https:\/\/quintsysteme.com\/shop\/datenschutzbelehrung\/","og_locale":"de_DE","og_type":"article","og_title":"Datenschutzbelehrung - Webshop Quintsysteme","og_description":"Datenschutzbelehrung Geltungsbereich Diese Datenschutzerkl\u00e4rung kl\u00e4rt Nutzer \u00fcber die Art, den Umfang und Zwecke der Erhebung und Verwendung personenbezogener Daten durch den verantwortlichen Anbieter Quintsysteme Gmbh, Wienerstra\u00dfe 45, 3100 St. P\u00f6lten, \u00d6STERREICH, Tel +43 2742 313170, auf dieser Website (im folgenden \u201cAngebot\u201d) auf. Datenschutz Die Betreiber dieser Seiten nehmen den Schutz Ihrer pers\u00f6nlichen Daten sehr ernst. [&hellip;]","og_url":"https:\/\/quintsysteme.com\/shop\/datenschutzbelehrung\/","og_site_name":"Webshop Quintsysteme","article_modified_time":"2017-09-12T12:57:32+00:00","twitter_card":"summary_large_image","twitter_misc":{"Gesch\u00e4tzte Lesezeit":"8\u00a0Minuten"},"schema":{"@context":"https:\/\/schema.org","@graph":[{"@type":"WebPage","@id":"https:\/\/quintsysteme.com\/shop\/datenschutzbelehrung\/","url":"https:\/\/quintsysteme.com\/shop\/datenschutzbelehrung\/","name":"Datenschutzbelehrung - Webshop Quintsysteme","isPartOf":{"@id":"https:\/\/quintsysteme.com\/shop\/#website"},"datePublished":"2015-10-16T12:14:27+00:00","dateModified":"2017-09-12T12:57:32+00:00","breadcrumb":{"@id":"https:\/\/quintsysteme.com\/shop\/datenschutzbelehrung\/#breadcrumb"},"inLanguage":"de","potentialAction":[{"@type":"ReadAction","target":["https:\/\/quintsysteme.com\/shop\/datenschutzbelehrung\/"]}]},{"@type":"BreadcrumbList","@id":"https:\/\/quintsysteme.com\/shop\/datenschutzbelehrung\/#breadcrumb","itemListElement":[{"@type":"ListItem","position":1,"name":"Startseite","item":"https:\/\/quintsysteme.com\/shop\/"},{"@type":"ListItem","position":2,"name":"Datenschutzbelehrung"}]},{"@type":"WebSite","@id":"https:\/\/quintsysteme.com\/shop\/#website","url":"https:\/\/quintsysteme.com\/shop\/","name":"Webshop Quintsysteme","description":"Heimanwendungen nach Dr. med. Christian Steiner","publisher":{"@id":"https:\/\/quintsysteme.com\/shop\/#organization"},"potentialAction":[{"@type":"SearchAction","target":{"@type":"EntryPoint","urlTemplate":"https:\/\/quintsysteme.com\/shop\/?s={search_term_string}"},"query-input":"required name=search_term_string"}],"inLanguage":"de"},{"@type":"Organization","@id":"https:\/\/quintsysteme.com\/shop\/#organization","name":"QuintSysteme","url":"https:\/\/quintsysteme.com\/shop\/","logo":{"@type":"ImageObject","inLanguage":"de","@id":"https:\/\/quintsysteme.com\/shop\/#\/schema\/logo\/image\/","url":"https:\/\/quintsysteme.com\/shop\/wp-content\/uploads\/sites\/2\/2016\/02\/shop-icon-b.png","contentUrl":"https:\/\/quintsysteme.com\/shop\/wp-content\/uploads\/sites\/2\/2016\/02\/shop-icon-b.png","width":512,"height":512,"caption":"QuintSysteme"},"image":{"@id":"https:\/\/quintsysteme.com\/shop\/#\/schema\/logo\/image\/"}}]}},"_links":{"self":[{"href":"https:\/\/quintsysteme.com\/shop\/wp-json\/wp\/v2\/pages\/285"}],"collection":[{"href":"https:\/\/quintsysteme.com\/shop\/wp-json\/wp\/v2\/pages"}],"about":[{"href":"https:\/\/quintsysteme.com\/shop\/wp-json\/wp\/v2\/types\/page"}],"author":[{"embeddable":true,"href":"https:\/\/quintsysteme.com\/shop\/wp-json\/wp\/v2\/users\/12"}],"replies":[{"embeddable":true,"href":"https:\/\/quintsysteme.com\/shop\/wp-json\/wp\/v2\/comments?post=285"}],"version-history":[{"count":3,"href":"https:\/\/quintsysteme.com\/shop\/wp-json\/wp\/v2\/pages\/285\/revisions"}],"predecessor-version":[{"id":699,"href":"https:\/\/quintsysteme.com\/shop\/wp-json\/wp\/v2\/pages\/285\/revisions\/699"}],"wp:attachment":[{"href":"https:\/\/quintsysteme.com\/shop\/wp-json\/wp\/v2\/media?parent=285"}],"curies":[{"name":"wp","href":"https:\/\/api.w.org\/{rel}","templated":true}]}}