{"id":287,"date":"2015-10-16T14:14:27","date_gmt":"2015-10-16T12:14:27","guid":{"rendered":"http:\/\/quintsysteme.com\/blog\/shop\/widerrufsbelehrung\/"},"modified":"2015-10-16T14:14:27","modified_gmt":"2015-10-16T12:14:27","slug":"widerrufsbelehrung","status":"publish","type":"page","link":"https:\/\/quintsysteme.com\/shop\/widerrufsbelehrung\/","title":{"rendered":"Widerrufsbelehrung"},"content":{"rendered":"<h1>Widerrufsbelehrung<\/h1>\n<h3>Widerrufsrecht<\/h3>\n<p>Sie haben das Recht, diesen Vertrag innerhalb von 14 Tagen ab dem Tag, an dem Sie oder ein von Ihnen benannter Dritter, der nicht Bef\u00f6rderer ist, die Ware (oder die letzte Ware, Teilsendung oder St\u00fcck im Falle eines Vertrags \u00fcber mehrere Waren einer einheitlichen Bestellung oder die Lieferung einer Ware in mehreren Teilsendungen oder St\u00fccken) in Besitz genommen haben oder ab dem Tag des Vertragsschlusses, im Falle von digitalen Inhalten, die nicht auf einem k\u00f6rperlichen Datentr\u00e4ger geliefert werden (z.B. CDs oder DVDs), ohne Angabe von Gr\u00fcnden zu widerrufen.<\/p>\n<p>Um Ihr Widerrufsrecht auszu\u00fcben, m\u00fcssen Sie uns \u00fcber Ihren Entschluss informieren, diesen Vertrag zu widerrufen. Bitte richten Sie Ihren Widerruf an:<\/p>\n<p>Quintsysteme GmbH<br \/>\nWienerstra\u00dfe 45<br \/>\nA-3100 Sankt P\u00f6lten<\/p>\n<p>Tel: +43 (0)2742 313170<br \/>\nE-Mail: office (at) quintsysteme.com<\/p>\n<p>Sie k\u00f6nnen Ihre Erkl\u00e4rung entsprechend den Erl\u00e4uterungen und Formularen \u00fcbermitteln, die Sie mit der Lieferung erhalten haben, Sie k\u00f6nnen uns kontaktieren oder dieses Muster-Widerrufsformular verwenden.<\/p>\n<p>Zur Wahrung der Widerrufsfrist reicht es aus, dass Sie die Mitteilung \u00fcber die Aus\u00fcbung des Widerrufsrechts vor Ablauf der Widerrufsfrist absenden und Sie uns die Waren innerhalb der unten definierten Frist zur\u00fcckgesendet haben.<\/p>\n<p>F\u00fcr zus\u00e4tzliche Informationen hinsichtlich der Reichweite, des Inhalts und Erl\u00e4uterungen zur Aus\u00fcbung wenden Sie sich bitte an unseren Kundenservice.<\/p>\n<h3>Folgen des Widerrufs:<\/h3>\n<p>Wenn Sie diesen Vertrag widerrufen, erstatten wir Ihnen alle Zahlungen f\u00fcr die erworbene Waren, die wir von Ihnen erhalten haben, und wir erstatten Ihnen die Kosten der g\u00fcnstigsten von uns angebotenen Standardlieferung. Diese R\u00fcckzahlung wird unverz\u00fcglich und sp\u00e4testens, vorbehaltlich der unten genannten Situationen, innerhalb von vierzehn Tagen ab dem Tag erfolgen, an dem die Mitteilung \u00fcber Ihren Widerruf dieses Vertrags bei uns eingegangen ist. F\u00fcr diese R\u00fcckzahlung verwenden wir dasselbe Zahlungsmittel, das Sie bei der urspr\u00fcnglichen Transaktion eingesetzt haben, es sei denn, mit Ihnen wurde ausdr\u00fccklich etwas anderes vereinbart. F\u00fcr die R\u00fcckzahlung berechnen wir Ihnen in keinem Fall Entgelte. Wir k\u00f6nnen die R\u00fcckzahlung verweigern, bis wir die Waren wieder zur\u00fcckerhalten haben oder bis Sie den Nachweis erbracht haben, dass Sie die Waren zur\u00fcckgesandt haben, je nachdem, welches der fr\u00fchere Zeitpunkt ist.<\/p>\n<p>Sie m\u00fcssen die Waren unverz\u00fcglich und in jedem Fall sp\u00e4testens binnen vierzehn Tagen ab dem Tag, an dem Sie uns \u00fcber den Widerruf dieses Vertrags unterrichten zur\u00fccksenden. Die R\u00fccksendung ist f\u00fcr Sie kostenfrei, wenn Sie das von uns mit der Lieferung erhaltene R\u00fccksendeetikett und den von uns vorgeschriebenen Paketdienst verwenden. Andernfalls m\u00fcssen Sie die R\u00fccksendekosten tragen.<\/p>\n<p>Sie m\u00fcssen f\u00fcr einen etwaigen Wertverlust der Waren nur aufkommen, wenn dieser Wertverlust auf einen zur Pr\u00fcfung der Beschaffenheit, Eigenschaften und Funktionsweise der Waren nicht notwendigen Umgang mit ihnen zur\u00fcckzuf\u00fchren ist.<\/p>\n<p>ENDE DER WIDERRUFSBELEHRUNG<\/p>\n<h1>Unsere freiwillige Geld-zur\u00fcck-Garantie<\/h1>\n<p>Zus\u00e4tzlich zu Ihren gesetzlichen Rechten bieten wir Ihnen die folgende freiwillige R\u00fcckgabegarantie an:<\/p>\n<p>Sie k\u00f6nnen unsere Produkte innerhalb von 30 Tagen ab Erhalt der Ware an uns zur\u00fccksenden.<\/p>\n<p>Wenn Sie Waren in \u00dcbereinstimmung mit dieser freiwilligen R\u00fcckgabegarantie zur\u00fccksenden, erstatten wir Ihnen den Kaufpreis und die Versandkosten Ihres urspr\u00fcnglichen Kaufes. Au\u00dferdem tragen wir die R\u00fccksendekosten. Diese R\u00fcckgabegarantie beschr\u00e4nkt nicht Ihre gesetzlichen Rechte und somit auch nicht Ihr Widerrufsrecht wie oben beschrieben.<\/p>\n<p>&nbsp;<\/p>\n<h1>Muster-Widerrufsformular<\/h1>\n<p>\u2013 An<\/p>\n<p>Quintsysteme GmbH<br \/>\nWienerstra\u00dfe 45<br \/>\n3100 Sankt P\u00f6lten<br \/>\n\u00d6sterreich<br \/>\nTel: +43 (0)2742 313170<\/p>\n<p>&nbsp;<\/p>\n<p>\u2013 Hiermit widerrufe(n) ich\/wir (*) den von mir\/uns (*) abgeschlossenen Vertrag \u00fcber den Kauf der folgenden Waren (*)\/ die Erbringung der folgenden Dienstleistung (*)<\/p>\n<p>\u2013 Bestellt am (*)\/erhalten am (*)<\/p>\n<p>\u2013 Name des\/der Verbraucher(s)<\/p>\n<p>\u2013 Anschrift des\/der Verbraucher(s)<\/p>\n<p>\u2013 Unterschrift des\/der Verbraucher(s) (nur bei Mitteilung auf Papier)<\/p>\n<p>\u2013 Datum<\/p>\n<p>___________<br \/>\n(*) Unzutreffendes streichen.<\/p>\n","protected":false},"excerpt":{"rendered":"<p>Widerrufsbelehrung Widerrufsrecht Sie haben das Recht, diesen Vertrag innerhalb von 14 Tagen ab dem Tag, an dem Sie oder ein von Ihnen benannter Dritter, der nicht Bef\u00f6rderer ist, die Ware (oder die letzte Ware, Teilsendung oder St\u00fcck im Falle eines Vertrags \u00fcber mehrere Waren einer einheitlichen Bestellung oder die Lieferung einer Ware in mehreren Teilsendungen [&hellip;]<\/p>\n","protected":false},"author":12,"featured_media":0,"parent":0,"menu_order":0,"comment_status":"closed","ping_status":"closed","template":"","meta":[],"yoast_head":"<!-- This site is optimized with the Yoast SEO plugin v20.3 - https:\/\/yoast.com\/wordpress\/plugins\/seo\/ -->\n<title>Widerrufsbelehrung - Webshop Quintsysteme<\/title>\n<meta name=\"robots\" content=\"index, follow, max-snippet:-1, max-image-preview:large, max-video-preview:-1\" \/>\n<link rel=\"canonical\" href=\"https:\/\/quintsysteme.com\/shop\/widerrufsbelehrung\/\" \/>\n<meta property=\"og:locale\" content=\"de_DE\" \/>\n<meta property=\"og:type\" content=\"article\" \/>\n<meta property=\"og:title\" content=\"Widerrufsbelehrung - Webshop Quintsysteme\" \/>\n<meta property=\"og:description\" content=\"Widerrufsbelehrung Widerrufsrecht Sie haben das Recht, diesen Vertrag innerhalb von 14 Tagen ab dem Tag, an dem Sie oder ein von Ihnen benannter Dritter, der nicht Bef\u00f6rderer ist, die Ware (oder die letzte Ware, Teilsendung oder St\u00fcck im Falle eines Vertrags \u00fcber mehrere Waren einer einheitlichen Bestellung oder die Lieferung einer Ware in mehreren Teilsendungen [&hellip;]\" \/>\n<meta property=\"og:url\" content=\"https:\/\/quintsysteme.com\/shop\/widerrufsbelehrung\/\" \/>\n<meta property=\"og:site_name\" content=\"Webshop Quintsysteme\" \/>\n<meta name=\"twitter:card\" content=\"summary_large_image\" \/>\n<meta name=\"twitter:label1\" content=\"Gesch\u00e4tzte Lesezeit\" \/>\n\t<meta name=\"twitter:data1\" content=\"3\u00a0Minuten\" \/>\n<script type=\"application\/ld+json\" class=\"yoast-schema-graph\">{\"@context\":\"https:\/\/schema.org\",\"@graph\":[{\"@type\":\"WebPage\",\"@id\":\"https:\/\/quintsysteme.com\/shop\/widerrufsbelehrung\/\",\"url\":\"https:\/\/quintsysteme.com\/shop\/widerrufsbelehrung\/\",\"name\":\"Widerrufsbelehrung - Webshop Quintsysteme\",\"isPartOf\":{\"@id\":\"https:\/\/quintsysteme.com\/shop\/#website\"},\"datePublished\":\"2015-10-16T12:14:27+00:00\",\"dateModified\":\"2015-10-16T12:14:27+00:00\",\"breadcrumb\":{\"@id\":\"https:\/\/quintsysteme.com\/shop\/widerrufsbelehrung\/#breadcrumb\"},\"inLanguage\":\"de\",\"potentialAction\":[{\"@type\":\"ReadAction\",\"target\":[\"https:\/\/quintsysteme.com\/shop\/widerrufsbelehrung\/\"]}]},{\"@type\":\"BreadcrumbList\",\"@id\":\"https:\/\/quintsysteme.com\/shop\/widerrufsbelehrung\/#breadcrumb\",\"itemListElement\":[{\"@type\":\"ListItem\",\"position\":1,\"name\":\"Startseite\",\"item\":\"https:\/\/quintsysteme.com\/shop\/\"},{\"@type\":\"ListItem\",\"position\":2,\"name\":\"Widerrufsbelehrung\"}]},{\"@type\":\"WebSite\",\"@id\":\"https:\/\/quintsysteme.com\/shop\/#website\",\"url\":\"https:\/\/quintsysteme.com\/shop\/\",\"name\":\"Webshop Quintsysteme\",\"description\":\"Heimanwendungen nach Dr. med. Christian Steiner\",\"publisher\":{\"@id\":\"https:\/\/quintsysteme.com\/shop\/#organization\"},\"potentialAction\":[{\"@type\":\"SearchAction\",\"target\":{\"@type\":\"EntryPoint\",\"urlTemplate\":\"https:\/\/quintsysteme.com\/shop\/?s={search_term_string}\"},\"query-input\":\"required name=search_term_string\"}],\"inLanguage\":\"de\"},{\"@type\":\"Organization\",\"@id\":\"https:\/\/quintsysteme.com\/shop\/#organization\",\"name\":\"QuintSysteme\",\"url\":\"https:\/\/quintsysteme.com\/shop\/\",\"logo\":{\"@type\":\"ImageObject\",\"inLanguage\":\"de\",\"@id\":\"https:\/\/quintsysteme.com\/shop\/#\/schema\/logo\/image\/\",\"url\":\"https:\/\/quintsysteme.com\/shop\/wp-content\/uploads\/sites\/2\/2016\/02\/shop-icon-b.png\",\"contentUrl\":\"https:\/\/quintsysteme.com\/shop\/wp-content\/uploads\/sites\/2\/2016\/02\/shop-icon-b.png\",\"width\":512,\"height\":512,\"caption\":\"QuintSysteme\"},\"image\":{\"@id\":\"https:\/\/quintsysteme.com\/shop\/#\/schema\/logo\/image\/\"}}]}<\/script>\n<!-- \/ Yoast SEO plugin. -->","yoast_head_json":{"title":"Widerrufsbelehrung - Webshop Quintsysteme","robots":{"index":"index","follow":"follow","max-snippet":"max-snippet:-1","max-image-preview":"max-image-preview:large","max-video-preview":"max-video-preview:-1"},"canonical":"https:\/\/quintsysteme.com\/shop\/widerrufsbelehrung\/","og_locale":"de_DE","og_type":"article","og_title":"Widerrufsbelehrung - Webshop Quintsysteme","og_description":"Widerrufsbelehrung Widerrufsrecht Sie haben das Recht, diesen Vertrag innerhalb von 14 Tagen ab dem Tag, an dem Sie oder ein von Ihnen benannter Dritter, der nicht Bef\u00f6rderer ist, die Ware (oder die letzte Ware, Teilsendung oder St\u00fcck im Falle eines Vertrags \u00fcber mehrere Waren einer einheitlichen Bestellung oder die Lieferung einer Ware in mehreren Teilsendungen [&hellip;]","og_url":"https:\/\/quintsysteme.com\/shop\/widerrufsbelehrung\/","og_site_name":"Webshop Quintsysteme","twitter_card":"summary_large_image","twitter_misc":{"Gesch\u00e4tzte Lesezeit":"3\u00a0Minuten"},"schema":{"@context":"https:\/\/schema.org","@graph":[{"@type":"WebPage","@id":"https:\/\/quintsysteme.com\/shop\/widerrufsbelehrung\/","url":"https:\/\/quintsysteme.com\/shop\/widerrufsbelehrung\/","name":"Widerrufsbelehrung - Webshop Quintsysteme","isPartOf":{"@id":"https:\/\/quintsysteme.com\/shop\/#website"},"datePublished":"2015-10-16T12:14:27+00:00","dateModified":"2015-10-16T12:14:27+00:00","breadcrumb":{"@id":"https:\/\/quintsysteme.com\/shop\/widerrufsbelehrung\/#breadcrumb"},"inLanguage":"de","potentialAction":[{"@type":"ReadAction","target":["https:\/\/quintsysteme.com\/shop\/widerrufsbelehrung\/"]}]},{"@type":"BreadcrumbList","@id":"https:\/\/quintsysteme.com\/shop\/widerrufsbelehrung\/#breadcrumb","itemListElement":[{"@type":"ListItem","position":1,"name":"Startseite","item":"https:\/\/quintsysteme.com\/shop\/"},{"@type":"ListItem","position":2,"name":"Widerrufsbelehrung"}]},{"@type":"WebSite","@id":"https:\/\/quintsysteme.com\/shop\/#website","url":"https:\/\/quintsysteme.com\/shop\/","name":"Webshop Quintsysteme","description":"Heimanwendungen nach Dr. med. Christian Steiner","publisher":{"@id":"https:\/\/quintsysteme.com\/shop\/#organization"},"potentialAction":[{"@type":"SearchAction","target":{"@type":"EntryPoint","urlTemplate":"https:\/\/quintsysteme.com\/shop\/?s={search_term_string}"},"query-input":"required name=search_term_string"}],"inLanguage":"de"},{"@type":"Organization","@id":"https:\/\/quintsysteme.com\/shop\/#organization","name":"QuintSysteme","url":"https:\/\/quintsysteme.com\/shop\/","logo":{"@type":"ImageObject","inLanguage":"de","@id":"https:\/\/quintsysteme.com\/shop\/#\/schema\/logo\/image\/","url":"https:\/\/quintsysteme.com\/shop\/wp-content\/uploads\/sites\/2\/2016\/02\/shop-icon-b.png","contentUrl":"https:\/\/quintsysteme.com\/shop\/wp-content\/uploads\/sites\/2\/2016\/02\/shop-icon-b.png","width":512,"height":512,"caption":"QuintSysteme"},"image":{"@id":"https:\/\/quintsysteme.com\/shop\/#\/schema\/logo\/image\/"}}]}},"_links":{"self":[{"href":"https:\/\/quintsysteme.com\/shop\/wp-json\/wp\/v2\/pages\/287"}],"collection":[{"href":"https:\/\/quintsysteme.com\/shop\/wp-json\/wp\/v2\/pages"}],"about":[{"href":"https:\/\/quintsysteme.com\/shop\/wp-json\/wp\/v2\/types\/page"}],"author":[{"embeddable":true,"href":"https:\/\/quintsysteme.com\/shop\/wp-json\/wp\/v2\/users\/12"}],"replies":[{"embeddable":true,"href":"https:\/\/quintsysteme.com\/shop\/wp-json\/wp\/v2\/comments?post=287"}],"version-history":[{"count":0,"href":"https:\/\/quintsysteme.com\/shop\/wp-json\/wp\/v2\/pages\/287\/revisions"}],"wp:attachment":[{"href":"https:\/\/quintsysteme.com\/shop\/wp-json\/wp\/v2\/media?parent=287"}],"curies":[{"name":"wp","href":"https:\/\/api.w.org\/{rel}","templated":true}]}}