{"id":288,"date":"2015-10-16T14:14:27","date_gmt":"2015-10-16T12:14:27","guid":{"rendered":"http:\/\/quintsysteme.com\/blog\/shop\/versandarten\/"},"modified":"2023-10-16T08:51:54","modified_gmt":"2023-10-16T06:51:54","slug":"versandkosten","status":"publish","type":"page","link":"https:\/\/quintsysteme.com\/shop\/versandkosten\/","title":{"rendered":"Versandkosten"},"content":{"rendered":"<h2>Versandkosten<\/h2>\n<p>Wir liefern nach \u00d6sterreich und Deutschland. Wir versenden Ihre Bestellung als versichertes Paket per Paketdienst.<br \/>\nDie Versandkosten betragen pro Bestellung (unabh\u00e4ngig vom Rechnungsbetrag):<\/p>\n<ul>\n<li>Lieferungen nach \u00d6sterreich: \u20ac 8,40 (inkl. 20% MwSt)<\/li>\n<li>Lieferungen nach Deutschland: \u20ac 13,09 (inkl. 19% MwSt)<\/li>\n<\/ul>\n<p>Falls Sie die Geld-zur\u00fcck-Garantie in Anspruch nehmen, ist der <strong>R\u00fcckversand f\u00fcr Sie kostenfrei<\/strong>.<\/p>\n","protected":false},"excerpt":{"rendered":"<p>Versandkosten Wir liefern nach \u00d6sterreich und Deutschland. Wir versenden Ihre Bestellung als versichertes Paket per Paketdienst. Die Versandkosten betragen pro Bestellung (unabh\u00e4ngig vom Rechnungsbetrag): Lieferungen nach \u00d6sterreich: \u20ac 8,40 (inkl. 20% MwSt) Lieferungen nach Deutschland: \u20ac 13,09 (inkl. 19% MwSt) Falls Sie die Geld-zur\u00fcck-Garantie in Anspruch nehmen, ist der R\u00fcckversand f\u00fcr Sie kostenfrei.<\/p>\n","protected":false},"author":39,"featured_media":0,"parent":0,"menu_order":0,"comment_status":"closed","ping_status":"closed","template":"","meta":[],"yoast_head":"<!-- This site is optimized with the Yoast SEO plugin v20.3 - https:\/\/yoast.com\/wordpress\/plugins\/seo\/ -->\n<title>Versandkosten - Webshop Quintsysteme<\/title>\n<meta name=\"robots\" content=\"index, follow, max-snippet:-1, max-image-preview:large, max-video-preview:-1\" \/>\n<link rel=\"canonical\" href=\"https:\/\/quintsysteme.com\/shop\/versandkosten\/\" \/>\n<meta property=\"og:locale\" content=\"de_DE\" \/>\n<meta property=\"og:type\" content=\"article\" \/>\n<meta property=\"og:title\" content=\"Versandkosten - Webshop Quintsysteme\" \/>\n<meta property=\"og:description\" content=\"Versandkosten Wir liefern nach \u00d6sterreich und Deutschland. Wir versenden Ihre Bestellung als versichertes Paket per Paketdienst. Die Versandkosten betragen pro Bestellung (unabh\u00e4ngig vom Rechnungsbetrag): Lieferungen nach \u00d6sterreich: \u20ac 8,40 (inkl. 20% MwSt) Lieferungen nach Deutschland: \u20ac 13,09 (inkl. 19% MwSt) Falls Sie die Geld-zur\u00fcck-Garantie in Anspruch nehmen, ist der R\u00fcckversand f\u00fcr Sie kostenfrei.\" \/>\n<meta property=\"og:url\" content=\"https:\/\/quintsysteme.com\/shop\/versandkosten\/\" \/>\n<meta property=\"og:site_name\" content=\"Webshop Quintsysteme\" \/>\n<meta property=\"article:modified_time\" content=\"2023-10-16T06:51:54+00:00\" \/>\n<meta name=\"twitter:card\" content=\"summary_large_image\" \/>\n<meta name=\"twitter:label1\" content=\"Gesch\u00e4tzte Lesezeit\" \/>\n\t<meta name=\"twitter:data1\" content=\"1\u00a0Minute\" \/>\n<script type=\"application\/ld+json\" class=\"yoast-schema-graph\">{\"@context\":\"https:\/\/schema.org\",\"@graph\":[{\"@type\":\"WebPage\",\"@id\":\"https:\/\/quintsysteme.com\/shop\/versandkosten\/\",\"url\":\"https:\/\/quintsysteme.com\/shop\/versandkosten\/\",\"name\":\"Versandkosten - Webshop Quintsysteme\",\"isPartOf\":{\"@id\":\"https:\/\/quintsysteme.com\/shop\/#website\"},\"datePublished\":\"2015-10-16T12:14:27+00:00\",\"dateModified\":\"2023-10-16T06:51:54+00:00\",\"breadcrumb\":{\"@id\":\"https:\/\/quintsysteme.com\/shop\/versandkosten\/#breadcrumb\"},\"inLanguage\":\"de\",\"potentialAction\":[{\"@type\":\"ReadAction\",\"target\":[\"https:\/\/quintsysteme.com\/shop\/versandkosten\/\"]}]},{\"@type\":\"BreadcrumbList\",\"@id\":\"https:\/\/quintsysteme.com\/shop\/versandkosten\/#breadcrumb\",\"itemListElement\":[{\"@type\":\"ListItem\",\"position\":1,\"name\":\"Startseite\",\"item\":\"https:\/\/quintsysteme.com\/shop\/\"},{\"@type\":\"ListItem\",\"position\":2,\"name\":\"Versandkosten\"}]},{\"@type\":\"WebSite\",\"@id\":\"https:\/\/quintsysteme.com\/shop\/#website\",\"url\":\"https:\/\/quintsysteme.com\/shop\/\",\"name\":\"Webshop Quintsysteme\",\"description\":\"Heimanwendungen nach Dr. med. Christian Steiner\",\"publisher\":{\"@id\":\"https:\/\/quintsysteme.com\/shop\/#organization\"},\"potentialAction\":[{\"@type\":\"SearchAction\",\"target\":{\"@type\":\"EntryPoint\",\"urlTemplate\":\"https:\/\/quintsysteme.com\/shop\/?s={search_term_string}\"},\"query-input\":\"required name=search_term_string\"}],\"inLanguage\":\"de\"},{\"@type\":\"Organization\",\"@id\":\"https:\/\/quintsysteme.com\/shop\/#organization\",\"name\":\"QuintSysteme\",\"url\":\"https:\/\/quintsysteme.com\/shop\/\",\"logo\":{\"@type\":\"ImageObject\",\"inLanguage\":\"de\",\"@id\":\"https:\/\/quintsysteme.com\/shop\/#\/schema\/logo\/image\/\",\"url\":\"https:\/\/quintsysteme.com\/shop\/wp-content\/uploads\/sites\/2\/2016\/02\/shop-icon-b.png\",\"contentUrl\":\"https:\/\/quintsysteme.com\/shop\/wp-content\/uploads\/sites\/2\/2016\/02\/shop-icon-b.png\",\"width\":512,\"height\":512,\"caption\":\"QuintSysteme\"},\"image\":{\"@id\":\"https:\/\/quintsysteme.com\/shop\/#\/schema\/logo\/image\/\"}}]}<\/script>\n<!-- \/ Yoast SEO plugin. -->","yoast_head_json":{"title":"Versandkosten - Webshop Quintsysteme","robots":{"index":"index","follow":"follow","max-snippet":"max-snippet:-1","max-image-preview":"max-image-preview:large","max-video-preview":"max-video-preview:-1"},"canonical":"https:\/\/quintsysteme.com\/shop\/versandkosten\/","og_locale":"de_DE","og_type":"article","og_title":"Versandkosten - Webshop Quintsysteme","og_description":"Versandkosten Wir liefern nach \u00d6sterreich und Deutschland. Wir versenden Ihre Bestellung als versichertes Paket per Paketdienst. Die Versandkosten betragen pro Bestellung (unabh\u00e4ngig vom Rechnungsbetrag): Lieferungen nach \u00d6sterreich: \u20ac 8,40 (inkl. 20% MwSt) Lieferungen nach Deutschland: \u20ac 13,09 (inkl. 19% MwSt) Falls Sie die Geld-zur\u00fcck-Garantie in Anspruch nehmen, ist der R\u00fcckversand f\u00fcr Sie kostenfrei.","og_url":"https:\/\/quintsysteme.com\/shop\/versandkosten\/","og_site_name":"Webshop Quintsysteme","article_modified_time":"2023-10-16T06:51:54+00:00","twitter_card":"summary_large_image","twitter_misc":{"Gesch\u00e4tzte Lesezeit":"1\u00a0Minute"},"schema":{"@context":"https:\/\/schema.org","@graph":[{"@type":"WebPage","@id":"https:\/\/quintsysteme.com\/shop\/versandkosten\/","url":"https:\/\/quintsysteme.com\/shop\/versandkosten\/","name":"Versandkosten - Webshop Quintsysteme","isPartOf":{"@id":"https:\/\/quintsysteme.com\/shop\/#website"},"datePublished":"2015-10-16T12:14:27+00:00","dateModified":"2023-10-16T06:51:54+00:00","breadcrumb":{"@id":"https:\/\/quintsysteme.com\/shop\/versandkosten\/#breadcrumb"},"inLanguage":"de","potentialAction":[{"@type":"ReadAction","target":["https:\/\/quintsysteme.com\/shop\/versandkosten\/"]}]},{"@type":"BreadcrumbList","@id":"https:\/\/quintsysteme.com\/shop\/versandkosten\/#breadcrumb","itemListElement":[{"@type":"ListItem","position":1,"name":"Startseite","item":"https:\/\/quintsysteme.com\/shop\/"},{"@type":"ListItem","position":2,"name":"Versandkosten"}]},{"@type":"WebSite","@id":"https:\/\/quintsysteme.com\/shop\/#website","url":"https:\/\/quintsysteme.com\/shop\/","name":"Webshop Quintsysteme","description":"Heimanwendungen nach Dr. med. Christian Steiner","publisher":{"@id":"https:\/\/quintsysteme.com\/shop\/#organization"},"potentialAction":[{"@type":"SearchAction","target":{"@type":"EntryPoint","urlTemplate":"https:\/\/quintsysteme.com\/shop\/?s={search_term_string}"},"query-input":"required name=search_term_string"}],"inLanguage":"de"},{"@type":"Organization","@id":"https:\/\/quintsysteme.com\/shop\/#organization","name":"QuintSysteme","url":"https:\/\/quintsysteme.com\/shop\/","logo":{"@type":"ImageObject","inLanguage":"de","@id":"https:\/\/quintsysteme.com\/shop\/#\/schema\/logo\/image\/","url":"https:\/\/quintsysteme.com\/shop\/wp-content\/uploads\/sites\/2\/2016\/02\/shop-icon-b.png","contentUrl":"https:\/\/quintsysteme.com\/shop\/wp-content\/uploads\/sites\/2\/2016\/02\/shop-icon-b.png","width":512,"height":512,"caption":"QuintSysteme"},"image":{"@id":"https:\/\/quintsysteme.com\/shop\/#\/schema\/logo\/image\/"}}]}},"_links":{"self":[{"href":"https:\/\/quintsysteme.com\/shop\/wp-json\/wp\/v2\/pages\/288"}],"collection":[{"href":"https:\/\/quintsysteme.com\/shop\/wp-json\/wp\/v2\/pages"}],"about":[{"href":"https:\/\/quintsysteme.com\/shop\/wp-json\/wp\/v2\/types\/page"}],"author":[{"embeddable":true,"href":"https:\/\/quintsysteme.com\/shop\/wp-json\/wp\/v2\/users\/39"}],"replies":[{"embeddable":true,"href":"https:\/\/quintsysteme.com\/shop\/wp-json\/wp\/v2\/comments?post=288"}],"version-history":[{"count":3,"href":"https:\/\/quintsysteme.com\/shop\/wp-json\/wp\/v2\/pages\/288\/revisions"}],"predecessor-version":[{"id":19897,"href":"https:\/\/quintsysteme.com\/shop\/wp-json\/wp\/v2\/pages\/288\/revisions\/19897"}],"wp:attachment":[{"href":"https:\/\/quintsysteme.com\/shop\/wp-json\/wp\/v2\/media?parent=288"}],"curies":[{"name":"wp","href":"https:\/\/api.w.org\/{rel}","templated":true}]}}