{"id":706,"date":"2017-09-12T15:43:43","date_gmt":"2017-09-12T13:43:43","guid":{"rendered":"https:\/\/quintsysteme.com\/shop\/?page_id=706"},"modified":"2018-03-21T13:22:52","modified_gmt":"2018-03-21T12:22:52","slug":"ruecksendung","status":"publish","type":"page","link":"https:\/\/quintsysteme.com\/shop\/ruecksendung\/","title":{"rendered":"R\u00fccksendung"},"content":{"rendered":"<h1>R\u00fccksendung<\/h1>\n<p>Sie sind mit unseren Produkten nicht restlos zufrieden? Kein Problem &#8211; bei uns haben Sie eine 30-t\u00e4gige Geld-zur\u00fcck Garantie.<\/p>\n<p>So senden Sie die Produkte zur\u00fcck:<\/p>\n<ol>\n<li>Beiliegenden Retourenschein ausf\u00fcllen<\/li>\n<li>Ger\u00e4t samt Zubeh\u00f6r und ausgef\u00fcllten Retourenschein verpacken, am besten im Originalkarton<\/li>\n<li>Beiliegendes R\u00fccksende-Etikett auf den Karton aufkleben<\/li>\n<li>Bringen Sie das Paket zu einer Annahmestelle unseres Paketdienstleisters GLS*. Adressen in Ihrer N\u00e4he finden Sie hier: <a href=\"https:\/\/gls-group.eu\/AT\/de\/depot-paketshop-suche\">https:\/\/gls-group.eu\/AT\/de\/depot-paketshop-suche<\/a><\/li>\n<li>Sie erhalten Ihr Geld binnen 5 Tagen nach Eingang des Pakets bei uns zur\u00fcck\u00fcberwiesen<\/li>\n<\/ol>\n<p><strong>*Achtung! Geben Sie das Paket unbedingt bei einem GLS-Paketshop auf! Bei einem unfrankierten R\u00fcckversand m\u00fcssen wir Ihnen die entstehenden Kosten von \u20ac 18,- vom Erstattungsbetrag abziehen<\/strong><\/p>\n","protected":false},"excerpt":{"rendered":"<p>R\u00fccksendung Sie sind mit unseren Produkten nicht restlos zufrieden? Kein Problem &#8211; bei uns haben Sie eine 30-t\u00e4gige Geld-zur\u00fcck Garantie. So senden Sie die Produkte zur\u00fcck: Beiliegenden Retourenschein ausf\u00fcllen Ger\u00e4t samt Zubeh\u00f6r und ausgef\u00fcllten Retourenschein verpacken, am besten im Originalkarton Beiliegendes R\u00fccksende-Etikett auf den Karton aufkleben Bringen Sie das Paket zu einer Annahmestelle unseres Paketdienstleisters [&hellip;]<\/p>\n","protected":false},"author":1,"featured_media":0,"parent":0,"menu_order":0,"comment_status":"closed","ping_status":"closed","template":"","meta":[],"yoast_head":"<!-- This site is optimized with the Yoast SEO plugin v20.3 - https:\/\/yoast.com\/wordpress\/plugins\/seo\/ -->\n<title>R\u00fccksendung - Webshop Quintsysteme<\/title>\n<meta name=\"robots\" content=\"index, follow, max-snippet:-1, max-image-preview:large, max-video-preview:-1\" \/>\n<link rel=\"canonical\" href=\"https:\/\/quintsysteme.com\/shop\/ruecksendung\/\" \/>\n<meta property=\"og:locale\" content=\"de_DE\" \/>\n<meta property=\"og:type\" content=\"article\" \/>\n<meta property=\"og:title\" content=\"R\u00fccksendung - Webshop Quintsysteme\" \/>\n<meta property=\"og:description\" content=\"R\u00fccksendung Sie sind mit unseren Produkten nicht restlos zufrieden? Kein Problem &#8211; bei uns haben Sie eine 30-t\u00e4gige Geld-zur\u00fcck Garantie. So senden Sie die Produkte zur\u00fcck: Beiliegenden Retourenschein ausf\u00fcllen Ger\u00e4t samt Zubeh\u00f6r und ausgef\u00fcllten Retourenschein verpacken, am besten im Originalkarton Beiliegendes R\u00fccksende-Etikett auf den Karton aufkleben Bringen Sie das Paket zu einer Annahmestelle unseres Paketdienstleisters [&hellip;]\" \/>\n<meta property=\"og:url\" content=\"https:\/\/quintsysteme.com\/shop\/ruecksendung\/\" \/>\n<meta property=\"og:site_name\" content=\"Webshop Quintsysteme\" \/>\n<meta property=\"article:modified_time\" content=\"2018-03-21T12:22:52+00:00\" \/>\n<meta name=\"twitter:card\" content=\"summary_large_image\" \/>\n<meta name=\"twitter:label1\" content=\"Gesch\u00e4tzte Lesezeit\" \/>\n\t<meta name=\"twitter:data1\" content=\"1\u00a0Minute\" \/>\n<script type=\"application\/ld+json\" class=\"yoast-schema-graph\">{\"@context\":\"https:\/\/schema.org\",\"@graph\":[{\"@type\":\"WebPage\",\"@id\":\"https:\/\/quintsysteme.com\/shop\/ruecksendung\/\",\"url\":\"https:\/\/quintsysteme.com\/shop\/ruecksendung\/\",\"name\":\"R\u00fccksendung - Webshop Quintsysteme\",\"isPartOf\":{\"@id\":\"https:\/\/quintsysteme.com\/shop\/#website\"},\"datePublished\":\"2017-09-12T13:43:43+00:00\",\"dateModified\":\"2018-03-21T12:22:52+00:00\",\"breadcrumb\":{\"@id\":\"https:\/\/quintsysteme.com\/shop\/ruecksendung\/#breadcrumb\"},\"inLanguage\":\"de\",\"potentialAction\":[{\"@type\":\"ReadAction\",\"target\":[\"https:\/\/quintsysteme.com\/shop\/ruecksendung\/\"]}]},{\"@type\":\"BreadcrumbList\",\"@id\":\"https:\/\/quintsysteme.com\/shop\/ruecksendung\/#breadcrumb\",\"itemListElement\":[{\"@type\":\"ListItem\",\"position\":1,\"name\":\"Startseite\",\"item\":\"https:\/\/quintsysteme.com\/shop\/\"},{\"@type\":\"ListItem\",\"position\":2,\"name\":\"R\u00fccksendung\"}]},{\"@type\":\"WebSite\",\"@id\":\"https:\/\/quintsysteme.com\/shop\/#website\",\"url\":\"https:\/\/quintsysteme.com\/shop\/\",\"name\":\"Webshop Quintsysteme\",\"description\":\"Heimanwendungen nach Dr. med. Christian Steiner\",\"publisher\":{\"@id\":\"https:\/\/quintsysteme.com\/shop\/#organization\"},\"potentialAction\":[{\"@type\":\"SearchAction\",\"target\":{\"@type\":\"EntryPoint\",\"urlTemplate\":\"https:\/\/quintsysteme.com\/shop\/?s={search_term_string}\"},\"query-input\":\"required name=search_term_string\"}],\"inLanguage\":\"de\"},{\"@type\":\"Organization\",\"@id\":\"https:\/\/quintsysteme.com\/shop\/#organization\",\"name\":\"QuintSysteme\",\"url\":\"https:\/\/quintsysteme.com\/shop\/\",\"logo\":{\"@type\":\"ImageObject\",\"inLanguage\":\"de\",\"@id\":\"https:\/\/quintsysteme.com\/shop\/#\/schema\/logo\/image\/\",\"url\":\"https:\/\/quintsysteme.com\/shop\/wp-content\/uploads\/sites\/2\/2016\/02\/shop-icon-b.png\",\"contentUrl\":\"https:\/\/quintsysteme.com\/shop\/wp-content\/uploads\/sites\/2\/2016\/02\/shop-icon-b.png\",\"width\":512,\"height\":512,\"caption\":\"QuintSysteme\"},\"image\":{\"@id\":\"https:\/\/quintsysteme.com\/shop\/#\/schema\/logo\/image\/\"}}]}<\/script>\n<!-- \/ Yoast SEO plugin. -->","yoast_head_json":{"title":"R\u00fccksendung - Webshop Quintsysteme","robots":{"index":"index","follow":"follow","max-snippet":"max-snippet:-1","max-image-preview":"max-image-preview:large","max-video-preview":"max-video-preview:-1"},"canonical":"https:\/\/quintsysteme.com\/shop\/ruecksendung\/","og_locale":"de_DE","og_type":"article","og_title":"R\u00fccksendung - Webshop Quintsysteme","og_description":"R\u00fccksendung Sie sind mit unseren Produkten nicht restlos zufrieden? Kein Problem &#8211; bei uns haben Sie eine 30-t\u00e4gige Geld-zur\u00fcck Garantie. So senden Sie die Produkte zur\u00fcck: Beiliegenden Retourenschein ausf\u00fcllen Ger\u00e4t samt Zubeh\u00f6r und ausgef\u00fcllten Retourenschein verpacken, am besten im Originalkarton Beiliegendes R\u00fccksende-Etikett auf den Karton aufkleben Bringen Sie das Paket zu einer Annahmestelle unseres Paketdienstleisters [&hellip;]","og_url":"https:\/\/quintsysteme.com\/shop\/ruecksendung\/","og_site_name":"Webshop Quintsysteme","article_modified_time":"2018-03-21T12:22:52+00:00","twitter_card":"summary_large_image","twitter_misc":{"Gesch\u00e4tzte Lesezeit":"1\u00a0Minute"},"schema":{"@context":"https:\/\/schema.org","@graph":[{"@type":"WebPage","@id":"https:\/\/quintsysteme.com\/shop\/ruecksendung\/","url":"https:\/\/quintsysteme.com\/shop\/ruecksendung\/","name":"R\u00fccksendung - Webshop Quintsysteme","isPartOf":{"@id":"https:\/\/quintsysteme.com\/shop\/#website"},"datePublished":"2017-09-12T13:43:43+00:00","dateModified":"2018-03-21T12:22:52+00:00","breadcrumb":{"@id":"https:\/\/quintsysteme.com\/shop\/ruecksendung\/#breadcrumb"},"inLanguage":"de","potentialAction":[{"@type":"ReadAction","target":["https:\/\/quintsysteme.com\/shop\/ruecksendung\/"]}]},{"@type":"BreadcrumbList","@id":"https:\/\/quintsysteme.com\/shop\/ruecksendung\/#breadcrumb","itemListElement":[{"@type":"ListItem","position":1,"name":"Startseite","item":"https:\/\/quintsysteme.com\/shop\/"},{"@type":"ListItem","position":2,"name":"R\u00fccksendung"}]},{"@type":"WebSite","@id":"https:\/\/quintsysteme.com\/shop\/#website","url":"https:\/\/quintsysteme.com\/shop\/","name":"Webshop Quintsysteme","description":"Heimanwendungen nach Dr. med. Christian Steiner","publisher":{"@id":"https:\/\/quintsysteme.com\/shop\/#organization"},"potentialAction":[{"@type":"SearchAction","target":{"@type":"EntryPoint","urlTemplate":"https:\/\/quintsysteme.com\/shop\/?s={search_term_string}"},"query-input":"required name=search_term_string"}],"inLanguage":"de"},{"@type":"Organization","@id":"https:\/\/quintsysteme.com\/shop\/#organization","name":"QuintSysteme","url":"https:\/\/quintsysteme.com\/shop\/","logo":{"@type":"ImageObject","inLanguage":"de","@id":"https:\/\/quintsysteme.com\/shop\/#\/schema\/logo\/image\/","url":"https:\/\/quintsysteme.com\/shop\/wp-content\/uploads\/sites\/2\/2016\/02\/shop-icon-b.png","contentUrl":"https:\/\/quintsysteme.com\/shop\/wp-content\/uploads\/sites\/2\/2016\/02\/shop-icon-b.png","width":512,"height":512,"caption":"QuintSysteme"},"image":{"@id":"https:\/\/quintsysteme.com\/shop\/#\/schema\/logo\/image\/"}}]}},"_links":{"self":[{"href":"https:\/\/quintsysteme.com\/shop\/wp-json\/wp\/v2\/pages\/706"}],"collection":[{"href":"https:\/\/quintsysteme.com\/shop\/wp-json\/wp\/v2\/pages"}],"about":[{"href":"https:\/\/quintsysteme.com\/shop\/wp-json\/wp\/v2\/types\/page"}],"author":[{"embeddable":true,"href":"https:\/\/quintsysteme.com\/shop\/wp-json\/wp\/v2\/users\/1"}],"replies":[{"embeddable":true,"href":"https:\/\/quintsysteme.com\/shop\/wp-json\/wp\/v2\/comments?post=706"}],"version-history":[{"count":6,"href":"https:\/\/quintsysteme.com\/shop\/wp-json\/wp\/v2\/pages\/706\/revisions"}],"predecessor-version":[{"id":936,"href":"https:\/\/quintsysteme.com\/shop\/wp-json\/wp\/v2\/pages\/706\/revisions\/936"}],"wp:attachment":[{"href":"https:\/\/quintsysteme.com\/shop\/wp-json\/wp\/v2\/media?parent=706"}],"curies":[{"name":"wp","href":"https:\/\/api.w.org\/{rel}","templated":true}]}}