{"id":860,"date":"2018-03-12T19:07:15","date_gmt":"2018-03-12T18:07:15","guid":{"rendered":"https:\/\/quintsysteme.com\/shop\/?page_id=860"},"modified":"2021-01-03T18:07:09","modified_gmt":"2021-01-03T17:07:09","slug":"new-home-page","status":"publish","type":"page","link":"https:\/\/quintsysteme.com\/shop\/","title":{"rendered":"Shop-Startseite"},"content":{"rendered":"<div id=\"pl-860\"  class=\"panel-layout\" ><div id=\"pg-860-0\"  class=\"panel-grid panel-no-style\" ><div id=\"pgc-860-0-0\"  class=\"panel-grid-cell\" ><div id=\"panel-860-0-0-0\" class=\"so-panel widget widget_media_image panel-first-child\" data-index=\"0\" ><img width=\"968\" height=\"399\" src=\"https:\/\/quintsysteme.com\/shop\/wp-content\/uploads\/sites\/2\/2019\/09\/energy_woman.jpg\" class=\"image wp-image-1057  attachment-full size-full\" alt=\"Mehr Energie mit Quiint-Technologie\" decoding=\"async\" loading=\"lazy\" style=\"max-width: 100%; height: auto;\" srcset=\"https:\/\/quintsysteme.com\/shop\/wp-content\/uploads\/sites\/2\/2019\/09\/energy_woman.jpg 968w, https:\/\/quintsysteme.com\/shop\/wp-content\/uploads\/sites\/2\/2019\/09\/energy_woman-300x124.jpg 300w, https:\/\/quintsysteme.com\/shop\/wp-content\/uploads\/sites\/2\/2019\/09\/energy_woman-768x317.jpg 768w, https:\/\/quintsysteme.com\/shop\/wp-content\/uploads\/sites\/2\/2019\/09\/energy_woman-600x247.jpg 600w\" sizes=\"(max-width: 968px) 100vw, 968px\" \/><\/div><div id=\"panel-860-0-0-1\" class=\"so-panel widget widget_sow-editor panel-last-child\" data-index=\"1\" ><div\n\t\t\t\n\t\t\tclass=\"so-widget-sow-editor so-widget-sow-editor-base\"\n\t\t\t\n\t\t>\n<div class=\"siteorigin-widget-tinymce textwidget\">\n\t<h1>Fortgeschrittene bioenergetische Heimanwendungen von QuintSysteme<\/h1>\n<h3>Entwickelt von Dr. Christian Steiner<\/h3>\n<\/div>\n<\/div><\/div><\/div><\/div><div id=\"pg-860-1\"  class=\"panel-grid panel-no-style\" ><div id=\"pgc-860-1-0\"  class=\"panel-grid-cell\" ><div id=\"panel-860-1-0-0\" class=\"so-panel widget widget_woocommerce_products woocommerce widget_products panel-first-child panel-last-child\" data-index=\"2\" ><div id=\"new-page-home\" class=\"panel-widget-style panel-widget-style-for-860-1-0-0\" ><ul class=\"product_list_widget\"><li>\n\t<a data-gtm4wp_product_id=\"821\" data-gtm4wp_product_name=\"QuintFilm (3-er Pack)\" data-gtm4wp_product_price=\"54\" data-gtm4wp_product_cat=\"Anti-E-Smog\" data-gtm4wp_product_url=\"https:\/\/quintsysteme.com\/shop\/produkt\/quintfilm-doppelpack\/\" data-gtm4wp_productlist_name=\" (widget)\" data-gtm4wp_product_listposition=\"1\" data-gtm4wp_product_stocklevel=\"\" data-gtm4wp_product_brand=\"\" href=\"https:\/\/quintsysteme.com\/shop\/produkt\/quintfilm-doppelpack\/\" title=\"QuintFilm (3-er Pack)\">\n\t\t<span class=\"left\">\n\t\t\t<span class=\"img\"><img width=\"300\" height=\"300\" src=\"https:\/\/quintsysteme.com\/shop\/wp-content\/uploads\/sites\/2\/2018\/03\/Quintfilm-frei-1-300x300.jpg\" class=\"attachment-woocommerce_thumbnail size-woocommerce_thumbnail\" alt=\"\" decoding=\"async\" loading=\"lazy\" srcset=\"https:\/\/quintsysteme.com\/shop\/wp-content\/uploads\/sites\/2\/2018\/03\/Quintfilm-frei-1-300x300.jpg 300w, https:\/\/quintsysteme.com\/shop\/wp-content\/uploads\/sites\/2\/2018\/03\/Quintfilm-frei-1-150x150.jpg 150w, https:\/\/quintsysteme.com\/shop\/wp-content\/uploads\/sites\/2\/2018\/03\/Quintfilm-frei-1-768x768.jpg 768w, https:\/\/quintsysteme.com\/shop\/wp-content\/uploads\/sites\/2\/2018\/03\/Quintfilm-frei-1-1024x1024.jpg 1024w, https:\/\/quintsysteme.com\/shop\/wp-content\/uploads\/sites\/2\/2018\/03\/Quintfilm-frei-1-600x600.jpg 600w, https:\/\/quintsysteme.com\/shop\/wp-content\/uploads\/sites\/2\/2018\/03\/Quintfilm-frei-1.jpg 1200w\" sizes=\"(max-width: 300px) 100vw, 300px\" \/><\/span>\n\t\t<\/span>\n\t\t<span class=\"right\">\n\t\t\t<span class=\"title\">QuintFilm (3-er Pack)<\/span>\n\t\t\t<span class=\"rating\"><\/span>\n\t\t\t<span class=\"price\"><del><span class=\"woocommerce-Price-amount amount\">60,00&nbsp;<span class=\"woocommerce-Price-currencySymbol\">&euro;<\/span><\/span><\/del> <ins><span class=\"woocommerce-Price-amount amount\">54,00&nbsp;<span class=\"woocommerce-Price-currencySymbol\">&euro;<\/span><\/span><\/ins><\/span>\n\t\t<\/span>\n\t<\/a>\n<\/li><li>\n\t<a data-gtm4wp_product_id=\"803\" data-gtm4wp_product_name=\"QuintStick\" data-gtm4wp_product_price=\"150\" data-gtm4wp_product_cat=\"Anti-E-Smog\" data-gtm4wp_product_url=\"https:\/\/quintsysteme.com\/shop\/produkt\/quintstick\/\" data-gtm4wp_productlist_name=\" (widget)\" data-gtm4wp_product_listposition=\"2\" data-gtm4wp_product_stocklevel=\"\" data-gtm4wp_product_brand=\"\" href=\"https:\/\/quintsysteme.com\/shop\/produkt\/quintstick\/\" title=\"QuintStick\">\n\t\t<span class=\"left\">\n\t\t\t<span class=\"img\"><img width=\"300\" height=\"300\" src=\"https:\/\/quintsysteme.com\/shop\/wp-content\/uploads\/sites\/2\/2016\/02\/Stick-3.jpg\" class=\"attachment-woocommerce_thumbnail size-woocommerce_thumbnail\" alt=\"\" decoding=\"async\" loading=\"lazy\" srcset=\"https:\/\/quintsysteme.com\/shop\/wp-content\/uploads\/sites\/2\/2016\/02\/Stick-3.jpg 1000w, https:\/\/quintsysteme.com\/shop\/wp-content\/uploads\/sites\/2\/2016\/02\/Stick-3-150x150.jpg 150w, https:\/\/quintsysteme.com\/shop\/wp-content\/uploads\/sites\/2\/2016\/02\/Stick-3-300x300.jpg 300w, https:\/\/quintsysteme.com\/shop\/wp-content\/uploads\/sites\/2\/2016\/02\/Stick-3-120x120.jpg 120w, https:\/\/quintsysteme.com\/shop\/wp-content\/uploads\/sites\/2\/2016\/02\/Stick-3-600x600.jpg 600w\" sizes=\"(max-width: 300px) 100vw, 300px\" \/><\/span>\n\t\t<\/span>\n\t\t<span class=\"right\">\n\t\t\t<span class=\"title\">QuintStick<\/span>\n\t\t\t<span class=\"rating\"><\/span>\n\t\t\t<span class=\"price\"><span class=\"woocommerce-Price-amount amount\">150,00&nbsp;<span class=\"woocommerce-Price-currencySymbol\">&euro;<\/span><\/span><\/span>\n\t\t<\/span>\n\t<\/a>\n<\/li><li>\n\t<a data-gtm4wp_product_id=\"362\" data-gtm4wp_product_name=\"Sleepbox\" data-gtm4wp_product_price=\"240\" data-gtm4wp_product_cat=\"Anti-E-Smog\" data-gtm4wp_product_url=\"https:\/\/quintsysteme.com\/shop\/produkt\/sleepbox\/\" data-gtm4wp_productlist_name=\" (widget)\" data-gtm4wp_product_listposition=\"3\" data-gtm4wp_product_stocklevel=\"\" data-gtm4wp_product_brand=\"\" href=\"https:\/\/quintsysteme.com\/shop\/produkt\/sleepbox\/\" title=\"Sleepbox\">\n\t\t<span class=\"left\">\n\t\t\t<span class=\"img\"><img width=\"300\" height=\"300\" src=\"https:\/\/quintsysteme.com\/shop\/wp-content\/uploads\/sites\/2\/2017\/09\/sleepbox-frontal.jpg\" class=\"attachment-woocommerce_thumbnail size-woocommerce_thumbnail\" alt=\"\" decoding=\"async\" loading=\"lazy\" srcset=\"https:\/\/quintsysteme.com\/shop\/wp-content\/uploads\/sites\/2\/2017\/09\/sleepbox-frontal.jpg 1000w, https:\/\/quintsysteme.com\/shop\/wp-content\/uploads\/sites\/2\/2017\/09\/sleepbox-frontal-150x150.jpg 150w, https:\/\/quintsysteme.com\/shop\/wp-content\/uploads\/sites\/2\/2017\/09\/sleepbox-frontal-300x300.jpg 300w, https:\/\/quintsysteme.com\/shop\/wp-content\/uploads\/sites\/2\/2017\/09\/sleepbox-frontal-768x768.jpg 768w, https:\/\/quintsysteme.com\/shop\/wp-content\/uploads\/sites\/2\/2017\/09\/sleepbox-frontal-120x120.jpg 120w, https:\/\/quintsysteme.com\/shop\/wp-content\/uploads\/sites\/2\/2017\/09\/sleepbox-frontal-600x600.jpg 600w\" sizes=\"(max-width: 300px) 100vw, 300px\" \/><\/span>\n\t\t<\/span>\n\t\t<span class=\"right\">\n\t\t\t<span class=\"title\">Sleepbox<\/span>\n\t\t\t<span class=\"rating\"><\/span>\n\t\t\t<span class=\"price\"><span class=\"woocommerce-Price-amount amount\">240,00&nbsp;<span class=\"woocommerce-Price-currencySymbol\">&euro;<\/span><\/span><\/span>\n\t\t<\/span>\n\t<\/a>\n<\/li><li>\n\t<a data-gtm4wp_product_id=\"805\" data-gtm4wp_product_name=\"QuintBox 3\" data-gtm4wp_product_price=\"360\" data-gtm4wp_product_cat=\"Holopathie-Heimanwendung\" data-gtm4wp_product_url=\"https:\/\/quintsysteme.com\/shop\/produkt\/quintbox-3\/\" data-gtm4wp_productlist_name=\" (widget)\" data-gtm4wp_product_listposition=\"4\" data-gtm4wp_product_stocklevel=\"\" data-gtm4wp_product_brand=\"\" href=\"https:\/\/quintsysteme.com\/shop\/produkt\/quintbox-3\/\" title=\"QuintBox 3\">\n\t\t<span class=\"left\">\n\t\t\t<span class=\"img\"><img width=\"300\" height=\"300\" src=\"https:\/\/quintsysteme.com\/shop\/wp-content\/uploads\/sites\/2\/2018\/03\/quintbox3-300x300.jpg\" class=\"attachment-woocommerce_thumbnail size-woocommerce_thumbnail\" alt=\"\" decoding=\"async\" loading=\"lazy\" srcset=\"https:\/\/quintsysteme.com\/shop\/wp-content\/uploads\/sites\/2\/2018\/03\/quintbox3-300x300.jpg 300w, https:\/\/quintsysteme.com\/shop\/wp-content\/uploads\/sites\/2\/2018\/03\/quintbox3-150x150.jpg 150w, https:\/\/quintsysteme.com\/shop\/wp-content\/uploads\/sites\/2\/2018\/03\/quintbox3-768x768.jpg 768w, https:\/\/quintsysteme.com\/shop\/wp-content\/uploads\/sites\/2\/2018\/03\/quintbox3-1024x1024.jpg 1024w, https:\/\/quintsysteme.com\/shop\/wp-content\/uploads\/sites\/2\/2018\/03\/quintbox3-600x600.jpg 600w, https:\/\/quintsysteme.com\/shop\/wp-content\/uploads\/sites\/2\/2018\/03\/quintbox3.jpg 1200w\" sizes=\"(max-width: 300px) 100vw, 300px\" \/><\/span>\n\t\t<\/span>\n\t\t<span class=\"right\">\n\t\t\t<span class=\"title\">QuintBox 3<\/span>\n\t\t\t<span class=\"rating\"><\/span>\n\t\t\t<span class=\"price\"><span class=\"woocommerce-Price-amount amount\">360,00&nbsp;<span class=\"woocommerce-Price-currencySymbol\">&euro;<\/span><\/span><\/span>\n\t\t<\/span>\n\t<\/a>\n<\/li><li>\n\t<a data-gtm4wp_product_id=\"808\" data-gtm4wp_product_name=\"QuintPlug\" data-gtm4wp_product_price=\"465\" data-gtm4wp_product_cat=\"Anti-E-Smog\" data-gtm4wp_product_url=\"https:\/\/quintsysteme.com\/shop\/produkt\/quintplug\/\" data-gtm4wp_productlist_name=\" (widget)\" data-gtm4wp_product_listposition=\"5\" data-gtm4wp_product_stocklevel=\"\" data-gtm4wp_product_brand=\"\" href=\"https:\/\/quintsysteme.com\/shop\/produkt\/quintplug\/\" title=\"QuintPlug\">\n\t\t<span class=\"left\">\n\t\t\t<span class=\"img\"><img width=\"300\" height=\"300\" src=\"https:\/\/quintsysteme.com\/shop\/wp-content\/uploads\/sites\/2\/2018\/03\/QuintPlug02-300x300.jpg\" class=\"attachment-woocommerce_thumbnail size-woocommerce_thumbnail\" alt=\"\" decoding=\"async\" loading=\"lazy\" srcset=\"https:\/\/quintsysteme.com\/shop\/wp-content\/uploads\/sites\/2\/2018\/03\/QuintPlug02-300x300.jpg 300w, https:\/\/quintsysteme.com\/shop\/wp-content\/uploads\/sites\/2\/2018\/03\/QuintPlug02-150x150.jpg 150w, https:\/\/quintsysteme.com\/shop\/wp-content\/uploads\/sites\/2\/2018\/03\/QuintPlug02-768x768.jpg 768w, https:\/\/quintsysteme.com\/shop\/wp-content\/uploads\/sites\/2\/2018\/03\/QuintPlug02-600x600.jpg 600w, https:\/\/quintsysteme.com\/shop\/wp-content\/uploads\/sites\/2\/2018\/03\/QuintPlug02.jpg 930w\" sizes=\"(max-width: 300px) 100vw, 300px\" \/><\/span>\n\t\t<\/span>\n\t\t<span class=\"right\">\n\t\t\t<span class=\"title\">QuintPlug<\/span>\n\t\t\t<span class=\"rating\"><\/span>\n\t\t\t<span class=\"price\"><span class=\"woocommerce-Price-amount amount\">465,00&nbsp;<span class=\"woocommerce-Price-currencySymbol\">&euro;<\/span><\/span><\/span>\n\t\t<\/span>\n\t<\/a>\n<\/li><\/ul><\/div><\/div><\/div><\/div><div id=\"pg-860-2\"  class=\"panel-grid panel-no-style\" ><div id=\"pgc-860-2-0\"  class=\"panel-grid-cell\" ><div id=\"panel-860-2-0-0\" class=\"so-panel widget widget_sow-editor panel-first-child panel-last-child\" data-index=\"3\" ><div\n\t\t\t\n\t\t\tclass=\"so-widget-sow-editor so-widget-sow-editor-base\"\n\t\t\t\n\t\t>\n<div class=\"siteorigin-widget-tinymce textwidget\">\n\t<p>Hinweis: Das Funktions- und Wirkprinzip unserer Produkte beruht auf \u00fcber 25-j\u00e4hriger Erfahrung mit dem Ausgleich der k\u00f6rpereigenen Energien auf der Grundlage der Energie- und Informationsmedizin. Diese Prinzipien sind wissenschaftlich nicht anerkannt, die Wirkung ist wissenschaftlich nicht erwiesen.<\/p>\n<\/div>\n<\/div><\/div><\/div><\/div><\/div>","protected":false},"excerpt":{"rendered":"<p>Fortgeschrittene bioenergetische Heimanwendungen von QuintSysteme Entwickelt von Dr. Christian Steiner Hinweis: Das Funktions- und Wirkprinzip unserer Produkte beruht auf \u00fcber 25-j\u00e4hriger Erfahrung mit dem Ausgleich der k\u00f6rpereigenen Energien auf der Grundlage der Energie- und Informationsmedizin. Diese Prinzipien sind wissenschaftlich nicht anerkannt, die Wirkung ist wissenschaftlich nicht erwiesen.<\/p>\n","protected":false},"author":28,"featured_media":0,"parent":0,"menu_order":0,"comment_status":"closed","ping_status":"closed","template":"","meta":[],"yoast_head":"<!-- This site is optimized with the Yoast SEO plugin v20.3 - https:\/\/yoast.com\/wordpress\/plugins\/seo\/ -->\n<title>Shop-Startseite - Webshop Quintsysteme<\/title>\n<meta name=\"description\" content=\"Leiden Sie unter E-Smog Belastung? Radikal neue Technologie zum bioenergetischen E-Smog Ausgleich - Geld zur\u00fcck-Garantie: 4 Wochen lang ohne Risiko testen!\" \/>\n<meta name=\"robots\" content=\"index, follow, max-snippet:-1, max-image-preview:large, max-video-preview:-1\" \/>\n<link rel=\"canonical\" href=\"https:\/\/quintsysteme.com\/shop\/\" \/>\n<meta property=\"og:locale\" content=\"de_DE\" \/>\n<meta property=\"og:type\" content=\"article\" \/>\n<meta property=\"og:title\" content=\"Shop-Startseite - Webshop Quintsysteme\" \/>\n<meta property=\"og:description\" content=\"Leiden Sie unter E-Smog Belastung? Radikal neue Technologie zum bioenergetischen E-Smog Ausgleich - Geld zur\u00fcck-Garantie: 4 Wochen lang ohne Risiko testen!\" \/>\n<meta property=\"og:url\" content=\"https:\/\/quintsysteme.com\/shop\/\" \/>\n<meta property=\"og:site_name\" content=\"Webshop Quintsysteme\" \/>\n<meta property=\"article:modified_time\" content=\"2021-01-03T17:07:09+00:00\" \/>\n<meta name=\"twitter:card\" content=\"summary_large_image\" \/>\n<script type=\"application\/ld+json\" class=\"yoast-schema-graph\">{\"@context\":\"https:\/\/schema.org\",\"@graph\":[{\"@type\":\"WebPage\",\"@id\":\"https:\/\/quintsysteme.com\/shop\/\",\"url\":\"https:\/\/quintsysteme.com\/shop\/\",\"name\":\"Shop-Startseite - Webshop Quintsysteme\",\"isPartOf\":{\"@id\":\"https:\/\/quintsysteme.com\/shop\/#website\"},\"datePublished\":\"2018-03-12T18:07:15+00:00\",\"dateModified\":\"2021-01-03T17:07:09+00:00\",\"description\":\"Leiden Sie unter E-Smog Belastung? Radikal neue Technologie zum bioenergetischen E-Smog Ausgleich - Geld zur\u00fcck-Garantie: 4 Wochen lang ohne Risiko testen!\",\"breadcrumb\":{\"@id\":\"https:\/\/quintsysteme.com\/shop\/#breadcrumb\"},\"inLanguage\":\"de\",\"potentialAction\":[{\"@type\":\"ReadAction\",\"target\":[\"https:\/\/quintsysteme.com\/shop\/\"]}]},{\"@type\":\"BreadcrumbList\",\"@id\":\"https:\/\/quintsysteme.com\/shop\/#breadcrumb\",\"itemListElement\":[{\"@type\":\"ListItem\",\"position\":1,\"name\":\"Startseite\",\"item\":\"https:\/\/quintsysteme.com\/shop\/\"},{\"@type\":\"ListItem\",\"position\":2,\"name\":\"Shop-Startseite\"}]},{\"@type\":\"WebSite\",\"@id\":\"https:\/\/quintsysteme.com\/shop\/#website\",\"url\":\"https:\/\/quintsysteme.com\/shop\/\",\"name\":\"Webshop Quintsysteme\",\"description\":\"Heimanwendungen nach Dr. med. Christian Steiner\",\"publisher\":{\"@id\":\"https:\/\/quintsysteme.com\/shop\/#organization\"},\"potentialAction\":[{\"@type\":\"SearchAction\",\"target\":{\"@type\":\"EntryPoint\",\"urlTemplate\":\"https:\/\/quintsysteme.com\/shop\/?s={search_term_string}\"},\"query-input\":\"required name=search_term_string\"}],\"inLanguage\":\"de\"},{\"@type\":\"Organization\",\"@id\":\"https:\/\/quintsysteme.com\/shop\/#organization\",\"name\":\"QuintSysteme\",\"url\":\"https:\/\/quintsysteme.com\/shop\/\",\"logo\":{\"@type\":\"ImageObject\",\"inLanguage\":\"de\",\"@id\":\"https:\/\/quintsysteme.com\/shop\/#\/schema\/logo\/image\/\",\"url\":\"https:\/\/quintsysteme.com\/shop\/wp-content\/uploads\/sites\/2\/2016\/02\/shop-icon-b.png\",\"contentUrl\":\"https:\/\/quintsysteme.com\/shop\/wp-content\/uploads\/sites\/2\/2016\/02\/shop-icon-b.png\",\"width\":512,\"height\":512,\"caption\":\"QuintSysteme\"},\"image\":{\"@id\":\"https:\/\/quintsysteme.com\/shop\/#\/schema\/logo\/image\/\"}}]}<\/script>\n<!-- \/ Yoast SEO plugin. -->","yoast_head_json":{"title":"Shop-Startseite - Webshop Quintsysteme","description":"Leiden Sie unter E-Smog Belastung? Radikal neue Technologie zum bioenergetischen E-Smog Ausgleich - Geld zur\u00fcck-Garantie: 4 Wochen lang ohne Risiko testen!","robots":{"index":"index","follow":"follow","max-snippet":"max-snippet:-1","max-image-preview":"max-image-preview:large","max-video-preview":"max-video-preview:-1"},"canonical":"https:\/\/quintsysteme.com\/shop\/","og_locale":"de_DE","og_type":"article","og_title":"Shop-Startseite - Webshop Quintsysteme","og_description":"Leiden Sie unter E-Smog Belastung? Radikal neue Technologie zum bioenergetischen E-Smog Ausgleich - Geld zur\u00fcck-Garantie: 4 Wochen lang ohne Risiko testen!","og_url":"https:\/\/quintsysteme.com\/shop\/","og_site_name":"Webshop Quintsysteme","article_modified_time":"2021-01-03T17:07:09+00:00","twitter_card":"summary_large_image","schema":{"@context":"https:\/\/schema.org","@graph":[{"@type":"WebPage","@id":"https:\/\/quintsysteme.com\/shop\/","url":"https:\/\/quintsysteme.com\/shop\/","name":"Shop-Startseite - Webshop Quintsysteme","isPartOf":{"@id":"https:\/\/quintsysteme.com\/shop\/#website"},"datePublished":"2018-03-12T18:07:15+00:00","dateModified":"2021-01-03T17:07:09+00:00","description":"Leiden Sie unter E-Smog Belastung? Radikal neue Technologie zum bioenergetischen E-Smog Ausgleich - Geld zur\u00fcck-Garantie: 4 Wochen lang ohne Risiko testen!","breadcrumb":{"@id":"https:\/\/quintsysteme.com\/shop\/#breadcrumb"},"inLanguage":"de","potentialAction":[{"@type":"ReadAction","target":["https:\/\/quintsysteme.com\/shop\/"]}]},{"@type":"BreadcrumbList","@id":"https:\/\/quintsysteme.com\/shop\/#breadcrumb","itemListElement":[{"@type":"ListItem","position":1,"name":"Startseite","item":"https:\/\/quintsysteme.com\/shop\/"},{"@type":"ListItem","position":2,"name":"Shop-Startseite"}]},{"@type":"WebSite","@id":"https:\/\/quintsysteme.com\/shop\/#website","url":"https:\/\/quintsysteme.com\/shop\/","name":"Webshop Quintsysteme","description":"Heimanwendungen nach Dr. med. Christian Steiner","publisher":{"@id":"https:\/\/quintsysteme.com\/shop\/#organization"},"potentialAction":[{"@type":"SearchAction","target":{"@type":"EntryPoint","urlTemplate":"https:\/\/quintsysteme.com\/shop\/?s={search_term_string}"},"query-input":"required name=search_term_string"}],"inLanguage":"de"},{"@type":"Organization","@id":"https:\/\/quintsysteme.com\/shop\/#organization","name":"QuintSysteme","url":"https:\/\/quintsysteme.com\/shop\/","logo":{"@type":"ImageObject","inLanguage":"de","@id":"https:\/\/quintsysteme.com\/shop\/#\/schema\/logo\/image\/","url":"https:\/\/quintsysteme.com\/shop\/wp-content\/uploads\/sites\/2\/2016\/02\/shop-icon-b.png","contentUrl":"https:\/\/quintsysteme.com\/shop\/wp-content\/uploads\/sites\/2\/2016\/02\/shop-icon-b.png","width":512,"height":512,"caption":"QuintSysteme"},"image":{"@id":"https:\/\/quintsysteme.com\/shop\/#\/schema\/logo\/image\/"}}]}},"_links":{"self":[{"href":"https:\/\/quintsysteme.com\/shop\/wp-json\/wp\/v2\/pages\/860"}],"collection":[{"href":"https:\/\/quintsysteme.com\/shop\/wp-json\/wp\/v2\/pages"}],"about":[{"href":"https:\/\/quintsysteme.com\/shop\/wp-json\/wp\/v2\/types\/page"}],"author":[{"embeddable":true,"href":"https:\/\/quintsysteme.com\/shop\/wp-json\/wp\/v2\/users\/28"}],"replies":[{"embeddable":true,"href":"https:\/\/quintsysteme.com\/shop\/wp-json\/wp\/v2\/comments?post=860"}],"version-history":[{"count":62,"href":"https:\/\/quintsysteme.com\/shop\/wp-json\/wp\/v2\/pages\/860\/revisions"}],"predecessor-version":[{"id":6404,"href":"https:\/\/quintsysteme.com\/shop\/wp-json\/wp\/v2\/pages\/860\/revisions\/6404"}],"wp:attachment":[{"href":"https:\/\/quintsysteme.com\/shop\/wp-json\/wp\/v2\/media?parent=860"}],"curies":[{"name":"wp","href":"https:\/\/api.w.org\/{rel}","templated":true}]}}