{"id":362,"date":"2017-09-07T14:32:11","date_gmt":"2017-09-07T12:32:11","guid":{"rendered":"https:\/\/quintsysteme.com\/shop\/?post_type=product&#038;p=362"},"modified":"2018-03-21T14:08:15","modified_gmt":"2018-03-21T13:08:15","slug":"sleepbox","status":"publish","type":"product","link":"https:\/\/quintsysteme.com\/shop\/produkt\/sleepbox\/","title":{"rendered":"Sleepbox"},"content":{"rendered":"<h2>Die neue Sleepbox<\/h2>\n<p>Die Sleepbox erzeugt ein schwaches Informationsfeld, das Elektrosmog bioenergetisch ausgleicht und zus\u00e4tzlich entspannend wirkt. T\u00e4glich unter das Kopfkissen gelegt sorgt die Sleepbox f\u00fcr tieferen und erholsameren Schlaf. Sanft und nat\u00fcrlich, ohne Chemie, ohne Nebenwirkungen.<\/p>\n<p>Hinweis: Die Produkte von QuintSystene beruhen auf 25-j\u00e4hriger Erfahrung mit dem Ausgleich der k\u00f6rpereigenen Energie auf der Grundlage der Energie- und Informationsmedizin. Diese Prinzipien sind wissenschaftlich nicht anerkannt, die Wirkung ist wissenschaftlich nicht erwiesen.<\/p>\n","protected":false},"excerpt":{"rendered":"<p>Besser schlafen auf Knopfdruck.<\/p>\n","protected":false},"featured_media":363,"template":"","meta":[],"yoast_head":"<!-- This site is optimized with the Yoast SEO plugin v20.3 - https:\/\/yoast.com\/wordpress\/plugins\/seo\/ -->\n<title>Sleepbox - Webshop Quintsysteme<\/title>\n<meta name=\"robots\" content=\"index, follow, max-snippet:-1, max-image-preview:large, max-video-preview:-1\" \/>\n<link rel=\"canonical\" href=\"https:\/\/quintsysteme.com\/shop\/produkt\/sleepbox\/\" \/>\n<meta property=\"og:locale\" content=\"de_DE\" \/>\n<meta property=\"og:type\" content=\"article\" \/>\n<meta property=\"og:title\" content=\"Sleepbox - Webshop Quintsysteme\" \/>\n<meta property=\"og:description\" content=\"Besser schlafen auf Knopfdruck.\" \/>\n<meta property=\"og:url\" content=\"https:\/\/quintsysteme.com\/shop\/produkt\/sleepbox\/\" \/>\n<meta property=\"og:site_name\" content=\"Webshop Quintsysteme\" \/>\n<meta property=\"article:modified_time\" content=\"2018-03-21T13:08:15+00:00\" \/>\n<meta property=\"og:image\" content=\"https:\/\/quintsysteme.com\/shop\/wp-content\/uploads\/sites\/2\/2017\/09\/sleepbox-frontal.jpg\" \/>\n\t<meta property=\"og:image:width\" content=\"1000\" \/>\n\t<meta property=\"og:image:height\" content=\"1000\" \/>\n\t<meta property=\"og:image:type\" content=\"image\/jpeg\" \/>\n<meta name=\"twitter:card\" content=\"summary_large_image\" \/>\n<script type=\"application\/ld+json\" class=\"yoast-schema-graph\">{\"@context\":\"https:\/\/schema.org\",\"@graph\":[{\"@type\":\"WebPage\",\"@id\":\"https:\/\/quintsysteme.com\/shop\/produkt\/sleepbox\/\",\"url\":\"https:\/\/quintsysteme.com\/shop\/produkt\/sleepbox\/\",\"name\":\"Sleepbox - Webshop Quintsysteme\",\"isPartOf\":{\"@id\":\"https:\/\/quintsysteme.com\/shop\/#website\"},\"datePublished\":\"2017-09-07T12:32:11+00:00\",\"dateModified\":\"2018-03-21T13:08:15+00:00\",\"breadcrumb\":{\"@id\":\"https:\/\/quintsysteme.com\/shop\/produkt\/sleepbox\/#breadcrumb\"},\"inLanguage\":\"de\",\"potentialAction\":[{\"@type\":\"ReadAction\",\"target\":[\"https:\/\/quintsysteme.com\/shop\/produkt\/sleepbox\/\"]}]},{\"@type\":\"BreadcrumbList\",\"@id\":\"https:\/\/quintsysteme.com\/shop\/produkt\/sleepbox\/#breadcrumb\",\"itemListElement\":[{\"@type\":\"ListItem\",\"position\":1,\"name\":\"Startseite\",\"item\":\"https:\/\/quintsysteme.com\/shop\/\"},{\"@type\":\"ListItem\",\"position\":2,\"name\":\"Produkte\",\"item\":\"https:\/\/quintsysteme.com\/shop\/shop\/\"},{\"@type\":\"ListItem\",\"position\":3,\"name\":\"Sleepbox\"}]},{\"@type\":\"WebSite\",\"@id\":\"https:\/\/quintsysteme.com\/shop\/#website\",\"url\":\"https:\/\/quintsysteme.com\/shop\/\",\"name\":\"Webshop Quintsysteme\",\"description\":\"Heimanwendungen nach Dr. med. Christian Steiner\",\"publisher\":{\"@id\":\"https:\/\/quintsysteme.com\/shop\/#organization\"},\"potentialAction\":[{\"@type\":\"SearchAction\",\"target\":{\"@type\":\"EntryPoint\",\"urlTemplate\":\"https:\/\/quintsysteme.com\/shop\/?s={search_term_string}\"},\"query-input\":\"required name=search_term_string\"}],\"inLanguage\":\"de\"},{\"@type\":\"Organization\",\"@id\":\"https:\/\/quintsysteme.com\/shop\/#organization\",\"name\":\"QuintSysteme\",\"url\":\"https:\/\/quintsysteme.com\/shop\/\",\"logo\":{\"@type\":\"ImageObject\",\"inLanguage\":\"de\",\"@id\":\"https:\/\/quintsysteme.com\/shop\/#\/schema\/logo\/image\/\",\"url\":\"https:\/\/quintsysteme.com\/shop\/wp-content\/uploads\/sites\/2\/2016\/02\/shop-icon-b.png\",\"contentUrl\":\"https:\/\/quintsysteme.com\/shop\/wp-content\/uploads\/sites\/2\/2016\/02\/shop-icon-b.png\",\"width\":512,\"height\":512,\"caption\":\"QuintSysteme\"},\"image\":{\"@id\":\"https:\/\/quintsysteme.com\/shop\/#\/schema\/logo\/image\/\"}}]}<\/script>\n<!-- \/ Yoast SEO plugin. -->","yoast_head_json":{"title":"Sleepbox - Webshop Quintsysteme","robots":{"index":"index","follow":"follow","max-snippet":"max-snippet:-1","max-image-preview":"max-image-preview:large","max-video-preview":"max-video-preview:-1"},"canonical":"https:\/\/quintsysteme.com\/shop\/produkt\/sleepbox\/","og_locale":"de_DE","og_type":"article","og_title":"Sleepbox - Webshop Quintsysteme","og_description":"Besser schlafen auf Knopfdruck.","og_url":"https:\/\/quintsysteme.com\/shop\/produkt\/sleepbox\/","og_site_name":"Webshop Quintsysteme","article_modified_time":"2018-03-21T13:08:15+00:00","og_image":[{"width":1000,"height":1000,"url":"https:\/\/quintsysteme.com\/shop\/wp-content\/uploads\/sites\/2\/2017\/09\/sleepbox-frontal.jpg","type":"image\/jpeg"}],"twitter_card":"summary_large_image","schema":{"@context":"https:\/\/schema.org","@graph":[{"@type":"WebPage","@id":"https:\/\/quintsysteme.com\/shop\/produkt\/sleepbox\/","url":"https:\/\/quintsysteme.com\/shop\/produkt\/sleepbox\/","name":"Sleepbox - Webshop Quintsysteme","isPartOf":{"@id":"https:\/\/quintsysteme.com\/shop\/#website"},"datePublished":"2017-09-07T12:32:11+00:00","dateModified":"2018-03-21T13:08:15+00:00","breadcrumb":{"@id":"https:\/\/quintsysteme.com\/shop\/produkt\/sleepbox\/#breadcrumb"},"inLanguage":"de","potentialAction":[{"@type":"ReadAction","target":["https:\/\/quintsysteme.com\/shop\/produkt\/sleepbox\/"]}]},{"@type":"BreadcrumbList","@id":"https:\/\/quintsysteme.com\/shop\/produkt\/sleepbox\/#breadcrumb","itemListElement":[{"@type":"ListItem","position":1,"name":"Startseite","item":"https:\/\/quintsysteme.com\/shop\/"},{"@type":"ListItem","position":2,"name":"Produkte","item":"https:\/\/quintsysteme.com\/shop\/shop\/"},{"@type":"ListItem","position":3,"name":"Sleepbox"}]},{"@type":"WebSite","@id":"https:\/\/quintsysteme.com\/shop\/#website","url":"https:\/\/quintsysteme.com\/shop\/","name":"Webshop Quintsysteme","description":"Heimanwendungen nach Dr. med. Christian Steiner","publisher":{"@id":"https:\/\/quintsysteme.com\/shop\/#organization"},"potentialAction":[{"@type":"SearchAction","target":{"@type":"EntryPoint","urlTemplate":"https:\/\/quintsysteme.com\/shop\/?s={search_term_string}"},"query-input":"required name=search_term_string"}],"inLanguage":"de"},{"@type":"Organization","@id":"https:\/\/quintsysteme.com\/shop\/#organization","name":"QuintSysteme","url":"https:\/\/quintsysteme.com\/shop\/","logo":{"@type":"ImageObject","inLanguage":"de","@id":"https:\/\/quintsysteme.com\/shop\/#\/schema\/logo\/image\/","url":"https:\/\/quintsysteme.com\/shop\/wp-content\/uploads\/sites\/2\/2016\/02\/shop-icon-b.png","contentUrl":"https:\/\/quintsysteme.com\/shop\/wp-content\/uploads\/sites\/2\/2016\/02\/shop-icon-b.png","width":512,"height":512,"caption":"QuintSysteme"},"image":{"@id":"https:\/\/quintsysteme.com\/shop\/#\/schema\/logo\/image\/"}}]}},"_links":{"self":[{"href":"https:\/\/quintsysteme.com\/shop\/wp-json\/wp\/v2\/product\/362"}],"collection":[{"href":"https:\/\/quintsysteme.com\/shop\/wp-json\/wp\/v2\/product"}],"about":[{"href":"https:\/\/quintsysteme.com\/shop\/wp-json\/wp\/v2\/types\/product"}],"wp:featuredmedia":[{"embeddable":true,"href":"https:\/\/quintsysteme.com\/shop\/wp-json\/wp\/v2\/media\/363"}],"wp:attachment":[{"href":"https:\/\/quintsysteme.com\/shop\/wp-json\/wp\/v2\/media?parent=362"}],"curies":[{"name":"wp","href":"https:\/\/api.w.org\/{rel}","templated":true}]}}