{"id":803,"date":"2018-03-05T17:00:53","date_gmt":"2018-03-05T16:00:53","guid":{"rendered":"https:\/\/quintsysteme.com\/shop\/?post_type=product&#038;p=803"},"modified":"2022-04-06T12:30:18","modified_gmt":"2022-04-06T10:30:18","slug":"quintstick","status":"publish","type":"product","link":"https:\/\/quintsysteme.com\/shop\/produkt\/quintstick\/","title":{"rendered":"QuintStick"},"content":{"rendered":"<p>Bioenergetischer E-Smog-Ausgleich f\u00fcr PC und WLAN-Basisstationen. Geeignet f\u00fcr alle elektronischen Ger\u00e4te, die \u00fcber eine passende USB-Buchse verf\u00fcgen:<\/p>\n<ul>\n<li>PCs, Notebooks, Laptops<\/li>\n<li>WLAN-Basisstationen, Router<\/li>\n<li>TV-Ger\u00e4te, SAT-Receiver, DVD- oder Festplattenrecorder<\/li>\n<li>Hi-Fi-Anlagen (auch im Auto!)<\/li>\n<\/ul>\n<p>Anwendung:<br \/>\nStecken Sie den QuintStick in eine USB-Buchse Ihres PCs, Notebook-Computers oder eines anderen Ger\u00e4ts, dessen E-Smog Sie ausgleichen wollen. Die Kontrollleuchte am QuintStick zeigt an, dass das Ger\u00e4t in Betrieb ist und\u00a0 die gespeicherten Substanzschwingungen wiedergibt.<\/p>\n<p>Der QuintStick tauscht keine Daten mit Ihrem PC aus, sondern verwendet die USB-Schnittstelle ausschlie\u00dflich f\u00fcr die Stromversorgung. Daher ist auch keine Treiberinstallation n\u00f6tig. Die Funktionsweise des Ger\u00e4ts, an dem Sie den QuintStick verwenden, wird nicht beeinflusst. Der QuintStick ist f\u00fcr Dauerbetrieb ausgelegt und sollte immer angesteckt bleiben. Durch die verwendete Digitaltechnik bleiben die Frequenzspektren f\u00fcr unbegrenzte Zeit ohne Qualit\u00e4tseinbu\u00dfen gespeichert.<\/p>\n<p>Technische Daten:<br \/>\nLeistungsaufnahme: &lt; 0,1 W<br \/>\nStromaufnahme: 20 mA max.<br \/>\nDA-Konverter: 16 Bit, Samplingrate 44,1 kHz<br \/>\nGewicht: ca. 6 g<br \/>\nAbmessungen (L x B x H): 45 * 18 * 10 mm<\/p>\n<p>Hinweis: Die Produkte von QuintSystene beruhen auf 25-j\u00e4hriger Erfahrung mit dem Ausgleich der k\u00f6rpereigenen Energie auf der Grundlage der Energie- und Informationsmedizin. Diese Prinzipien sind wissenschaftlich nicht anerkannt, die Wirkung ist wissenschaftlich nicht erwiesen.<\/p>\n","protected":false},"excerpt":{"rendered":"<p>Enspannt arbeiten.<\/p>\n","protected":false},"featured_media":143,"template":"","meta":[],"yoast_head":"<!-- This site is optimized with the Yoast SEO plugin v20.3 - https:\/\/yoast.com\/wordpress\/plugins\/seo\/ -->\n<title>QuintStick - Webshop Quintsysteme<\/title>\n<meta name=\"robots\" content=\"index, follow, max-snippet:-1, max-image-preview:large, max-video-preview:-1\" \/>\n<link rel=\"canonical\" href=\"https:\/\/quintsysteme.com\/shop\/produkt\/quintstick\/\" \/>\n<meta property=\"og:locale\" content=\"de_DE\" \/>\n<meta property=\"og:type\" content=\"article\" \/>\n<meta property=\"og:title\" content=\"QuintStick - Webshop Quintsysteme\" \/>\n<meta property=\"og:description\" content=\"Enspannt arbeiten.\" \/>\n<meta property=\"og:url\" content=\"https:\/\/quintsysteme.com\/shop\/produkt\/quintstick\/\" \/>\n<meta property=\"og:site_name\" content=\"Webshop Quintsysteme\" \/>\n<meta property=\"article:modified_time\" content=\"2022-04-06T10:30:18+00:00\" \/>\n<meta property=\"og:image\" content=\"https:\/\/quintsysteme.com\/shop\/wp-content\/uploads\/sites\/2\/2016\/02\/Stick-3.jpg\" \/>\n\t<meta property=\"og:image:width\" content=\"1000\" \/>\n\t<meta property=\"og:image:height\" content=\"1000\" \/>\n\t<meta property=\"og:image:type\" content=\"image\/jpeg\" \/>\n<meta name=\"twitter:card\" content=\"summary_large_image\" \/>\n<meta name=\"twitter:label1\" content=\"Gesch\u00e4tzte Lesezeit\" \/>\n\t<meta name=\"twitter:data1\" content=\"1\u00a0Minute\" \/>\n<script type=\"application\/ld+json\" class=\"yoast-schema-graph\">{\"@context\":\"https:\/\/schema.org\",\"@graph\":[{\"@type\":\"WebPage\",\"@id\":\"https:\/\/quintsysteme.com\/shop\/produkt\/quintstick\/\",\"url\":\"https:\/\/quintsysteme.com\/shop\/produkt\/quintstick\/\",\"name\":\"QuintStick - Webshop Quintsysteme\",\"isPartOf\":{\"@id\":\"https:\/\/quintsysteme.com\/shop\/#website\"},\"datePublished\":\"2018-03-05T16:00:53+00:00\",\"dateModified\":\"2022-04-06T10:30:18+00:00\",\"breadcrumb\":{\"@id\":\"https:\/\/quintsysteme.com\/shop\/produkt\/quintstick\/#breadcrumb\"},\"inLanguage\":\"de\",\"potentialAction\":[{\"@type\":\"ReadAction\",\"target\":[\"https:\/\/quintsysteme.com\/shop\/produkt\/quintstick\/\"]}]},{\"@type\":\"BreadcrumbList\",\"@id\":\"https:\/\/quintsysteme.com\/shop\/produkt\/quintstick\/#breadcrumb\",\"itemListElement\":[{\"@type\":\"ListItem\",\"position\":1,\"name\":\"Startseite\",\"item\":\"https:\/\/quintsysteme.com\/shop\/\"},{\"@type\":\"ListItem\",\"position\":2,\"name\":\"Produkte\",\"item\":\"https:\/\/quintsysteme.com\/shop\/shop\/\"},{\"@type\":\"ListItem\",\"position\":3,\"name\":\"QuintStick\"}]},{\"@type\":\"WebSite\",\"@id\":\"https:\/\/quintsysteme.com\/shop\/#website\",\"url\":\"https:\/\/quintsysteme.com\/shop\/\",\"name\":\"Webshop Quintsysteme\",\"description\":\"Heimanwendungen nach Dr. med. Christian Steiner\",\"publisher\":{\"@id\":\"https:\/\/quintsysteme.com\/shop\/#organization\"},\"potentialAction\":[{\"@type\":\"SearchAction\",\"target\":{\"@type\":\"EntryPoint\",\"urlTemplate\":\"https:\/\/quintsysteme.com\/shop\/?s={search_term_string}\"},\"query-input\":\"required name=search_term_string\"}],\"inLanguage\":\"de\"},{\"@type\":\"Organization\",\"@id\":\"https:\/\/quintsysteme.com\/shop\/#organization\",\"name\":\"QuintSysteme\",\"url\":\"https:\/\/quintsysteme.com\/shop\/\",\"logo\":{\"@type\":\"ImageObject\",\"inLanguage\":\"de\",\"@id\":\"https:\/\/quintsysteme.com\/shop\/#\/schema\/logo\/image\/\",\"url\":\"https:\/\/quintsysteme.com\/shop\/wp-content\/uploads\/sites\/2\/2016\/02\/shop-icon-b.png\",\"contentUrl\":\"https:\/\/quintsysteme.com\/shop\/wp-content\/uploads\/sites\/2\/2016\/02\/shop-icon-b.png\",\"width\":512,\"height\":512,\"caption\":\"QuintSysteme\"},\"image\":{\"@id\":\"https:\/\/quintsysteme.com\/shop\/#\/schema\/logo\/image\/\"}}]}<\/script>\n<!-- \/ Yoast SEO plugin. -->","yoast_head_json":{"title":"QuintStick - Webshop Quintsysteme","robots":{"index":"index","follow":"follow","max-snippet":"max-snippet:-1","max-image-preview":"max-image-preview:large","max-video-preview":"max-video-preview:-1"},"canonical":"https:\/\/quintsysteme.com\/shop\/produkt\/quintstick\/","og_locale":"de_DE","og_type":"article","og_title":"QuintStick - Webshop Quintsysteme","og_description":"Enspannt arbeiten.","og_url":"https:\/\/quintsysteme.com\/shop\/produkt\/quintstick\/","og_site_name":"Webshop Quintsysteme","article_modified_time":"2022-04-06T10:30:18+00:00","og_image":[{"width":1000,"height":1000,"url":"https:\/\/quintsysteme.com\/shop\/wp-content\/uploads\/sites\/2\/2016\/02\/Stick-3.jpg","type":"image\/jpeg"}],"twitter_card":"summary_large_image","twitter_misc":{"Gesch\u00e4tzte Lesezeit":"1\u00a0Minute"},"schema":{"@context":"https:\/\/schema.org","@graph":[{"@type":"WebPage","@id":"https:\/\/quintsysteme.com\/shop\/produkt\/quintstick\/","url":"https:\/\/quintsysteme.com\/shop\/produkt\/quintstick\/","name":"QuintStick - Webshop Quintsysteme","isPartOf":{"@id":"https:\/\/quintsysteme.com\/shop\/#website"},"datePublished":"2018-03-05T16:00:53+00:00","dateModified":"2022-04-06T10:30:18+00:00","breadcrumb":{"@id":"https:\/\/quintsysteme.com\/shop\/produkt\/quintstick\/#breadcrumb"},"inLanguage":"de","potentialAction":[{"@type":"ReadAction","target":["https:\/\/quintsysteme.com\/shop\/produkt\/quintstick\/"]}]},{"@type":"BreadcrumbList","@id":"https:\/\/quintsysteme.com\/shop\/produkt\/quintstick\/#breadcrumb","itemListElement":[{"@type":"ListItem","position":1,"name":"Startseite","item":"https:\/\/quintsysteme.com\/shop\/"},{"@type":"ListItem","position":2,"name":"Produkte","item":"https:\/\/quintsysteme.com\/shop\/shop\/"},{"@type":"ListItem","position":3,"name":"QuintStick"}]},{"@type":"WebSite","@id":"https:\/\/quintsysteme.com\/shop\/#website","url":"https:\/\/quintsysteme.com\/shop\/","name":"Webshop Quintsysteme","description":"Heimanwendungen nach Dr. med. Christian Steiner","publisher":{"@id":"https:\/\/quintsysteme.com\/shop\/#organization"},"potentialAction":[{"@type":"SearchAction","target":{"@type":"EntryPoint","urlTemplate":"https:\/\/quintsysteme.com\/shop\/?s={search_term_string}"},"query-input":"required name=search_term_string"}],"inLanguage":"de"},{"@type":"Organization","@id":"https:\/\/quintsysteme.com\/shop\/#organization","name":"QuintSysteme","url":"https:\/\/quintsysteme.com\/shop\/","logo":{"@type":"ImageObject","inLanguage":"de","@id":"https:\/\/quintsysteme.com\/shop\/#\/schema\/logo\/image\/","url":"https:\/\/quintsysteme.com\/shop\/wp-content\/uploads\/sites\/2\/2016\/02\/shop-icon-b.png","contentUrl":"https:\/\/quintsysteme.com\/shop\/wp-content\/uploads\/sites\/2\/2016\/02\/shop-icon-b.png","width":512,"height":512,"caption":"QuintSysteme"},"image":{"@id":"https:\/\/quintsysteme.com\/shop\/#\/schema\/logo\/image\/"}}]}},"_links":{"self":[{"href":"https:\/\/quintsysteme.com\/shop\/wp-json\/wp\/v2\/product\/803"}],"collection":[{"href":"https:\/\/quintsysteme.com\/shop\/wp-json\/wp\/v2\/product"}],"about":[{"href":"https:\/\/quintsysteme.com\/shop\/wp-json\/wp\/v2\/types\/product"}],"wp:featuredmedia":[{"embeddable":true,"href":"https:\/\/quintsysteme.com\/shop\/wp-json\/wp\/v2\/media\/143"}],"wp:attachment":[{"href":"https:\/\/quintsysteme.com\/shop\/wp-json\/wp\/v2\/media?parent=803"}],"curies":[{"name":"wp","href":"https:\/\/api.w.org\/{rel}","templated":true}]}}