{"id":805,"date":"2018-03-06T13:26:00","date_gmt":"2018-03-06T12:26:00","guid":{"rendered":"https:\/\/quintsysteme.com\/shop\/?post_type=product&#038;p=805"},"modified":"2022-10-17T13:44:57","modified_gmt":"2022-10-17T11:44:57","slug":"quintbox-3","status":"publish","type":"product","link":"https:\/\/quintsysteme.com\/shop\/produkt\/quintbox-3\/","title":{"rendered":"QuintBox 3"},"content":{"rendered":"<p>Digitales elektronisches Ger\u00e4t zur Speicherung und Wiedergabe feinstofflicher Substanzschwingungen. Anwendung durch Tragen am K\u00f6rper (Halsband) oder nachts unter dem Kopfkissen.<\/p>\n<ul>\n<li>5 Programme<\/li>\n<li>Einstellbare Laufzeit<\/li>\n<\/ul>\n<p><strong>Achtung &#8211; das Ger\u00e4t wird unprogrammiert geliefert &#8211; lassen Sie es vor der ersten Verwendung von einem QuintSysteme-Anwender individuell f\u00fcr Sie programmieren<\/strong><\/p>\n<p>Lieferumfang:<\/p>\n<ul>\n<li>QuintBox 3<\/li>\n<li>1 Batterie AAA<\/li>\n<li>G\u00fcrtelclip<\/li>\n<li>Umh\u00e4nge\u00f6se<\/li>\n<li>Halsband<\/li>\n<li>Gebrauchsanweisung<\/li>\n<\/ul>\n<p><strong>Aus Umweltschutzgr\u00fcnden empfehlen wir die Verwendung handels\u00fcblicher Akkus (Typ AAA) statt Batterien.<\/strong><\/p>\n<p>Technische Daten:<br \/>\nLeistungsaufnahme: &lt; 0,5 W<br \/>\nStromaufnahme: 50 mA max.<br \/>\nBatterie: 1 * 1,5 V, AAA<br \/>\nDA-Konverter: 16 Bit, Samplingrate 44,1 kHz<br \/>\nGewicht ca. 38 g einschlie\u00dflich Batterie, ohne G\u00fcrtelclip bzw. Umh\u00e4nge\u00f6se<br \/>\nAbmessungen (L x B x T) 65 * 40 * 15 mm<\/p>\n<p>Hinweis: Die Produkte von QuintSystene beruhen auf 25-j\u00e4hriger Erfahrung mit dem Ausgleich der k\u00f6rpereigenen Energie auf der Grundlage der Energie- und Informationsmedizin. Diese Prinzipien sind wissenschaftlich nicht anerkannt, die Wirkung ist wissenschaftlich nicht erwiesen.<\/p>\n","protected":false},"excerpt":{"rendered":"<p>Energie auf Knopfdruck<\/p>\n","protected":false},"featured_media":807,"template":"","meta":[],"yoast_head":"<!-- This site is optimized with the Yoast SEO plugin v20.3 - https:\/\/yoast.com\/wordpress\/plugins\/seo\/ -->\n<title>QuintBox 3 - Webshop Quintsysteme<\/title>\n<meta name=\"robots\" content=\"index, follow, max-snippet:-1, max-image-preview:large, max-video-preview:-1\" \/>\n<link rel=\"canonical\" href=\"https:\/\/quintsysteme.com\/shop\/produkt\/quintbox-3\/\" \/>\n<meta property=\"og:locale\" content=\"de_DE\" \/>\n<meta property=\"og:type\" content=\"article\" \/>\n<meta property=\"og:title\" content=\"QuintBox 3 - Webshop Quintsysteme\" \/>\n<meta property=\"og:description\" content=\"Energie auf Knopfdruck\" \/>\n<meta property=\"og:url\" content=\"https:\/\/quintsysteme.com\/shop\/produkt\/quintbox-3\/\" \/>\n<meta property=\"og:site_name\" content=\"Webshop Quintsysteme\" \/>\n<meta property=\"article:modified_time\" content=\"2022-10-17T11:44:57+00:00\" \/>\n<meta property=\"og:image\" content=\"https:\/\/quintsysteme.com\/shop\/wp-content\/uploads\/sites\/2\/2018\/03\/quintbox3.jpg\" \/>\n\t<meta property=\"og:image:width\" content=\"1200\" \/>\n\t<meta property=\"og:image:height\" content=\"1200\" \/>\n\t<meta property=\"og:image:type\" content=\"image\/jpeg\" \/>\n<meta name=\"twitter:card\" content=\"summary_large_image\" \/>\n<meta name=\"twitter:label1\" content=\"Gesch\u00e4tzte Lesezeit\" \/>\n\t<meta name=\"twitter:data1\" content=\"1\u00a0Minute\" \/>\n<script type=\"application\/ld+json\" class=\"yoast-schema-graph\">{\"@context\":\"https:\/\/schema.org\",\"@graph\":[{\"@type\":\"WebPage\",\"@id\":\"https:\/\/quintsysteme.com\/shop\/produkt\/quintbox-3\/\",\"url\":\"https:\/\/quintsysteme.com\/shop\/produkt\/quintbox-3\/\",\"name\":\"QuintBox 3 - Webshop Quintsysteme\",\"isPartOf\":{\"@id\":\"https:\/\/quintsysteme.com\/shop\/#website\"},\"datePublished\":\"2018-03-06T12:26:00+00:00\",\"dateModified\":\"2022-10-17T11:44:57+00:00\",\"breadcrumb\":{\"@id\":\"https:\/\/quintsysteme.com\/shop\/produkt\/quintbox-3\/#breadcrumb\"},\"inLanguage\":\"de\",\"potentialAction\":[{\"@type\":\"ReadAction\",\"target\":[\"https:\/\/quintsysteme.com\/shop\/produkt\/quintbox-3\/\"]}]},{\"@type\":\"BreadcrumbList\",\"@id\":\"https:\/\/quintsysteme.com\/shop\/produkt\/quintbox-3\/#breadcrumb\",\"itemListElement\":[{\"@type\":\"ListItem\",\"position\":1,\"name\":\"Startseite\",\"item\":\"https:\/\/quintsysteme.com\/shop\/\"},{\"@type\":\"ListItem\",\"position\":2,\"name\":\"Produkte\",\"item\":\"https:\/\/quintsysteme.com\/shop\/shop\/\"},{\"@type\":\"ListItem\",\"position\":3,\"name\":\"QuintBox 3\"}]},{\"@type\":\"WebSite\",\"@id\":\"https:\/\/quintsysteme.com\/shop\/#website\",\"url\":\"https:\/\/quintsysteme.com\/shop\/\",\"name\":\"Webshop Quintsysteme\",\"description\":\"Heimanwendungen nach Dr. med. Christian Steiner\",\"publisher\":{\"@id\":\"https:\/\/quintsysteme.com\/shop\/#organization\"},\"potentialAction\":[{\"@type\":\"SearchAction\",\"target\":{\"@type\":\"EntryPoint\",\"urlTemplate\":\"https:\/\/quintsysteme.com\/shop\/?s={search_term_string}\"},\"query-input\":\"required name=search_term_string\"}],\"inLanguage\":\"de\"},{\"@type\":\"Organization\",\"@id\":\"https:\/\/quintsysteme.com\/shop\/#organization\",\"name\":\"QuintSysteme\",\"url\":\"https:\/\/quintsysteme.com\/shop\/\",\"logo\":{\"@type\":\"ImageObject\",\"inLanguage\":\"de\",\"@id\":\"https:\/\/quintsysteme.com\/shop\/#\/schema\/logo\/image\/\",\"url\":\"https:\/\/quintsysteme.com\/shop\/wp-content\/uploads\/sites\/2\/2016\/02\/shop-icon-b.png\",\"contentUrl\":\"https:\/\/quintsysteme.com\/shop\/wp-content\/uploads\/sites\/2\/2016\/02\/shop-icon-b.png\",\"width\":512,\"height\":512,\"caption\":\"QuintSysteme\"},\"image\":{\"@id\":\"https:\/\/quintsysteme.com\/shop\/#\/schema\/logo\/image\/\"}}]}<\/script>\n<!-- \/ Yoast SEO plugin. -->","yoast_head_json":{"title":"QuintBox 3 - Webshop Quintsysteme","robots":{"index":"index","follow":"follow","max-snippet":"max-snippet:-1","max-image-preview":"max-image-preview:large","max-video-preview":"max-video-preview:-1"},"canonical":"https:\/\/quintsysteme.com\/shop\/produkt\/quintbox-3\/","og_locale":"de_DE","og_type":"article","og_title":"QuintBox 3 - Webshop Quintsysteme","og_description":"Energie auf Knopfdruck","og_url":"https:\/\/quintsysteme.com\/shop\/produkt\/quintbox-3\/","og_site_name":"Webshop Quintsysteme","article_modified_time":"2022-10-17T11:44:57+00:00","og_image":[{"width":1200,"height":1200,"url":"https:\/\/quintsysteme.com\/shop\/wp-content\/uploads\/sites\/2\/2018\/03\/quintbox3.jpg","type":"image\/jpeg"}],"twitter_card":"summary_large_image","twitter_misc":{"Gesch\u00e4tzte Lesezeit":"1\u00a0Minute"},"schema":{"@context":"https:\/\/schema.org","@graph":[{"@type":"WebPage","@id":"https:\/\/quintsysteme.com\/shop\/produkt\/quintbox-3\/","url":"https:\/\/quintsysteme.com\/shop\/produkt\/quintbox-3\/","name":"QuintBox 3 - Webshop Quintsysteme","isPartOf":{"@id":"https:\/\/quintsysteme.com\/shop\/#website"},"datePublished":"2018-03-06T12:26:00+00:00","dateModified":"2022-10-17T11:44:57+00:00","breadcrumb":{"@id":"https:\/\/quintsysteme.com\/shop\/produkt\/quintbox-3\/#breadcrumb"},"inLanguage":"de","potentialAction":[{"@type":"ReadAction","target":["https:\/\/quintsysteme.com\/shop\/produkt\/quintbox-3\/"]}]},{"@type":"BreadcrumbList","@id":"https:\/\/quintsysteme.com\/shop\/produkt\/quintbox-3\/#breadcrumb","itemListElement":[{"@type":"ListItem","position":1,"name":"Startseite","item":"https:\/\/quintsysteme.com\/shop\/"},{"@type":"ListItem","position":2,"name":"Produkte","item":"https:\/\/quintsysteme.com\/shop\/shop\/"},{"@type":"ListItem","position":3,"name":"QuintBox 3"}]},{"@type":"WebSite","@id":"https:\/\/quintsysteme.com\/shop\/#website","url":"https:\/\/quintsysteme.com\/shop\/","name":"Webshop Quintsysteme","description":"Heimanwendungen nach Dr. med. Christian Steiner","publisher":{"@id":"https:\/\/quintsysteme.com\/shop\/#organization"},"potentialAction":[{"@type":"SearchAction","target":{"@type":"EntryPoint","urlTemplate":"https:\/\/quintsysteme.com\/shop\/?s={search_term_string}"},"query-input":"required name=search_term_string"}],"inLanguage":"de"},{"@type":"Organization","@id":"https:\/\/quintsysteme.com\/shop\/#organization","name":"QuintSysteme","url":"https:\/\/quintsysteme.com\/shop\/","logo":{"@type":"ImageObject","inLanguage":"de","@id":"https:\/\/quintsysteme.com\/shop\/#\/schema\/logo\/image\/","url":"https:\/\/quintsysteme.com\/shop\/wp-content\/uploads\/sites\/2\/2016\/02\/shop-icon-b.png","contentUrl":"https:\/\/quintsysteme.com\/shop\/wp-content\/uploads\/sites\/2\/2016\/02\/shop-icon-b.png","width":512,"height":512,"caption":"QuintSysteme"},"image":{"@id":"https:\/\/quintsysteme.com\/shop\/#\/schema\/logo\/image\/"}}]}},"_links":{"self":[{"href":"https:\/\/quintsysteme.com\/shop\/wp-json\/wp\/v2\/product\/805"}],"collection":[{"href":"https:\/\/quintsysteme.com\/shop\/wp-json\/wp\/v2\/product"}],"about":[{"href":"https:\/\/quintsysteme.com\/shop\/wp-json\/wp\/v2\/types\/product"}],"wp:featuredmedia":[{"embeddable":true,"href":"https:\/\/quintsysteme.com\/shop\/wp-json\/wp\/v2\/media\/807"}],"wp:attachment":[{"href":"https:\/\/quintsysteme.com\/shop\/wp-json\/wp\/v2\/media?parent=805"}],"curies":[{"name":"wp","href":"https:\/\/api.w.org\/{rel}","templated":true}]}}