{"id":808,"date":"2018-03-06T14:18:57","date_gmt":"2018-03-06T13:18:57","guid":{"rendered":"https:\/\/quintsysteme.com\/shop\/?post_type=product&#038;p=808"},"modified":"2022-04-06T14:16:15","modified_gmt":"2022-04-06T12:16:15","slug":"quintplug","status":"publish","type":"product","link":"https:\/\/quintsysteme.com\/shop\/produkt\/quintplug\/","title":{"rendered":"QuintPlug"},"content":{"rendered":"<p>Netzstecker f\u00fcr den bioenergetischen E-Smog-Ausgleich in Wohnung \/ Haus.<br \/>\nDer QuintPlug ist ein kompaktes elektronisches Ger\u00e4t zur bioenergetischen Kompensation von E-Smog und geopathischen Belastungen (&#8222;Erdstrahlen&#8220;), wie er typischerweise im Wohnbereich auftritt.<\/p>\n<p>Stecken Sie den QuintPlug in eine Steckdose, am besten im Schlafzimmer. Die Kontrollleuchte am QuintPlug zeigt an, dass das Ger\u00e4t in Betrieb ist und die gespeicherten Substanzschwingungen wiedergibt.<br \/>\nIm Allgemeinen gen\u00fcgt ein St\u00fcck QuintPlug pro Wohneinheit. Wenn Sie eine gr\u00f6\u00dfere Fl\u00e4che ausstatten wollen, sollten Sie f\u00fcr jede separate Elektroinstallation (also je Stromz\u00e4hler) einen eigenen QuintPlug einsetzen.<br \/>\nDer QuintPlug ist f\u00fcr Dauerbetrieb ausgelegt und sollte immer angesteckt bleiben. Da das Ger\u00e4t auf Digitaltechnik beruht, bleiben die Frequenzspektren f\u00fcr unbegrenzte Zeit permanent ohne Qualit\u00e4tseinbu\u00dfen gespeichert.<\/p>\n<p>Technische Daten:<br \/>\nBetriebsart: Dauerbetrieb<br \/>\nSchutzklasse: 2<br \/>\nSchutzart: IP 30<br \/>\nSpannung: 220-240 V ~ 50 Hz<br \/>\nLeistungsaufnahme: &lt; 1,5 VA<br \/>\nStromaufnahme: 5 mA max.<br \/>\nDA-Konverter: 16 Bit, Samplingrate 44,1 kHz<br \/>\nTemperaturbereich: Betrieb: 0\u00b0C bis +40\u00b0C<br \/>\nLuftfeuchtigkeit: 0 &#8211; 90%<br \/>\nGewicht: ca. 190 g<br \/>\nAbmessungen (L x B x H): 50 * 100 * 40 mm<\/p>\n<p>Hinweis: Die Produkte von QuintSystene beruhen auf 25-j\u00e4hriger Erfahrung mit dem Ausgleich der k\u00f6rpereigenen Energie auf der Grundlage der Energie- und Informationsmedizin. Diese Prinzipien sind wissenschaftlich nicht anerkannt, die Wirkung ist wissenschaftlich nicht erwiesen.<\/p>\n","protected":false},"excerpt":{"rendered":"<p>E-Smog-Ausgleich f\u00fcr Haus und Wohnung<\/p>\n","protected":false},"featured_media":809,"template":"","meta":[],"yoast_head":"<!-- This site is optimized with the Yoast SEO plugin v20.3 - https:\/\/yoast.com\/wordpress\/plugins\/seo\/ -->\n<title>QuintPlug - Webshop Quintsysteme<\/title>\n<meta name=\"robots\" content=\"index, follow, max-snippet:-1, max-image-preview:large, max-video-preview:-1\" \/>\n<link rel=\"canonical\" href=\"https:\/\/quintsysteme.com\/shop\/produkt\/quintplug\/\" \/>\n<meta property=\"og:locale\" content=\"de_DE\" \/>\n<meta property=\"og:type\" content=\"article\" \/>\n<meta property=\"og:title\" content=\"QuintPlug - Webshop Quintsysteme\" \/>\n<meta property=\"og:description\" content=\"E-Smog-Ausgleich f\u00fcr Haus und Wohnung\" \/>\n<meta property=\"og:url\" content=\"https:\/\/quintsysteme.com\/shop\/produkt\/quintplug\/\" \/>\n<meta property=\"og:site_name\" content=\"Webshop Quintsysteme\" \/>\n<meta property=\"article:modified_time\" content=\"2022-04-06T12:16:15+00:00\" \/>\n<meta property=\"og:image\" content=\"https:\/\/quintsysteme.com\/shop\/wp-content\/uploads\/sites\/2\/2018\/03\/QuintPlug02.jpg\" \/>\n\t<meta property=\"og:image:width\" content=\"930\" \/>\n\t<meta property=\"og:image:height\" content=\"930\" \/>\n\t<meta property=\"og:image:type\" content=\"image\/jpeg\" \/>\n<meta name=\"twitter:card\" content=\"summary_large_image\" \/>\n<meta name=\"twitter:label1\" content=\"Gesch\u00e4tzte Lesezeit\" \/>\n\t<meta name=\"twitter:data1\" content=\"1\u00a0Minute\" \/>\n<script type=\"application\/ld+json\" class=\"yoast-schema-graph\">{\"@context\":\"https:\/\/schema.org\",\"@graph\":[{\"@type\":\"WebPage\",\"@id\":\"https:\/\/quintsysteme.com\/shop\/produkt\/quintplug\/\",\"url\":\"https:\/\/quintsysteme.com\/shop\/produkt\/quintplug\/\",\"name\":\"QuintPlug - Webshop Quintsysteme\",\"isPartOf\":{\"@id\":\"https:\/\/quintsysteme.com\/shop\/#website\"},\"datePublished\":\"2018-03-06T13:18:57+00:00\",\"dateModified\":\"2022-04-06T12:16:15+00:00\",\"breadcrumb\":{\"@id\":\"https:\/\/quintsysteme.com\/shop\/produkt\/quintplug\/#breadcrumb\"},\"inLanguage\":\"de\",\"potentialAction\":[{\"@type\":\"ReadAction\",\"target\":[\"https:\/\/quintsysteme.com\/shop\/produkt\/quintplug\/\"]}]},{\"@type\":\"BreadcrumbList\",\"@id\":\"https:\/\/quintsysteme.com\/shop\/produkt\/quintplug\/#breadcrumb\",\"itemListElement\":[{\"@type\":\"ListItem\",\"position\":1,\"name\":\"Startseite\",\"item\":\"https:\/\/quintsysteme.com\/shop\/\"},{\"@type\":\"ListItem\",\"position\":2,\"name\":\"Produkte\",\"item\":\"https:\/\/quintsysteme.com\/shop\/shop\/\"},{\"@type\":\"ListItem\",\"position\":3,\"name\":\"QuintPlug\"}]},{\"@type\":\"WebSite\",\"@id\":\"https:\/\/quintsysteme.com\/shop\/#website\",\"url\":\"https:\/\/quintsysteme.com\/shop\/\",\"name\":\"Webshop Quintsysteme\",\"description\":\"Heimanwendungen nach Dr. med. Christian Steiner\",\"publisher\":{\"@id\":\"https:\/\/quintsysteme.com\/shop\/#organization\"},\"potentialAction\":[{\"@type\":\"SearchAction\",\"target\":{\"@type\":\"EntryPoint\",\"urlTemplate\":\"https:\/\/quintsysteme.com\/shop\/?s={search_term_string}\"},\"query-input\":\"required name=search_term_string\"}],\"inLanguage\":\"de\"},{\"@type\":\"Organization\",\"@id\":\"https:\/\/quintsysteme.com\/shop\/#organization\",\"name\":\"QuintSysteme\",\"url\":\"https:\/\/quintsysteme.com\/shop\/\",\"logo\":{\"@type\":\"ImageObject\",\"inLanguage\":\"de\",\"@id\":\"https:\/\/quintsysteme.com\/shop\/#\/schema\/logo\/image\/\",\"url\":\"https:\/\/quintsysteme.com\/shop\/wp-content\/uploads\/sites\/2\/2016\/02\/shop-icon-b.png\",\"contentUrl\":\"https:\/\/quintsysteme.com\/shop\/wp-content\/uploads\/sites\/2\/2016\/02\/shop-icon-b.png\",\"width\":512,\"height\":512,\"caption\":\"QuintSysteme\"},\"image\":{\"@id\":\"https:\/\/quintsysteme.com\/shop\/#\/schema\/logo\/image\/\"}}]}<\/script>\n<!-- \/ Yoast SEO plugin. -->","yoast_head_json":{"title":"QuintPlug - Webshop Quintsysteme","robots":{"index":"index","follow":"follow","max-snippet":"max-snippet:-1","max-image-preview":"max-image-preview:large","max-video-preview":"max-video-preview:-1"},"canonical":"https:\/\/quintsysteme.com\/shop\/produkt\/quintplug\/","og_locale":"de_DE","og_type":"article","og_title":"QuintPlug - Webshop Quintsysteme","og_description":"E-Smog-Ausgleich f\u00fcr Haus und Wohnung","og_url":"https:\/\/quintsysteme.com\/shop\/produkt\/quintplug\/","og_site_name":"Webshop Quintsysteme","article_modified_time":"2022-04-06T12:16:15+00:00","og_image":[{"width":930,"height":930,"url":"https:\/\/quintsysteme.com\/shop\/wp-content\/uploads\/sites\/2\/2018\/03\/QuintPlug02.jpg","type":"image\/jpeg"}],"twitter_card":"summary_large_image","twitter_misc":{"Gesch\u00e4tzte Lesezeit":"1\u00a0Minute"},"schema":{"@context":"https:\/\/schema.org","@graph":[{"@type":"WebPage","@id":"https:\/\/quintsysteme.com\/shop\/produkt\/quintplug\/","url":"https:\/\/quintsysteme.com\/shop\/produkt\/quintplug\/","name":"QuintPlug - Webshop Quintsysteme","isPartOf":{"@id":"https:\/\/quintsysteme.com\/shop\/#website"},"datePublished":"2018-03-06T13:18:57+00:00","dateModified":"2022-04-06T12:16:15+00:00","breadcrumb":{"@id":"https:\/\/quintsysteme.com\/shop\/produkt\/quintplug\/#breadcrumb"},"inLanguage":"de","potentialAction":[{"@type":"ReadAction","target":["https:\/\/quintsysteme.com\/shop\/produkt\/quintplug\/"]}]},{"@type":"BreadcrumbList","@id":"https:\/\/quintsysteme.com\/shop\/produkt\/quintplug\/#breadcrumb","itemListElement":[{"@type":"ListItem","position":1,"name":"Startseite","item":"https:\/\/quintsysteme.com\/shop\/"},{"@type":"ListItem","position":2,"name":"Produkte","item":"https:\/\/quintsysteme.com\/shop\/shop\/"},{"@type":"ListItem","position":3,"name":"QuintPlug"}]},{"@type":"WebSite","@id":"https:\/\/quintsysteme.com\/shop\/#website","url":"https:\/\/quintsysteme.com\/shop\/","name":"Webshop Quintsysteme","description":"Heimanwendungen nach Dr. med. Christian Steiner","publisher":{"@id":"https:\/\/quintsysteme.com\/shop\/#organization"},"potentialAction":[{"@type":"SearchAction","target":{"@type":"EntryPoint","urlTemplate":"https:\/\/quintsysteme.com\/shop\/?s={search_term_string}"},"query-input":"required name=search_term_string"}],"inLanguage":"de"},{"@type":"Organization","@id":"https:\/\/quintsysteme.com\/shop\/#organization","name":"QuintSysteme","url":"https:\/\/quintsysteme.com\/shop\/","logo":{"@type":"ImageObject","inLanguage":"de","@id":"https:\/\/quintsysteme.com\/shop\/#\/schema\/logo\/image\/","url":"https:\/\/quintsysteme.com\/shop\/wp-content\/uploads\/sites\/2\/2016\/02\/shop-icon-b.png","contentUrl":"https:\/\/quintsysteme.com\/shop\/wp-content\/uploads\/sites\/2\/2016\/02\/shop-icon-b.png","width":512,"height":512,"caption":"QuintSysteme"},"image":{"@id":"https:\/\/quintsysteme.com\/shop\/#\/schema\/logo\/image\/"}}]}},"_links":{"self":[{"href":"https:\/\/quintsysteme.com\/shop\/wp-json\/wp\/v2\/product\/808"}],"collection":[{"href":"https:\/\/quintsysteme.com\/shop\/wp-json\/wp\/v2\/product"}],"about":[{"href":"https:\/\/quintsysteme.com\/shop\/wp-json\/wp\/v2\/types\/product"}],"wp:featuredmedia":[{"embeddable":true,"href":"https:\/\/quintsysteme.com\/shop\/wp-json\/wp\/v2\/media\/809"}],"wp:attachment":[{"href":"https:\/\/quintsysteme.com\/shop\/wp-json\/wp\/v2\/media?parent=808"}],"curies":[{"name":"wp","href":"https:\/\/api.w.org\/{rel}","templated":true}]}}