{"id":35,"date":"2015-04-08T18:38:57","date_gmt":"2015-04-08T23:38:57","guid":{"rendered":"http:\/\/quintsysteme.com\/blog\/box\/about\/"},"modified":"2017-09-04T17:35:19","modified_gmt":"2017-09-04T15:35:19","slug":"about","status":"publish","type":"page","link":"https:\/\/quintsysteme.com\/sleepbox\/about\/","title":{"rendered":"About"},"content":{"rendered":"<div id=\"cs-content\" class=\"cs-content\"><div id=\"x-section-1\"  class=\"x-section bg-pattern\"  style=\"margin: 0px;padding: 45px 0px; background-image: url(https:\/\/quintsysteme.com\/sleepbox\/wp-content\/uploads\/sites\/4\/2016\/07\/bg-pattern.png); background-color: transparent;\"   data-x-element=\"section\" data-x-params=\"{&quot;type&quot;:&quot;pattern&quot;,&quot;parallax&quot;:false}\"><div  class=\"x-container max width\"  style=\"margin: 0px auto;padding: 0px;\"   ><div  class=\"x-column x-sm x-1-1\" style=\"padding: 0px;\" ><h1  class=\"h-custom-headline cs-ta-center h3\" style=\"color: hsl(0, 0%, 100%);\"><span>\u00dcber Quintsysteme<\/span><\/h1><h2  class=\"h-custom-headline h1\" style=\"color: hsl(0, 0%, 100%);\"><span>Pionier in digitalen Bioinformationen<\/span><\/h2><\/div><\/div><\/div><div id=\"x-section-2\"  class=\"x-section\"  style=\"margin: 0px;padding: 45px 0px; background-color: transparent;\"   ><div  class=\"x-container max width\"  style=\"margin: 20px auto 0px;padding: 0px;\"   ><div  class=\"x-column x-sm x-1-1\" style=\"padding: 0px;\" ><h2  class=\"h-custom-headline h2\" ><span>25 Jahre Erfahrung<\/span><\/h2><\/div><\/div><div  class=\"x-container max width\"  style=\"margin: 20px auto 0px;padding: 0px;\"   ><div  class=\"x-column x-sm cs-ta-center x-1-3\" style=\"padding: 0px;\" ><img  class=\"x-img x-img-none\" style=\"max-width:150px;margin-top: 100px;\" src=\"https:\/\/quintsysteme.com\/sleepbox\/wp-content\/uploads\/sites\/4\/2017\/09\/quintsysteme-logo-square.png\" alt=\"Quintsysteme Logo\"><\/div><div  class=\"x-column x-sm x-2-3\" style=\"padding: 0px; background-color:hsla(0, 0%, 99%, 0);\" ><div  class=\"x-columnize\" >Wir von <a href=\"https:\/\/quintsysteme.com\">Quintsysteme<\/a> sind Pioniere in der bioenergetischen Anwendung digitaler Substanzschwingungen. Seit 1992 befassen wir uns intensiv mit dieser Technologie und entwickeln sie st\u00e4ndig weiter. Das Verfahren bildet die technologische Grundlage f\u00fcr alle unsere Produkte. Hunderte alternative oder naturheilkundliche Praxen arbeiten erfolgreich mit der <em>QuintStation<\/em> &#8211; unserem bioenergetischen Analysesystem f\u00fcr den professionellen Einsatz.<\/p>\n<p>Die Sleepbox b\u00fcndelt unsere langj\u00e4hrigen Erfahrungen in der Anwendung digitaler Substanzspektren zur F\u00f6rderung von Entspannung und Milderung von Elektrosmog- und Stressfolgen.<\/p>\n<p>Die einzigartige Technologie der SleepBox l\u00e4sst Sie besser schlafen\u00a0\u2013 auf nat\u00fcrliche Weise, ganz ohne Chemie und ohne Nebenwirkungen.<\/p>\n<p>Sie werden begeistert sein!<\/div><\/div><\/div><\/div><div id=\"x-section-3\"  class=\"x-section\"  style=\"margin: 0px;padding: 45px 0px; background-color: hsl(194, 100%, 42%);\"   ><div  class=\"x-container max width\"  style=\"margin: 0px auto;padding: 0px;\"   ><div  class=\"x-column x-sm x-1-1\" style=\"padding: 0px;\" ><a  class=\"x-creative-cta slide-right\" href=\"https:\/\/quintsysteme.com\/sleepbox\/produkt\/sleepbox\/#\" style=\"padding: 25px 25px 25px 25px; color: #ffffff; background-color: hsla(0, 0%, 100%, 0);\" data-x-element=\"creative_cta\" data-x-params=\"{&quot;animation&quot;:&quot; slide-right&quot;,&quot;bg_color&quot;:&quot;hsla(0, 0%, 100%, 0)&quot;,&quot;bg_color_hover&quot;:&quot;hsla(0, 0%, 0%, 0)&quot;}\"><span class=\"text\" style=\"font-size: 45px;\">Die Sleepbox jetzt ohne Risiko testen!<\/span><span class=\"graphic\"><i style=\"margin: 0; font-size: 75px;\" class=\"x-icon-arrow-right\" data-x-icon=\"&#xf061;\"><\/i><\/span><\/a><\/div><\/div><\/div><\/div>\n","protected":false},"excerpt":{"rendered":"","protected":false},"author":1,"featured_media":0,"parent":0,"menu_order":0,"comment_status":"closed","ping_status":"closed","template":"template-blank-4.php","meta":[],"yoast_head":"<!-- This site is optimized with the Yoast SEO plugin v20.3 - https:\/\/yoast.com\/wordpress\/plugins\/seo\/ -->\n<title>About - Sleepbox<\/title>\n<meta name=\"robots\" content=\"index, follow, max-snippet:-1, max-image-preview:large, max-video-preview:-1\" \/>\n<link rel=\"canonical\" href=\"https:\/\/quintsysteme.com\/sleepbox\/about\/\" \/>\n<meta property=\"og:locale\" content=\"de_DE\" \/>\n<meta property=\"og:type\" content=\"article\" \/>\n<meta property=\"og:title\" content=\"About - Sleepbox\" \/>\n<meta property=\"og:url\" content=\"https:\/\/quintsysteme.com\/sleepbox\/about\/\" \/>\n<meta property=\"og:site_name\" content=\"Sleepbox\" \/>\n<meta property=\"article:modified_time\" content=\"2017-09-04T15:35:19+00:00\" \/>\n<meta name=\"twitter:card\" content=\"summary_large_image\" \/>\n<meta name=\"twitter:label1\" content=\"Gesch\u00e4tzte Lesezeit\" \/>\n\t<meta name=\"twitter:data1\" content=\"2\u00a0Minuten\" \/>\n<script type=\"application\/ld+json\" class=\"yoast-schema-graph\">{\"@context\":\"https:\/\/schema.org\",\"@graph\":[{\"@type\":\"WebPage\",\"@id\":\"https:\/\/quintsysteme.com\/sleepbox\/about\/\",\"url\":\"https:\/\/quintsysteme.com\/sleepbox\/about\/\",\"name\":\"About - Sleepbox\",\"isPartOf\":{\"@id\":\"https:\/\/quintsysteme.com\/sleepbox\/#website\"},\"datePublished\":\"2015-04-08T23:38:57+00:00\",\"dateModified\":\"2017-09-04T15:35:19+00:00\",\"breadcrumb\":{\"@id\":\"https:\/\/quintsysteme.com\/sleepbox\/about\/#breadcrumb\"},\"inLanguage\":\"de\",\"potentialAction\":[{\"@type\":\"ReadAction\",\"target\":[\"https:\/\/quintsysteme.com\/sleepbox\/about\/\"]}]},{\"@type\":\"BreadcrumbList\",\"@id\":\"https:\/\/quintsysteme.com\/sleepbox\/about\/#breadcrumb\",\"itemListElement\":[{\"@type\":\"ListItem\",\"position\":1,\"name\":\"Startseite\",\"item\":\"https:\/\/quintsysteme.com\/sleepbox\/\"},{\"@type\":\"ListItem\",\"position\":2,\"name\":\"About\"}]},{\"@type\":\"WebSite\",\"@id\":\"https:\/\/quintsysteme.com\/sleepbox\/#website\",\"url\":\"https:\/\/quintsysteme.com\/sleepbox\/\",\"name\":\"Sleepbox\",\"description\":\"Besser schlafen auf Knopfdruck\",\"potentialAction\":[{\"@type\":\"SearchAction\",\"target\":{\"@type\":\"EntryPoint\",\"urlTemplate\":\"https:\/\/quintsysteme.com\/sleepbox\/?s={search_term_string}\"},\"query-input\":\"required name=search_term_string\"}],\"inLanguage\":\"de\"}]}<\/script>\n<!-- \/ Yoast SEO plugin. -->","yoast_head_json":{"title":"About - Sleepbox","robots":{"index":"index","follow":"follow","max-snippet":"max-snippet:-1","max-image-preview":"max-image-preview:large","max-video-preview":"max-video-preview:-1"},"canonical":"https:\/\/quintsysteme.com\/sleepbox\/about\/","og_locale":"de_DE","og_type":"article","og_title":"About - Sleepbox","og_url":"https:\/\/quintsysteme.com\/sleepbox\/about\/","og_site_name":"Sleepbox","article_modified_time":"2017-09-04T15:35:19+00:00","twitter_card":"summary_large_image","twitter_misc":{"Gesch\u00e4tzte Lesezeit":"2\u00a0Minuten"},"schema":{"@context":"https:\/\/schema.org","@graph":[{"@type":"WebPage","@id":"https:\/\/quintsysteme.com\/sleepbox\/about\/","url":"https:\/\/quintsysteme.com\/sleepbox\/about\/","name":"About - Sleepbox","isPartOf":{"@id":"https:\/\/quintsysteme.com\/sleepbox\/#website"},"datePublished":"2015-04-08T23:38:57+00:00","dateModified":"2017-09-04T15:35:19+00:00","breadcrumb":{"@id":"https:\/\/quintsysteme.com\/sleepbox\/about\/#breadcrumb"},"inLanguage":"de","potentialAction":[{"@type":"ReadAction","target":["https:\/\/quintsysteme.com\/sleepbox\/about\/"]}]},{"@type":"BreadcrumbList","@id":"https:\/\/quintsysteme.com\/sleepbox\/about\/#breadcrumb","itemListElement":[{"@type":"ListItem","position":1,"name":"Startseite","item":"https:\/\/quintsysteme.com\/sleepbox\/"},{"@type":"ListItem","position":2,"name":"About"}]},{"@type":"WebSite","@id":"https:\/\/quintsysteme.com\/sleepbox\/#website","url":"https:\/\/quintsysteme.com\/sleepbox\/","name":"Sleepbox","description":"Besser schlafen auf Knopfdruck","potentialAction":[{"@type":"SearchAction","target":{"@type":"EntryPoint","urlTemplate":"https:\/\/quintsysteme.com\/sleepbox\/?s={search_term_string}"},"query-input":"required name=search_term_string"}],"inLanguage":"de"}]}},"_links":{"self":[{"href":"https:\/\/quintsysteme.com\/sleepbox\/wp-json\/wp\/v2\/pages\/35"}],"collection":[{"href":"https:\/\/quintsysteme.com\/sleepbox\/wp-json\/wp\/v2\/pages"}],"about":[{"href":"https:\/\/quintsysteme.com\/sleepbox\/wp-json\/wp\/v2\/types\/page"}],"author":[{"embeddable":true,"href":"https:\/\/quintsysteme.com\/sleepbox\/wp-json\/wp\/v2\/users\/1"}],"replies":[{"embeddable":true,"href":"https:\/\/quintsysteme.com\/sleepbox\/wp-json\/wp\/v2\/comments?post=35"}],"version-history":[{"count":13,"href":"https:\/\/quintsysteme.com\/sleepbox\/wp-json\/wp\/v2\/pages\/35\/revisions"}],"predecessor-version":[{"id":834,"href":"https:\/\/quintsysteme.com\/sleepbox\/wp-json\/wp\/v2\/pages\/35\/revisions\/834"}],"wp:attachment":[{"href":"https:\/\/quintsysteme.com\/sleepbox\/wp-json\/wp\/v2\/media?parent=35"}],"curies":[{"name":"wp","href":"https:\/\/api.w.org\/{rel}","templated":true}]}}